{"id":1270,"date":"2017-02-16T17:40:05","date_gmt":"2017-02-16T16:40:05","guid":{"rendered":"https:\/\/blogs.autodesk.com\/bimblog\/?page_id=1270"},"modified":"2022-01-19T15:26:53","modified_gmt":"2022-01-19T14:26:53","slug":"revit-content-online-bibliotheken-mit-10-000en-familien-als-download-beitrag-wird-regelmasig-aktualisiert","status":"publish","type":"page","link":"https:\/\/blogs.autodesk.com\/bimblog\/revit-content-online-bibliotheken-mit-10-000en-familien-als-download-beitrag-wird-regelmasig-aktualisiert\/","title":{"rendered":"Revit Online Bibliotheken"},"content":{"rendered":"<div class=\"entry-body\">\n<h4><strong>Online Bibliotheken mit 10.000en Familien als Download &#8211; Wird regelm\u00e4\u00dfig aktualisiert (gern auch mit Ihrer Unterst\u00fctzung)<\/strong><\/h4>\n<p>Bibliotheksbauteile kann es nicht genug geben, f\u00fcr jedes Projekt werden andere Familien ben\u00f6tigt und zum Gl\u00fcck k\u00f6nnen diese in Revit auch selbst parametrisch modelliert werden, ohne Programmierer zu sein.<\/p>\n<div class=\"entry-content\">\n<p>Aber warum Familien selbst erstellen, wenn es unz\u00e4hlige Bibliotheken mit 10.000en Familien schon online gibt.<\/p>\n<p>In der folgenden Liste haben wir angefangen, die uns bekannten Familienbibliotheken aufzulisten. <strong>\u00dcber den Link im oberen Bereich des BIM Blog&#8217;s werden wir dauerhaft auf diese Liste verweisen und sie regelm\u00e4\u00dfig anpassen<\/strong>. Sollten Sie z.B. als Hersteller Revit Content f\u00fcr Kunden anbieten, am besten nat\u00fcrlich kostenfrei, dann k\u00f6nnen Sie uns gern informieren und wir erweitern die Liste.<\/p>\n<p>Und nun viel Spa\u00df und erfolgreiche Projekte mit den besten Familien in Revit:<\/p>\n<h4><strong>Herstellerspezifischer Content: Portale<\/strong><\/h4>\n<table border=\"1\" cellspacing=\"0\" cellpadding=\"0\">\n<tbody>\n<tr>\n<td valign=\"top\" width=\"150\"><a href=\"http:\/\/bimobject.com\/\" target=\"_blank\" rel=\"noopener noreferrer\">Bimobject<\/a><br \/>\nkostenfrei<\/td>\n<td valign=\"top\" width=\"400\">Riesige Bibliothek mit Downloads verschiedener deutscher und internationaler Hersteller<\/td>\n<\/tr>\n<tr>\n<td valign=\"top\" width=\"246\"><a href=\"https:\/\/www.bimsystems.de\/\" target=\"_blank\" rel=\"noopener noreferrer\">BIMwelt Systems<\/a> <span style=\"color: #ff0000\">(neu)<br \/>\n<\/span>kostenfrei<\/td>\n<td valign=\"top\" width=\"237\">Das Bauteilmanagement-System (BMS) von BIMwelt Systems erm\u00f6glicht die Vernetzung von Schnittstellen &amp; den ungehinderten Austausch von Daten. \u201eIntelligente\u201c BIM-Objekte kennen Ihren Zusammenhang mit anderen Geb\u00e4udebauteilen und k\u00f6nnen zudem Planer- und Software\u00fcbergreifend genutzt werden. Dynamische Anbindung an die Herstellersysteme erm\u00f6glicht eine st\u00e4ndige Aktualit\u00e4t von Objekten und Content<\/td>\n<\/tr>\n<tr>\n<td valign=\"top\" width=\"246\"><a href=\"https:\/\/bimcatalogs.partcommunity.com\/3d-cad-models\/\" target=\"_blank\" rel=\"noopener noreferrer\">BIM catalogs.net<\/a><span style=\"color: #ff0000\"><br \/>\n<\/span>kostenfrei<\/td>\n<td valign=\"top\" width=\"237\">Produktions- und Planungsdaten f\u00fcr Marketing, Vertrieb, Planer und Architekten<br \/>\n(z.B. ABB, Dorma, hansgrohe, Klafs, Roto, Velux, Viessmann, Z\u00fcblin, uvm.)<\/td>\n<\/tr>\n<tr>\n<td valign=\"top\" width=\"246\"><a href=\"http:\/\/www.bimstore.co.uk\/\">bimstore.co.uk<\/a><br \/>\nkostenfrei<\/td>\n<td valign=\"top\" width=\"237\">Englisch-sprachiges Portal zum kostenlosen Download von freien Familien und Herstellerdaten.<\/td>\n<\/tr>\n<tr>\n<td valign=\"top\" width=\"246\"><a href=\"https:\/\/mepcontent.eu\/\">mepcontent.eu<\/a><strong><br \/>\n<\/strong>kostenfrei<\/td>\n<td valign=\"top\" width=\"237\">Multilinguales Portal zum kostenlosen Download von Herstellerdaten aus dem Bereich MEP<\/td>\n<\/tr>\n<tr>\n<td valign=\"top\" width=\"246\"><a href=\"http:\/\/www.nationalbimlibrary.com\/\">nationalbimlibrary.com<\/a><strong><br \/>\n<\/strong>kostenfrei<\/td>\n<td valign=\"top\" width=\"237\">Englisch-sprachiges Portal zum kostenlosen Download von freien Familien und Herstellerdaten<\/td>\n<\/tr>\n<tr>\n<td valign=\"top\" width=\"246\"><a href=\"http:\/\/revitbay.com\/\">revitbay.com<\/a><br \/>\nkostenpflichtig<\/td>\n<td valign=\"top\" width=\"237\">Ca. 700 Familien verschiedener Bereiche, nach Herstellern sortiert, wie z.B. Sony, Bang &amp; Olufsen, Ralph Lauren, Villeroy &amp; Boch,&#8230;<\/td>\n<\/tr>\n<tr>\n<td valign=\"top\" width=\"246\"><a href=\"http:\/\/revitfamiliesonline.com\/?tag=revit-family-download\">revitfamiliesonline.com<\/a><br \/>\nkostenfrei<\/td>\n<td valign=\"top\" width=\"237\">Online Portal in englischer Sprache zum kostenlosen Download von derzeit nur internationalen Herstellermodellen.<\/td>\n<\/tr>\n<tr>\n<td valign=\"top\" width=\"246\"><a href=\"http:\/\/www.smartbim.com\/\">smartbim.com<\/a><br \/>\nkostenfrei<\/td>\n<td valign=\"top\" width=\"237\">Enorme Datenbank mit kostenlosen Herstellerdaten als Revit Familien.<\/td>\n<\/tr>\n<tr>\n<td valign=\"top\" width=\"246\"><a href=\"https:\/\/www.traceparts.com\/de\" target=\"_blank\" rel=\"noopener noreferrer\">Traceparts<\/a><strong><br \/>\n<\/strong>kostenfrei<\/td>\n<td valign=\"top\" width=\"237\">Kauf- und Normteilsammlung von 3D- und 2D-Daten<\/td>\n<\/tr>\n<\/tbody>\n<\/table>\n<h4><strong>Herstellerspezifischer Content: Webseiten<\/strong><\/h4>\n<table border=\"1\" cellspacing=\"0\" cellpadding=\"0\">\n<tbody>\n<tr>\n<td valign=\"top\" width=\"246\"><a href=\"https:\/\/www.building360.ch\/bauteilkataloge\">BUILDing360 Content<\/a> <span style=\"color: #ff0000\">(neu)<br \/>\n<\/span>kostenfrei, Zugriff auf Online-Bauteildatenbank \u00fcber kostenloses Plugin (RevitFamilyBrowser)<\/td>\n<td valign=\"top\" width=\"237\">Fast 3000 generische HLSKE Bauteile mit Platzhaltern f\u00fcr Herstellerinformationen.<br \/>\n<a href=\"https:\/\/webcatalog.building360.ch\/\" target=\"_blank\" rel=\"noopener noreferrer\">Hier finden Sie eine Katalogvorschau<\/a><\/td>\n<\/tr>\n<tr>\n<td valign=\"top\" width=\"246\"><a href=\"https:\/\/commend.com\/bim\" target=\"_blank\" rel=\"noopener\">commend.com\/bim<\/a> <span style=\"color: #ff0000\">(neu)<br \/>\n<\/span>kostenfrei, aber Registrierung notwendig<\/td>\n<td valign=\"top\" width=\"237\">Systeme f\u00fcr den Schutz von Personen, Geb\u00e4uden und Werten<\/td>\n<\/tr>\n<tr>\n<td valign=\"top\" width=\"246\"><a href=\"http:\/\/www.dorma.com\/gb\/en\/support\/building-information-object-content\/index.html\">dorma.com<\/a><br \/>\nkostenfrei<\/td>\n<td valign=\"top\" width=\"237\">Dorma Produktportfolio<\/td>\n<\/tr>\n<tr>\n<td valign=\"top\" width=\"246\"><a href=\"http:\/\/www.erco.com\/products\/download-5861\/de\/index.php\">erco.com<\/a><br \/>\nkostenfrei<\/td>\n<td valign=\"top\" width=\"237\">EIS Daten f\u00fcr ERCO Leuchten<\/td>\n<\/tr>\n<tr>\n<td valign=\"top\" width=\"246\"><a href=\"http:\/\/www.geberit.com.au\/en_au\/target_groups\/architect\/design_with_geberit\/3d_revit_files\/revit_files_1.html\">geberit.com<\/a><br \/>\nkostenfrei<\/td>\n<td valign=\"top\" width=\"237\">Sanit\u00e4rbauteile<\/td>\n<\/tr>\n<tr>\n<td valign=\"top\" width=\"246\"><a href=\"https:\/\/www.gealan.de\/de\/architekten-designer\/bim\" target=\"_blank\" rel=\"noopener\">GEALAN<\/a><br \/>\nkostenfrei<\/td>\n<td valign=\"top\" width=\"237\">Konfigurator f\u00fcr Fenster und T\u00fcren<\/p>\n<ul>\n<li>Erstellen eigener Revit Familien f\u00fcr Fenster und T\u00fcren<\/li>\n<li>Verschiedene Detaillierungsgrade der Revit Familien<\/li>\n<li>Geringe Datengr\u00f6\u00dfe der Revit Familien<\/li>\n<li>\u00dcberpr\u00fcfung auf technische Machbarkeit<\/li>\n<\/ul>\n<p>Unterst\u00fctzung bei der einfachen Nutzung durch Tutorial Videos<\/td>\n<\/tr>\n<tr>\n<td valign=\"top\" width=\"246\"><a href=\"http:\/\/www.grohe.com\/de\/29009\/service-angebote\/bim-daten\/\">grohe.com<\/a><br \/>\nkostenfrei<\/td>\n<td valign=\"top\" width=\"237\">Sanit\u00e4robjekte f\u00fcr Revit<\/td>\n<\/tr>\n<tr>\n<td valign=\"top\" width=\"246\"><a href=\"http:\/\/www.hermanmiller.com\/design-resources\/3d-models-cad-drawings\/3d-models\/seating.html\">hermanmiller.com<\/a><br \/>\nkostenfrei<\/td>\n<td valign=\"top\" width=\"237\">M\u00f6belhersteller mit Downloadbibliothek von Designklassikern wie Charles Eames Mobiliar.<\/td>\n<\/tr>\n<tr>\n<td valign=\"top\" width=\"150\"><a href=\"http:\/\/www.hilti.com\/\">hilti.com<\/a><br \/>\nkostenfrei<\/td>\n<td valign=\"top\" width=\"400\">Online Portal zum kostenlosen Download von Herstellerdaten. Plugin f\u00fcr Revit und AutoCAD erh\u00e4ltlich.<\/td>\n<\/tr>\n<tr>\n<td valign=\"top\" width=\"246\"><a title=\"KERMI\" href=\"http:\/\/www.kermi.de\/bim\" target=\"_blank\" rel=\"noopener noreferrer\">kermi.de<\/a><br \/>\nkostenfrei<\/td>\n<td valign=\"top\" width=\"237\">Download von Kermi W\u00e4rmepumpen, Speicher, Heizk\u00f6rper als Revit Familien<\/td>\n<\/tr>\n<tr>\n<td valign=\"top\" width=\"246\"><a href=\"http:\/\/www.knauf.co.uk\/design-support\/bim\">knauf.co.uk<\/a><br \/>\nkostenfrei<\/td>\n<td valign=\"top\" width=\"237\">Trockenbausysteme<\/td>\n<\/tr>\n<tr>\n<td valign=\"top\" width=\"246\"><a href=\"https:\/\/toolbox.kone.com\/de_DE#building\" target=\"_blank\" rel=\"noopener noreferrer\">kone.com<\/a><br \/>\nkostenfrei<\/td>\n<td valign=\"top\" width=\"237\">Aufz\u00fcge<\/td>\n<\/tr>\n<tr>\n<td valign=\"top\" width=\"246\"><a href=\"http:\/\/www.owa.de\/de\/owa-consult\/owaconsult-designer\/\" target=\"_blank\" rel=\"noopener noreferrer\">owa.de<\/a><br \/>\nkostenfrei<\/td>\n<td valign=\"top\" width=\"237\">Abh\u00e4ngdecken, Sonderausstattungsfamilien wie z.B. Absorber und Beleuchtungsfamilien<\/td>\n<\/tr>\n<tr>\n<td valign=\"top\" width=\"246\"><a href=\"http:\/\/www.schuecoworkspace.nl\/bim-revit-families\">SCH\u00dcCO<\/a><br \/>\nkostenfrei<\/td>\n<td valign=\"top\" width=\"237\">Fassadensysteme<\/td>\n<\/tr>\n<tr>\n<td valign=\"top\" width=\"246\"><a href=\"http:\/\/www.steelcase.com\/en\/resources\/design\/revit\/pages\/main.aspx\">steelcase.com<\/a><br \/>\nkostenfrei<\/td>\n<td valign=\"top\" width=\"237\">Designer M\u00f6bel im Bereich Wohnen und Arbeiten kostenlos downloaden.<\/td>\n<\/tr>\n<tr>\n<td valign=\"top\" width=\"246\"><a title=\"TRILUX\" href=\"https:\/\/www.trilux.com\/de\/service\/downloads\/software-und-tools\/revit\/\" target=\"_blank\" rel=\"noopener noreferrer\">trilux.com<\/a><br \/>\nkostenfrei<\/td>\n<td valign=\"top\" width=\"237\">Leuchten und Lichtl\u00f6sungen<\/td>\n<\/tr>\n<tr>\n<td valign=\"top\" width=\"246\"><a href=\"https:\/\/windoplan.veka.com\/\" target=\"_blank\" rel=\"noopener noreferrer\">veka.de<\/a><br \/>\nkostenfrei<\/td>\n<td valign=\"top\" width=\"237\">Kunststofffenster und -t\u00fcren<\/td>\n<\/tr>\n<tr>\n<td valign=\"top\" width=\"246\"><a href=\"http:\/\/www.modularesoberlichtsystem.velux.de\/cad-bim\" target=\"_blank\" rel=\"noopener noreferrer\">velux.de<\/a><br \/>\nkostenfrei<\/td>\n<td valign=\"top\" width=\"237\">Modulares Oberlicht-System f\u00fcr Revit<\/td>\n<\/tr>\n<tr>\n<td valign=\"top\" width=\"246\"><a href=\"http:\/\/de.wavin.com\/web\/bim-revit.htm\" target=\"_blank\" rel=\"noopener noreferrer\">wavin.com<\/a><br \/>\nkostenfrei<\/td>\n<td valign=\"top\" width=\"237\">Kunststoff-Rohrsysteme<\/p>\n<p>&#8211; SiTech+ Komfort-Abwassersystem<br \/>\n&#8211; Wavin AS Premium-Abwassersystem<br \/>\n&#8211; Tigris Installationsrohrsystem<\/td>\n<\/tr>\n<tr>\n<td valign=\"top\" width=\"246\"><a href=\"http:\/\/www.zumtobel.com\/\">zumtobel.com<\/a><br \/>\nkostenfrei<\/td>\n<td valign=\"top\" width=\"237\">Online Portal zum kostenlosen Download von Herstellermodellen und &#8211; EIS Daten.<\/td>\n<\/tr>\n<\/tbody>\n<\/table>\n<p>Bitte beachten Sie, dass viele Hersteller nur \u00fcber kommerzielle Downloadportale (siehe oben) kostenfrei verf\u00fcgbar sind. Dort finden Sie weitere Hersteller.<\/p>\n<h4><strong>Generischer Content kostenpflichtig<\/strong><\/h4>\n<table border=\"1\" cellspacing=\"0\" cellpadding=\"0\">\n<tbody>\n<tr>\n<td valign=\"top\" width=\"150\"><a href=\"http:\/\/www.andekan.com\/\">andekan.com<\/a><br \/>\nkostenpflichtig<\/td>\n<td valign=\"top\" width=\"400\">Dienstleister zur Erstellung von Revit Familien, kostenloser Download von Beispielen, kostenpflichtiger Download des Knauf &#8211; Trockenbauprogrammes f\u00fcr W\u00e4nde.<\/td>\n<\/tr>\n<tr>\n<td valign=\"top\" width=\"150\"><a href=\"http:\/\/www.arroway-textures.com\/\">arroway-textures.com<\/a><br \/>\nkostenpflichtig<\/td>\n<td valign=\"top\" width=\"400\">Downloadportal von Materialien in sehr guter Qualit\u00e4t.<\/td>\n<\/tr>\n<tr>\n<td valign=\"top\" width=\"150\"><a title=\"http:\/\/www.cadstudio.com\" href=\"http:\/\/www.cadstudio.com\/produkt\/revit-projectbox-mep\" target=\"_blank\" rel=\"noopener noreferrer\">cadstudio.com<\/a><br \/>\nkostenpflichtig<\/td>\n<td valign=\"top\" width=\"400\">Die Haustechnikl\u00f6sung: Perfektionierte Projektvorlagen, umfangreiche und vor allem praxisorientierte Revit-Familien aus dem Bereich HLSE f\u00fcr die Konstruktion, Beschriftung und Auswertung.<\/td>\n<\/tr>\n<tr>\n<td valign=\"top\" width=\"150\"><a href=\"https:\/\/www.formfonts.com\/%20\">formfonts.com<\/a><br \/>\nkostenpflichtig<\/td>\n<td valign=\"top\" width=\"400\">\u00dcber 2800 Familien und Projekte mit M\u00f6beln, Einrichtungsgegenst\u00e4nden, Fahrzeugen, Landschaftsarchitektur, etc.<\/td>\n<\/tr>\n<tr>\n<td valign=\"top\" width=\"150\"><a href=\"http:\/\/www.revit-content.com\/\">revit-content.com<\/a><br \/>\nkostenpflichtig<\/td>\n<td valign=\"top\" width=\"400\">Internationaler Anbieter von hochparametrisierten Revit Familien &#8211; das Angebot reicht von fertigen &#8220;all &#8211; in &#8211; one Familien&#8221; bis zur Erstellung von Familien nach ihren Bed\u00fcrfnissen.<\/td>\n<\/tr>\n<tr>\n<td valign=\"top\" width=\"150\"><a href=\"http:\/\/revitfamiliesonline.com\/\">revitfamiliesonline.com<\/a><br \/>\nkostenpflichtig<\/td>\n<td valign=\"top\" width=\"400\">Kleine aber feine Bibliothek vorwiegend von Fahrzeugen.<\/td>\n<\/tr>\n<tr>\n<td valign=\"top\" width=\"150\"><a href=\"http:\/\/www.turbosquid.com\/\">turbosquid.com<\/a><br \/>\nkostenpflichtig<\/td>\n<td valign=\"top\" width=\"400\">Englisch-sprachiges Portal zum Download kostenpflichtiger Bauteile in verschiedenen Formaten.<\/td>\n<\/tr>\n<tr>\n<td valign=\"top\" width=\"150\"><a href=\"http:\/\/www.therevitcollection.com\/\">therevitcollection.com<\/a><br \/>\nkostenpflichtig<\/td>\n<td valign=\"top\" width=\"400\">Englisch-sprachiges Portal zum Download kostenpflichtiger Bauteile als Revit Familien.<\/td>\n<\/tr>\n<\/tbody>\n<\/table>\n<h4><strong>Generischer Content kostenfrei<\/strong><\/h4>\n<table border=\"1\" cellspacing=\"0\" cellpadding=\"0\">\n<tbody>\n<tr>\n<td valign=\"top\" width=\"246\"><a href=\"http:\/\/www.arcat.com\/bim\/bim_objects.shtml\">arcat.com<\/a><br \/>\nkostenfrei<\/td>\n<td valign=\"top\" width=\"237\">Downloadportal f\u00fcr herstellerunabh\u00e4ngigen Content.<\/td>\n<\/tr>\n<tr>\n<td valign=\"top\" width=\"246\"><a href=\"http:\/\/www.bimstop.com\/bim-content\/\">bimstop.com<\/a><br \/>\nkostenfrei<\/td>\n<td valign=\"top\" width=\"237\">Downloadportal f\u00fcr herstellerunabh\u00e4ngigen Content.<\/td>\n<\/tr>\n<tr>\n<td valign=\"top\" width=\"246\"><a href=\"https:\/\/www.building360.ch\/bauteilkataloge\">BUILDing360 Content<\/a> <span style=\"color: #ff0000\">(neu)<br \/>\n<\/span>kostenfrei, Zugriff auf Online-Bauteildatenbank \u00fcber kostenloses Plugin (RevitFamilyBrowser)<\/td>\n<td valign=\"top\" width=\"237\">Fast 3000 generische HLSKE Bauteile mit Platzhaltern f\u00fcr Herstellerinformationen.<br \/>\n<a href=\"https:\/\/webcatalog.building360.ch\/\" target=\"_blank\" rel=\"noopener noreferrer\">Hier finden Sie eine Katalogvorschau<\/a><\/td>\n<\/tr>\n<tr>\n<td valign=\"top\" width=\"246\"><a href=\"http:\/\/www.cadforum.cz\/catalog_en\/?fo=RFA\">cadforum.cz<\/a><br \/>\nkostenfrei<\/td>\n<td valign=\"top\" width=\"237\">Downloadportal f\u00fcr herstellerunabh\u00e4ngigen Content.<\/td>\n<\/tr>\n<tr>\n<td valign=\"top\" width=\"246\"><a href=\"http:\/\/www.digipara.com\/Elevatorarchitect.aspx#sthash.c4Q7Nizh.dpbs\">digipara.com<\/a><br \/>\nkostenfrei<\/td>\n<td valign=\"top\" width=\"237\">Kostenloses Plugin zum parametrischen Generieren von Aufz\u00fcgen<\/td>\n<\/tr>\n<tr>\n<td valign=\"top\" width=\"246\"><a href=\"http:\/\/grabcad.com\/library\">grabcad.com<\/a><br \/>\nkostenfrei<\/td>\n<td valign=\"top\" width=\"237\">Downloadportal f\u00fcr herstellerunabh\u00e4ngigen Content.<\/td>\n<\/tr>\n<tr>\n<td valign=\"top\" width=\"246\"><a href=\"http:\/\/parametriccomponents.com\/\">parametriccomponents.com<\/a><br \/>\nkostenfrei<\/td>\n<td valign=\"top\" width=\"237\">Downloadportal f\u00fcr herstellerunabh\u00e4ngigen Content.<\/td>\n<\/tr>\n<tr>\n<td valign=\"top\" width=\"150\"><a href=\"http:\/\/www.revitcity.com\/\">revitcity.com<\/a><br \/>\nkostenfrei<\/td>\n<td valign=\"top\" width=\"400\">Downloadportal f\u00fcr herstellerunabh\u00e4ngigen Content.<\/td>\n<\/tr>\n<tr>\n<td valign=\"top\" width=\"246\"><a href=\"http:\/\/www.syncronia.com\/\">syncronia.com<\/a><br \/>\nkostenfrei<\/td>\n<td valign=\"top\" width=\"237\">Viele Texturen und einige Modelle<\/td>\n<\/tr>\n<\/tbody>\n<\/table>\n<p>Die hier aufgef\u00fchrten Listen erheben keinen Anspruch auf Vollst\u00e4ndigkeit. Das verf\u00fcgbare Portfolio w\u00e4chst stetig und beinhaltet noch viele weitere Seiten, die wir hier leider nicht alle zusammentragen konnten.<\/p>\n<\/div>\n<\/div>\n","protected":false},"excerpt":{"rendered":"<p>Online Bibliotheken mit 10.000en Familien als Download &#8211; Wird regelm\u00e4\u00dfig aktualisiert (gern auch mit Ihrer Unterst\u00fctzung)<\/p>\n<p>Bibliotheksbauteile kann es nicht genug geben, f\u00fcr jedes Projekt werden andere Familien ben\u00f6tigt und zum Gl\u00fcck k\u00f6nnen diese in Revit auch selbst parametrisch modelliert werden, ohne Programmierer zu sein.<\/p>\n<p>Aber warum Familien selbst erstellen,<\/p>\n","protected":false},"author":4685,"featured_media":0,"parent":0,"menu_order":0,"comment_status":"closed","ping_status":"closed","template":"","meta":{"_acf_changed":false,"inline_featured_image":false,"footnotes":""},"class_list":["post-1270","page","type-page","status-publish","hentry"],"acf":[],"_links":{"self":[{"href":"https:\/\/blogs.autodesk.com\/bimblog\/wp-json\/wp\/v2\/pages\/1270","targetHints":{"allow":["GET"]}}],"collection":[{"href":"https:\/\/blogs.autodesk.com\/bimblog\/wp-json\/wp\/v2\/pages"}],"about":[{"href":"https:\/\/blogs.autodesk.com\/bimblog\/wp-json\/wp\/v2\/types\/page"}],"author":[{"embeddable":true,"href":"https:\/\/blogs.autodesk.com\/bimblog\/wp-json\/wp\/v2\/users\/4685"}],"replies":[{"embeddable":true,"href":"https:\/\/blogs.autodesk.com\/bimblog\/wp-json\/wp\/v2\/comments?post=1270"}],"version-history":[{"count":0,"href":"https:\/\/blogs.autodesk.com\/bimblog\/wp-json\/wp\/v2\/pages\/1270\/revisions"}],"wp:attachment":[{"href":"https:\/\/blogs.autodesk.com\/bimblog\/wp-json\/wp\/v2\/media?parent=1270"}],"curies":[{"name":"wp","href":"https:\/\/api.w.org\/{rel}","templated":true}]}}