{"id":3857,"date":"2018-03-22T11:03:07","date_gmt":"2018-03-22T10:03:07","guid":{"rendered":"https:\/\/blogs.autodesk.com\/bimblog\/?page_id=3857"},"modified":"2019-04-24T18:02:38","modified_gmt":"2019-04-24T16:02:38","slug":"fenster","status":"publish","type":"page","link":"https:\/\/blogs.autodesk.com\/bimblog\/bibliothek\/fenster\/","title":{"rendered":"Fenster"},"content":{"rendered":"<p><strong>F\u00fcr Revit 2019 sind die Fenster f\u00fcr Deutschland, \u00d6sterreich und die Schweiz komplett \u00fcberarbeitet, vereinheitlicht sowie stark erweitert worden!<\/strong><\/p>\n<p><strong>In Revit 2020 wurden die Fenster, um die M\u00f6glichkeit Sprossen hinzuzuf\u00fcgen, erweitert.<\/strong> Durch Klick auf das folgende Bild werden Sie auf die zugeh\u00f6rige Seite weitergeleitet.<\/p>\n<p><a href=\"https:\/\/blogs.autodesk.com\/bimblog\/bibliothek\/fenster\/fenstersprossen\/\"><img loading=\"lazy\" decoding=\"async\" class=\"alignnone wp-image-4043\" src=\"https:\/\/blogs.autodesk.com\/bimblog\/wp-content\/uploads\/sites\/108\/2019\/04\/Fenstersprossen.jpg\" alt=\"\" width=\"120\" height=\"120\" \/><\/a><\/p>\n<p>Ausgehend von den schon sehr intelligenten Fenstern der bisherigen \u00d6sterreich Bibliotheken wurden die besten und intelligentesten Fenster erstellt, die es unserer Meinung nach je f\u00fcr Revit gegeben hat, <strong>parametrisch <\/strong>und damit <strong>flexibel anpassbar<\/strong> und nutzbar <strong>f\u00fcr jeden Kunden in allen deutschsprachigen L\u00e4ndern<\/strong> sowie <strong>gleichzeitig f\u00fcr Architekten und Ingenieure<\/strong>! Trotz der Komplexit\u00e4t bleiben die Fenster schlank und auch bearbeitbar f\u00fcr Kunden, was jedoch nur noch selten vorkommen sollte, denn durch die Vielfalt der Fenster (<strong>inklusive neuer Eckfenster, Nurglasecken, einfache \u00d6ffnungen, Sonderformen, etc<\/strong>.)\u00a0 und Ausstattungen (z.B. verschiedene <strong>Sonnenschutzeinrichtungen<\/strong>) sowie \u00fcber die Parameter l\u00e4sst sich nahezu jedes Fenster realisieren, das Sie f\u00fcr Ihre Planung ben\u00f6tigen.<\/p>\n<p>Hier eine \u00dcbersicht \u00fcber einige der zahlreichen Neuerungen und Einstellungen der Fenster:<\/p>\n<ol>\n<li style=\"list-style-type: none\">\n<ol>\n<li>Quicktips zu Parametern wurden hinzugef\u00fcgt, um Einstellungen und \u00c4nderungen schnell verst\u00e4ndlich zu machen<\/li>\n<li>Anpassung der Darstellungen f\u00fcr architektonische und tragwerksplanerische Zwecke<\/li>\n<li>Automatische Ermittlung der Glasfl\u00e4che<\/li>\n<li>Individuelle Darstellung der Fensterfl\u00fcgel im Grundriss<\/li>\n<li>Verbesserte und erweiterte Beschriftungen<\/li>\n<li>Die Angabe der H\u00f6he der Fenster in der Bema\u00dfung kann wahlweise von Fertigfu\u00dfboden oder vom Rohfu\u00dfboden erfolgen<\/li>\n<li>Steuerung des Winkels der Leibung bei jedem Fenster<\/li>\n<li>M\u00f6glichkeit zur Erstellung einer Abschr\u00e4gung nur an der Au\u00dfenseite jedes Fensters<\/li>\n<li>Es gibt jeweils eine Familie f\u00fcr mehrfl\u00fcgelige Fenster. Die Fl\u00fcgel k\u00f6nnen individuell und separat voneinander eingestellt werden<\/li>\n<li>Die Stock\u00fcberd\u00e4mmungen k\u00f6nnen f\u00fcr jedes Fenster einzeln definiert werden<\/li>\n<\/ol>\n<\/li>\n<\/ol>\n<p><img loading=\"lazy\" decoding=\"async\" class=\"alignnone wp-image-3973\" src=\"https:\/\/blogs.autodesk.com\/bimblog\/wp-content\/uploads\/sites\/108\/2018\/03\/Fensteransicht.jpg\" alt=\"\" width=\"616\" height=\"341\" srcset=\"https:\/\/blogs.autodesk.com\/bimblog\/wp-content\/uploads\/sites\/108\/2018\/03\/Fensteransicht.jpg 1380w, https:\/\/blogs.autodesk.com\/bimblog\/wp-content\/uploads\/sites\/108\/2018\/03\/Fensteransicht-300x166.jpg 300w, https:\/\/blogs.autodesk.com\/bimblog\/wp-content\/uploads\/sites\/108\/2018\/03\/Fensteransicht-768x425.jpg 768w, https:\/\/blogs.autodesk.com\/bimblog\/wp-content\/uploads\/sites\/108\/2018\/03\/Fensteransicht-1024x567.jpg 1024w\" sizes=\"auto, (max-width: 616px) 100vw, 616px\" \/><\/p>\n<p>Die unten dargestellte Sammeldatei der Fenster finden Sie im Bibliotheksordner &#8220;Libraries&#8221; im Unterordner &#8220;&#8212;&#8211; Revit BIM Bibliotheken &#8212;&#8211;&#8221;<\/p>\n<p><img loading=\"lazy\" decoding=\"async\" class=\"alignnone wp-image-4005\" src=\"https:\/\/blogs.autodesk.com\/bimblog\/wp-content\/uploads\/sites\/108\/2018\/03\/Fenster_Sammeldatei.jpg\" alt=\"\" width=\"700\" height=\"496\" srcset=\"https:\/\/blogs.autodesk.com\/bimblog\/wp-content\/uploads\/sites\/108\/2018\/03\/Fenster_Sammeldatei.jpg 1031w, https:\/\/blogs.autodesk.com\/bimblog\/wp-content\/uploads\/sites\/108\/2018\/03\/Fenster_Sammeldatei-300x212.jpg 300w, https:\/\/blogs.autodesk.com\/bimblog\/wp-content\/uploads\/sites\/108\/2018\/03\/Fenster_Sammeldatei-768x544.jpg 768w, https:\/\/blogs.autodesk.com\/bimblog\/wp-content\/uploads\/sites\/108\/2018\/03\/Fenster_Sammeldatei-1024x725.jpg 1024w\" sizes=\"auto, (max-width: 700px) 100vw, 700px\" \/><\/p>\n<p>Anwendungsbeispiele und genauere Erkl\u00e4rungen der einzelnen Punkte finden Sie in der folgenden Dokumentation:<\/p>\n<p><a href=\"https:\/\/blogs.autodesk.com\/bimblog\/wp-content\/uploads\/sites\/108\/2018\/04\/Technische-Info-BIM-Revit-Fenster.pdf\" target=\"_blank\" rel=\"noopener noreferrer\"><img loading=\"lazy\" decoding=\"async\" class=\"alignnone wp-image-4069\" src=\"https:\/\/blogs.autodesk.com\/bimblog\/wp-content\/uploads\/sites\/108\/2018\/04\/Dokumentation-Fenster-1.png\" alt=\"\" width=\"348\" height=\"493\" srcset=\"https:\/\/blogs.autodesk.com\/bimblog\/wp-content\/uploads\/sites\/108\/2018\/04\/Dokumentation-Fenster-1.png 1248w, https:\/\/blogs.autodesk.com\/bimblog\/wp-content\/uploads\/sites\/108\/2018\/04\/Dokumentation-Fenster-1-212x300.png 212w, https:\/\/blogs.autodesk.com\/bimblog\/wp-content\/uploads\/sites\/108\/2018\/04\/Dokumentation-Fenster-1-768x1088.png 768w, https:\/\/blogs.autodesk.com\/bimblog\/wp-content\/uploads\/sites\/108\/2018\/04\/Dokumentation-Fenster-1-723x1024.png 723w\" sizes=\"auto, (max-width: 348px) 100vw, 348px\" \/><\/a>\u00a0<a href=\"https:\/\/blogs.autodesk.com\/bimblog\/wp-content\/uploads\/sites\/108\/2018\/08\/Technische-Info-BIM-Revit-Sonnenschutz.pdf\" target=\"_blank\" rel=\"noopener noreferrer\"><img loading=\"lazy\" decoding=\"async\" class=\"alignnone wp-image-4311\" src=\"https:\/\/blogs.autodesk.com\/bimblog\/wp-content\/uploads\/sites\/108\/2018\/08\/Doku-Sonnenschutz-211x300.jpg\" alt=\"\" width=\"346\" height=\"492\" srcset=\"https:\/\/blogs.autodesk.com\/bimblog\/wp-content\/uploads\/sites\/108\/2018\/08\/Doku-Sonnenschutz-211x300.jpg 211w, https:\/\/blogs.autodesk.com\/bimblog\/wp-content\/uploads\/sites\/108\/2018\/08\/Doku-Sonnenschutz-768x1090.jpg 768w, https:\/\/blogs.autodesk.com\/bimblog\/wp-content\/uploads\/sites\/108\/2018\/08\/Doku-Sonnenschutz-722x1024.jpg 722w, https:\/\/blogs.autodesk.com\/bimblog\/wp-content\/uploads\/sites\/108\/2018\/08\/Doku-Sonnenschutz.jpg 1102w\" sizes=\"auto, (max-width: 346px) 100vw, 346px\" \/><\/a><br \/>\n<a href=\"https:\/\/blogs.autodesk.com\/bimblog\/wp-content\/uploads\/sites\/108\/2018\/04\/Technische-Info-BIM-Revit-Fenster.pdf\">Technische Info BIM &#8211; Revit Fenster<\/a>\u00a0 \u00a0 \u00a0 \u00a0 \u00a0 \u00a0 \u00a0 \u00a0 \u00a0 \u00a0 \u00a0 \u00a0 \u00a0 \u00a0 \u00a0 \u00a0 \u00a0 \u00a0 \u00a0\u00a0<a href=\"https:\/\/blogs.autodesk.com\/bimblog\/wp-content\/uploads\/sites\/108\/2018\/08\/Technische-Info-BIM-Revit-Sonnenschutz.pdf\" target=\"_blank\" rel=\"noopener noreferrer\">Technische Info BIM &#8211; Revit Sonnenschutz<\/a><\/p>\n<p>&nbsp;<\/p>\n<h3>Beschriften von absoluten H\u00f6hen<\/h3>\n<p>Eine zus\u00e4tzliche Dokumentation \u00fcber das Beschriften von absoluten H\u00f6hen der Fenster und T\u00fcren finden Sie in folgendem Artikel:<br \/>\n<a href=\"https:\/\/blogs.autodesk.com\/bimblog\/nachtrag-sturzangaben-mit-absoluten-hohen-zu-die-grose-vielfalt-und-flexibilitat-der-neuen-fenster-und-turen-der-revit-d-ch-bibliothek-2019\" target=\"_blank\" rel=\"noopener noreferrer\">Nachtrag Sturzangaben mit absoluten H\u00f6hen zu \u201cDie gro\u00dfe Vielfalt und Flexibilit\u00e4t der neuen Fenster und T\u00fcren der Revit D-A-CH Bibliothek 2019\u201d<\/a><\/p>\n<p><a href=\"https:\/\/blogs.autodesk.com\/bimblog\/nachtrag-sturzangaben-mit-absoluten-hohen-zu-die-grose-vielfalt-und-flexibilitat-der-neuen-fenster-und-turen-der-revit-d-ch-bibliothek-2019\"><img loading=\"lazy\" decoding=\"async\" class=\"alignnone wp-image-4364 size-large\" src=\"https:\/\/blogs.autodesk.com\/bimblog\/wp-content\/uploads\/sites\/108\/2018\/08\/Absolute-H\u00f6he-1024x770.jpg\" alt=\"\" width=\"640\" height=\"481\" srcset=\"https:\/\/blogs.autodesk.com\/bimblog\/wp-content\/uploads\/sites\/108\/2018\/08\/Absolute-H\u00f6he-1024x770.jpg 1024w, https:\/\/blogs.autodesk.com\/bimblog\/wp-content\/uploads\/sites\/108\/2018\/08\/Absolute-H\u00f6he-300x226.jpg 300w, https:\/\/blogs.autodesk.com\/bimblog\/wp-content\/uploads\/sites\/108\/2018\/08\/Absolute-H\u00f6he-768x577.jpg 768w, https:\/\/blogs.autodesk.com\/bimblog\/wp-content\/uploads\/sites\/108\/2018\/08\/Absolute-H\u00f6he.jpg 1873w\" sizes=\"auto, (max-width: 640px) 100vw, 640px\" \/><\/a><\/p>\n<p>&nbsp;<\/p>\n<p>Zur\u00fcck zur \u00dcbersicht:\u00a0<a href=\"https:\/\/blogs.autodesk.com\/bimblog\/bibliothek\/\">&#8220;Revit BIM Bibliothek D-A-CH&#8221;<\/a><\/p>\n","protected":false},"excerpt":{"rendered":"<p>F\u00fcr Revit 2019 sind die Fenster f\u00fcr Deutschland, \u00d6sterreich und die Schweiz komplett \u00fcberarbeitet, vereinheitlicht sowie stark erweitert worden!<\/p>\n<p>In Revit 2020 wurden die Fenster, um die M\u00f6glichkeit Sprossen hinzuzuf\u00fcgen, erweitert. Durch Klick auf das folgende Bild werden Sie auf die zugeh\u00f6rige Seite weitergeleitet.<\/p>\n<p><a href=\"https:\/\/blogs.autodesk.com\/bimblog\/bibliothek\/fenster\/fenstersprossen\/\"><\/a><\/p>\n<p>Ausgehend von den schon sehr intelligenten Fenstern der bisherigen \u00d6sterreich Bibliotheken wurden die besten und intelligentesten Fenster erstellt,<\/p>\n","protected":false},"author":4685,"featured_media":4051,"parent":4000,"menu_order":0,"comment_status":"closed","ping_status":"closed","template":"","meta":{"_acf_changed":false,"inline_featured_image":false,"footnotes":""},"class_list":["post-3857","page","type-page","status-publish","has-post-thumbnail","hentry"],"acf":[],"_links":{"self":[{"href":"https:\/\/blogs.autodesk.com\/bimblog\/wp-json\/wp\/v2\/pages\/3857","targetHints":{"allow":["GET"]}}],"collection":[{"href":"https:\/\/blogs.autodesk.com\/bimblog\/wp-json\/wp\/v2\/pages"}],"about":[{"href":"https:\/\/blogs.autodesk.com\/bimblog\/wp-json\/wp\/v2\/types\/page"}],"author":[{"embeddable":true,"href":"https:\/\/blogs.autodesk.com\/bimblog\/wp-json\/wp\/v2\/users\/4685"}],"replies":[{"embeddable":true,"href":"https:\/\/blogs.autodesk.com\/bimblog\/wp-json\/wp\/v2\/comments?post=3857"}],"version-history":[{"count":0,"href":"https:\/\/blogs.autodesk.com\/bimblog\/wp-json\/wp\/v2\/pages\/3857\/revisions"}],"up":[{"embeddable":true,"href":"https:\/\/blogs.autodesk.com\/bimblog\/wp-json\/wp\/v2\/pages\/4000"}],"wp:featuredmedia":[{"embeddable":true,"href":"https:\/\/blogs.autodesk.com\/bimblog\/wp-json\/wp\/v2\/media\/4051"}],"wp:attachment":[{"href":"https:\/\/blogs.autodesk.com\/bimblog\/wp-json\/wp\/v2\/media?parent=3857"}],"curies":[{"name":"wp","href":"https:\/\/api.w.org\/{rel}","templated":true}]}}