{"id":3868,"date":"2018-03-22T11:03:35","date_gmt":"2018-03-22T10:03:35","guid":{"rendered":"https:\/\/blogs.autodesk.com\/bimblog\/?page_id=3868"},"modified":"2018-04-25T11:46:51","modified_gmt":"2018-04-25T09:46:51","slug":"tueren","status":"publish","type":"page","link":"https:\/\/blogs.autodesk.com\/bimblog\/bibliothek\/tueren\/","title":{"rendered":"T\u00fcren"},"content":{"rendered":"<p><strong>F\u00fcr Revit 2019 sind die T\u00fcren f\u00fcr Deutschland, \u00d6sterreich und die Schweiz komplett \u00fcberarbeitet, vereinheitlicht sowie stark erweitert worden!<\/strong><br \/>\nAusgehend von den schon sehr intelligenten T\u00fcren der bisherigen \u00d6sterreich Bibliotheken wurden die besten und intelligentesten T\u00fcren erstellt, die es unserer Meinung nach je f\u00fcr Revit gegeben hat, <strong>parametrisch<\/strong> und damit <strong>flexibel anpassbar<\/strong> und nutzbar <strong>f\u00fcr jeden Kunden in allen deutschsprachigen L\u00e4ndern<\/strong> sowie <strong>gleichzeitig f\u00fcr Architekten und Ingenieure<\/strong>! Trotz der Komplexit\u00e4t bleiben die T\u00fcren schlank und auch bearbeitbar f\u00fcr Kunden, was jedoch nur noch selten vorkommen sollte, denn durch die Vielfalt der T\u00fcren (<strong>inklusive neuer Haust\u00fcren, Fluchtt\u00fcren, T\u00fcren mit Seitenteilen, Fassadent\u00fcren, Garagentore, Liftt\u00fcren, einfache \u00d6ffnungen, etc.<\/strong>)\u00a0 \u00fcber die Parameter l\u00e4sst sich nahezu jede T\u00fcr realisieren, die Sie f\u00fcr Ihre Planung ben\u00f6tigen.<\/p>\n<p>Hier eine \u00dcbersicht \u00fcber einige der zahlreichen Neuerungen und Einstellungen der T\u00fcren:<\/p>\n<ol>\n<li style=\"list-style-type: none\">\n<ol>\n<li>Quicktips zu Parametern wurden hinzugef\u00fcgt,\u00a0um Einstellungen und \u00c4nderungen schnell verst\u00e4ndlich zu machen<\/li>\n<li>Anpassung der Darstellungen f\u00fcr architektonische und tragwerksplanerische Zwecke<\/li>\n<li>Darstellung der T\u00fcrfl\u00fcgel etc. kann \u00fcber Unterkategorien gesteuert werden<\/li>\n<li>Die Angabe der H\u00f6he der T\u00fcren in der Bema\u00dfung kann wahlweise von Fertigfu\u00dfboden oder vom Rohfu\u00dfboden erfolgen, jedoch m\u00fcssen die T\u00fcren zur richtigen Auswertung der H\u00f6hen auf der OKFFB eingef\u00fcgt werden<\/li>\n<li>Verbesserte und erweiterte Beschriftungen<\/li>\n<li>Anpassung der T\u00fcren f\u00fcr die korrekte Darstellung der Zargen bei einer BIM-Modellierungsweise (Bei mehrschichtigen W\u00e4nden jede Schicht separat als eigene Wand modelliert)<\/li>\n<li>Einheitliche Auswertung der Parameter f\u00fcr Durchgangs- und Mauerlichte<\/li>\n<li>Die Parameter Breite und H\u00f6he geben immer den aktuellen Wert f\u00fcr die Mauerlichte aus<\/li>\n<li>Es gibt eine Familie f\u00fcr 2-fl\u00fcgelige T\u00fcren und diese k\u00f6nnen separat voneinander eingestellt werden<\/li>\n<li>Bei den Haust\u00fcren gibt es Werte f\u00fcr die Stock\u00fcberd\u00e4mmung diese sind mit &#8220;AL Abzug&#8221; definiert. AL steht f\u00fcr Architekturlichte<\/li>\n<li>Bei allen T\u00fcren mit Glasbestandteilen (Haust\u00fcren, T\u00fcren mit Seitenteilen, Karussellt\u00fcren,\u2026) sind die echten Glasfl\u00e4chen berechnet enthalten.<\/li>\n<li>Kollisionsk\u00f6rper f\u00fcr z.Bsp. Kollisionskontrolle T\u00fcren und L\u00fcftungen, Rohre, Leitungen,\u2026 sind integriert<\/li>\n<\/ol>\n<\/li>\n<\/ol>\n<p>&nbsp;<\/p>\n<p>Die unten dargestellte Sammeldatei der T\u00fcren finden Sie im Bibliotheksordner \u201cLibraries\u201d im Unterordner \u201c\u2014\u2013 Revit BIM Bibliotheken \u2014\u2013\u201d<\/p>\n<p><a href=\"https:\/\/blogs.autodesk.com\/bimblog\/wp-content\/uploads\/sites\/108\/2018\/04\/T\u00fcren.png\"><img loading=\"lazy\" decoding=\"async\" class=\"alignnone wp-image-4073\" src=\"https:\/\/blogs.autodesk.com\/bimblog\/wp-content\/uploads\/sites\/108\/2018\/04\/T\u00fcren.png\" alt=\"\" width=\"700\" height=\"496\" srcset=\"https:\/\/blogs.autodesk.com\/bimblog\/wp-content\/uploads\/sites\/108\/2018\/04\/T\u00fcren.png 2072w, https:\/\/blogs.autodesk.com\/bimblog\/wp-content\/uploads\/sites\/108\/2018\/04\/T\u00fcren-300x213.png 300w, https:\/\/blogs.autodesk.com\/bimblog\/wp-content\/uploads\/sites\/108\/2018\/04\/T\u00fcren-768x544.png 768w, https:\/\/blogs.autodesk.com\/bimblog\/wp-content\/uploads\/sites\/108\/2018\/04\/T\u00fcren-1024x725.png 1024w\" sizes=\"auto, (max-width: 700px) 100vw, 700px\" \/><\/a><\/p>\n<p>Anwendungsbeispiele und genauere Erkl\u00e4rungen der einzelnen Punkte finden Sie in der folgenden Dokumentation:<\/p>\n<p><a href=\"https:\/\/blogs.autodesk.com\/bimblog\/wp-content\/uploads\/sites\/108\/2018\/04\/Technische-Info-BIM-Revit-T\u00fcren.pdf\" target=\"_blank\" rel=\"noopener\"><img loading=\"lazy\" decoding=\"async\" class=\"alignnone wp-image-4067\" src=\"https:\/\/blogs.autodesk.com\/bimblog\/wp-content\/uploads\/sites\/108\/2018\/04\/Dokumentation-T\u00fcren.png\" alt=\"\" width=\"336\" height=\"477\" srcset=\"https:\/\/blogs.autodesk.com\/bimblog\/wp-content\/uploads\/sites\/108\/2018\/04\/Dokumentation-T\u00fcren.png 1182w, https:\/\/blogs.autodesk.com\/bimblog\/wp-content\/uploads\/sites\/108\/2018\/04\/Dokumentation-T\u00fcren-211x300.png 211w, https:\/\/blogs.autodesk.com\/bimblog\/wp-content\/uploads\/sites\/108\/2018\/04\/Dokumentation-T\u00fcren-768x1090.png 768w, https:\/\/blogs.autodesk.com\/bimblog\/wp-content\/uploads\/sites\/108\/2018\/04\/Dokumentation-T\u00fcren-721x1024.png 721w\" sizes=\"auto, (max-width: 336px) 100vw, 336px\" \/><\/a><br \/>\n<a href=\"https:\/\/blogs.autodesk.com\/bimblog\/wp-content\/uploads\/sites\/108\/2018\/04\/Technische-Info-BIM-Revit-T\u00fcren.pdf\" target=\"_blank\" rel=\"noopener\">Technische Info BIM &#8211; Revit T\u00fcren<\/a><\/p>\n<p>&nbsp;<\/p>\n<p>Zur\u00fcck zur \u00dcbersicht:\u00a0<a href=\"https:\/\/blogs.autodesk.com\/bimblog\/bibliothek\/\">&#8220;Revit BIM Bibliothek D-A-CH&#8221;<\/a><\/p>\n","protected":false},"excerpt":{"rendered":"<p>F\u00fcr Revit 2019 sind die T\u00fcren f\u00fcr Deutschland, \u00d6sterreich und die Schweiz komplett \u00fcberarbeitet, vereinheitlicht sowie stark erweitert worden!<br \/>\nAusgehend von den schon sehr intelligenten T\u00fcren der bisherigen \u00d6sterreich Bibliotheken wurden die besten und intelligentesten T\u00fcren erstellt, die es unserer Meinung nach je f\u00fcr Revit gegeben hat, parametrisch und damit flexibel anpassbar und nutzbar f\u00fcr jeden Kunden in allen deutschsprachigen L\u00e4ndern sowie gleichzeitig f\u00fcr Architekten und Ingenieure!<\/p>\n","protected":false},"author":4685,"featured_media":4013,"parent":4000,"menu_order":0,"comment_status":"closed","ping_status":"closed","template":"","meta":{"_acf_changed":false,"inline_featured_image":false,"footnotes":""},"class_list":["post-3868","page","type-page","status-publish","has-post-thumbnail","hentry"],"acf":[],"_links":{"self":[{"href":"https:\/\/blogs.autodesk.com\/bimblog\/wp-json\/wp\/v2\/pages\/3868","targetHints":{"allow":["GET"]}}],"collection":[{"href":"https:\/\/blogs.autodesk.com\/bimblog\/wp-json\/wp\/v2\/pages"}],"about":[{"href":"https:\/\/blogs.autodesk.com\/bimblog\/wp-json\/wp\/v2\/types\/page"}],"author":[{"embeddable":true,"href":"https:\/\/blogs.autodesk.com\/bimblog\/wp-json\/wp\/v2\/users\/4685"}],"replies":[{"embeddable":true,"href":"https:\/\/blogs.autodesk.com\/bimblog\/wp-json\/wp\/v2\/comments?post=3868"}],"version-history":[{"count":0,"href":"https:\/\/blogs.autodesk.com\/bimblog\/wp-json\/wp\/v2\/pages\/3868\/revisions"}],"up":[{"embeddable":true,"href":"https:\/\/blogs.autodesk.com\/bimblog\/wp-json\/wp\/v2\/pages\/4000"}],"wp:featuredmedia":[{"embeddable":true,"href":"https:\/\/blogs.autodesk.com\/bimblog\/wp-json\/wp\/v2\/media\/4013"}],"wp:attachment":[{"href":"https:\/\/blogs.autodesk.com\/bimblog\/wp-json\/wp\/v2\/media?parent=3868"}],"curies":[{"name":"wp","href":"https:\/\/api.w.org\/{rel}","templated":true}]}}