{"id":3956,"date":"2018-03-22T11:00:34","date_gmt":"2018-03-22T10:00:34","guid":{"rendered":"https:\/\/blogs.autodesk.com\/bimblog\/?page_id=3956"},"modified":"2018-04-11T18:34:04","modified_gmt":"2018-04-11T16:34:04","slug":"vorlagedateien-templates","status":"publish","type":"page","link":"https:\/\/blogs.autodesk.com\/bimblog\/bibliothek\/vorlagedateien-templates\/","title":{"rendered":"Vorlagedateien (Templates)"},"content":{"rendered":"<p align=\"left\">Um Ihnen den Einstieg in die Arbeit mit Revit zu erleichtern, stellen wir bereits fertige Vorlagedateien zur Verf\u00fcgung. Mit praxisorientierten Voreinstellungen erm\u00f6glichen diese einen problemlosen Start sowie auch eine gute Grundlage f\u00fcr erweiterte Anpassungen nach Ihren individuellen Anforderungen.<\/p>\n<p>Durch flexible Familien und Einstellungen k\u00f6nnen wir Ihnen ab sofort eine gemeinsame Vorlage f\u00fcr Deutschland, \u00d6sterreich und die Schweiz anbieten!<\/p>\n<p>Um Ihnen zus\u00e4tzlich eine noch bessere BIM Arbeitsweise zu erm\u00f6glichen, haben wir ebenfalls eine gemeinsame Vorlagendatei f\u00fcr die\u00a0Architektur und den Ingenieurbau entwickelt, so dass Sie in einer Datei noch besser zusammenarbeiten k\u00f6nnen, bzw. sich die T\u00e4tigkeitsfelder oft \u00fcberschneiden. F\u00fcr die Geb\u00e4udetechnik gibt es eine eigene Vorlagendatei, welche nahtlos in die Architektur und Ingenieurbauvorlage verlinkt werden kann.<\/p>\n<p><a href=\"https:\/\/blogs.autodesk.com\/bimblog\/wp-content\/uploads\/sites\/108\/2018\/04\/Templates.jpg\"><img loading=\"lazy\" decoding=\"async\" class=\"alignnone wp-image-4132\" src=\"https:\/\/blogs.autodesk.com\/bimblog\/wp-content\/uploads\/sites\/108\/2018\/04\/Templates.jpg\" alt=\"\" width=\"438\" height=\"92\" srcset=\"https:\/\/blogs.autodesk.com\/bimblog\/wp-content\/uploads\/sites\/108\/2018\/04\/Templates.jpg 628w, https:\/\/blogs.autodesk.com\/bimblog\/wp-content\/uploads\/sites\/108\/2018\/04\/Templates-300x63.jpg 300w\" sizes=\"auto, (max-width: 438px) 100vw, 438px\" \/><\/a><\/p>\n<p>Die BIM Vorlagedateien f\u00fcr \u201cArchitektur und Ingenieurbau\u201d unterscheiden sich durch die Komplexit\u00e4t in der Browserstruktur und der Ebenen, sind inhaltlich aber gleich.<\/p>\n<ul>\n<li>Die vereinfachte Variante der Vorlage eignet sich ideal f\u00fcr:\n<ul>\n<li>einen schnellen Einstieg in Revit<\/li>\n<li>Studien und Vorentw\u00fcrfe<\/li>\n<li>Ingenieure, die nicht den typischen Hochbau erstellen (ben\u00f6tigt weniger als 3 Ebenen pro Geschoss)<\/li>\n<\/ul>\n<\/li>\n<li>Die komplexere Variante bildet die f\u00fcr den D-A-CH Bereich typischen Planungs- und Dokumentationsabl\u00e4ufe und eine erweiterte BIM-Arbeitsweise ab. Hierzu geh\u00f6rt z.B. eine nach Aufgaben unterteilte Browser- und Projektstruktur, 3 Ebenen pro Geschoss und mehrschichtige Wandaufbauten als separate W\u00e4nde.<\/li>\n<\/ul>\n<p align=\"left\">Hier ein Ausschnitt aus der <a href=\"https:\/\/blogs.autodesk.com\/bimblog\/wp-content\/uploads\/sites\/108\/2018\/04\/Technische-Info-BIM-Architektur-und-Ingenieurbau-Vorlage.pdf\" target=\"_blank\" rel=\"noopener\">Dokumentation<\/a>, der den erweiterten Browser sowie die Geschossebenen OK FFB, OK RFB und UK RD zeigt:<\/p>\n<p align=\"left\"><img loading=\"lazy\" decoding=\"async\" class=\"alignnone wp-image-4058\" src=\"https:\/\/blogs.autodesk.com\/bimblog\/wp-content\/uploads\/sites\/108\/2018\/04\/Browserstruktur.png\" alt=\"\" width=\"505\" height=\"656\" srcset=\"https:\/\/blogs.autodesk.com\/bimblog\/wp-content\/uploads\/sites\/108\/2018\/04\/Browserstruktur.png 845w, https:\/\/blogs.autodesk.com\/bimblog\/wp-content\/uploads\/sites\/108\/2018\/04\/Browserstruktur-231x300.png 231w, https:\/\/blogs.autodesk.com\/bimblog\/wp-content\/uploads\/sites\/108\/2018\/04\/Browserstruktur-768x997.png 768w, https:\/\/blogs.autodesk.com\/bimblog\/wp-content\/uploads\/sites\/108\/2018\/04\/Browserstruktur-789x1024.png 789w\" sizes=\"auto, (max-width: 505px) 100vw, 505px\" \/><\/p>\n<p align=\"left\">Damit Sie sich in der <em>BIM Architektur und Ingenieurbau Vorlage<\/em> schneller zurechtfinden, wird in folgendem Dokument in kurzen Schritten dessen angedachte Verwendung erl\u00e4utert:<\/p>\n<p align=\"left\"><a href=\"https:\/\/blogs.autodesk.com\/bimblog\/wp-content\/uploads\/sites\/108\/2018\/04\/Technische-Info-BIM-Architektur-und-Ingenieurbau-Vorlage.pdf\" target=\"_blank\" rel=\"noopener\"><img loading=\"lazy\" decoding=\"async\" class=\"alignnone wp-image-4059\" src=\"https:\/\/blogs.autodesk.com\/bimblog\/wp-content\/uploads\/sites\/108\/2018\/04\/BIM-Architektur-und-Ingenieurbauvorlage.png\" alt=\"\" width=\"366\" height=\"519\" srcset=\"https:\/\/blogs.autodesk.com\/bimblog\/wp-content\/uploads\/sites\/108\/2018\/04\/BIM-Architektur-und-Ingenieurbauvorlage.png 1288w, https:\/\/blogs.autodesk.com\/bimblog\/wp-content\/uploads\/sites\/108\/2018\/04\/BIM-Architektur-und-Ingenieurbauvorlage-212x300.png 212w, https:\/\/blogs.autodesk.com\/bimblog\/wp-content\/uploads\/sites\/108\/2018\/04\/BIM-Architektur-und-Ingenieurbauvorlage-768x1088.png 768w, https:\/\/blogs.autodesk.com\/bimblog\/wp-content\/uploads\/sites\/108\/2018\/04\/BIM-Architektur-und-Ingenieurbauvorlage-723x1024.png 723w\" sizes=\"auto, (max-width: 366px) 100vw, 366px\" \/><\/a><br \/>\n<a href=\"https:\/\/blogs.autodesk.com\/bimblog\/wp-content\/uploads\/sites\/108\/2018\/04\/Technische-Info-BIM-Architektur-und-Ingenieurbau-Vorlage.pdf\" target=\"_blank\" rel=\"noopener\">Technische Info &#8211; BIM Architektur und Ingenieurbau Vorlage<\/a><\/p>\n<p align=\"left\">Zur\u00fcck zur \u00dcbersicht:\u00a0<a href=\"https:\/\/blogs.autodesk.com\/bimblog\/bibliothek\/\">&#8220;Revit BIM Bibliothek D-A-CH&#8221;<\/a><\/p>\n","protected":false},"excerpt":{"rendered":"<p align=\"left\">Um Ihnen den Einstieg in die Arbeit mit Revit zu erleichtern, stellen wir bereits fertige Vorlagedateien zur Verf\u00fcgung. Mit praxisorientierten Voreinstellungen erm\u00f6glichen diese einen problemlosen Start sowie auch eine gute Grundlage f\u00fcr erweiterte Anpassungen nach Ihren individuellen Anforderungen.<\/p>\n<p>Durch flexible Familien und Einstellungen k\u00f6nnen wir Ihnen ab sofort eine gemeinsame Vorlage f\u00fcr Deutschland,<\/p>\n","protected":false},"author":4685,"featured_media":4036,"parent":4000,"menu_order":0,"comment_status":"closed","ping_status":"closed","template":"","meta":{"_acf_changed":false,"inline_featured_image":false,"footnotes":""},"class_list":["post-3956","page","type-page","status-publish","has-post-thumbnail","hentry"],"acf":[],"_links":{"self":[{"href":"https:\/\/blogs.autodesk.com\/bimblog\/wp-json\/wp\/v2\/pages\/3956","targetHints":{"allow":["GET"]}}],"collection":[{"href":"https:\/\/blogs.autodesk.com\/bimblog\/wp-json\/wp\/v2\/pages"}],"about":[{"href":"https:\/\/blogs.autodesk.com\/bimblog\/wp-json\/wp\/v2\/types\/page"}],"author":[{"embeddable":true,"href":"https:\/\/blogs.autodesk.com\/bimblog\/wp-json\/wp\/v2\/users\/4685"}],"replies":[{"embeddable":true,"href":"https:\/\/blogs.autodesk.com\/bimblog\/wp-json\/wp\/v2\/comments?post=3956"}],"version-history":[{"count":0,"href":"https:\/\/blogs.autodesk.com\/bimblog\/wp-json\/wp\/v2\/pages\/3956\/revisions"}],"up":[{"embeddable":true,"href":"https:\/\/blogs.autodesk.com\/bimblog\/wp-json\/wp\/v2\/pages\/4000"}],"wp:featuredmedia":[{"embeddable":true,"href":"https:\/\/blogs.autodesk.com\/bimblog\/wp-json\/wp\/v2\/media\/4036"}],"wp:attachment":[{"href":"https:\/\/blogs.autodesk.com\/bimblog\/wp-json\/wp\/v2\/media?parent=3956"}],"curies":[{"name":"wp","href":"https:\/\/api.w.org\/{rel}","templated":true}]}}