{"id":3957,"date":"2018-03-29T15:14:55","date_gmt":"2018-03-29T13:14:55","guid":{"rendered":"https:\/\/blogs.autodesk.com\/bimblog\/?page_id=3957"},"modified":"2018-04-09T14:31:47","modified_gmt":"2018-04-09T12:31:47","slug":"baustelleneinrichtung","status":"publish","type":"page","link":"https:\/\/blogs.autodesk.com\/bimblog\/bibliothek\/baustelleneinrichtung\/","title":{"rendered":"Baustelleneinrichtung"},"content":{"rendered":"<p>Die Familien der Baustelleneinrichtung sind ein typisches Ergebnis, das aus Kundenw\u00fcnschen mit der\u00a0<a href=\"http:\/\/www.rug-dach.de\/\">Revit User Group<\/a>\u00a0erarbeitet wurde.<\/p>\n<p>Diese Familien decken ein gro\u00dfes Spektrum der Baustelleneinrichtung ab, hierzu geh\u00f6ren:<\/p>\n<ul>\n<li>Kr\u00e4ne<\/li>\n<li>LKW<\/li>\n<li>Container unterschiedlichsten Inneneinrichtungen<\/li>\n<li>Ger\u00fcste<\/li>\n<li>Silos<\/li>\n<li>Absperrungen<\/li>\n<li>und vieles mehr<\/li>\n<\/ul>\n<p>Ab sofort k\u00f6nnen verschiedene Bauphasen noch besser in Revit dargestellt und Kosten ermittelt werden, um eine noch genauere Planung zu erm\u00f6glichen.<\/p>\n<p>Hier ein \u00dcberblick \u00fcber die Sammeldatei der Baustelleneinrichtung:<\/p>\n<p><img loading=\"lazy\" decoding=\"async\" class=\"alignnone size-full wp-image-3971\" src=\"https:\/\/blogs.autodesk.com\/bimblog\/wp-content\/uploads\/sites\/108\/2018\/03\/Revit_BIM_Sammeldatei_-_Architektur_-_Bauteil_-_Baustelleneinrichtung.jpg\" alt=\"\" width=\"2000\" height=\"1012\" srcset=\"https:\/\/blogs.autodesk.com\/bimblog\/wp-content\/uploads\/sites\/108\/2018\/03\/Revit_BIM_Sammeldatei_-_Architektur_-_Bauteil_-_Baustelleneinrichtung.jpg 2000w, https:\/\/blogs.autodesk.com\/bimblog\/wp-content\/uploads\/sites\/108\/2018\/03\/Revit_BIM_Sammeldatei_-_Architektur_-_Bauteil_-_Baustelleneinrichtung-300x152.jpg 300w, https:\/\/blogs.autodesk.com\/bimblog\/wp-content\/uploads\/sites\/108\/2018\/03\/Revit_BIM_Sammeldatei_-_Architektur_-_Bauteil_-_Baustelleneinrichtung-768x389.jpg 768w, https:\/\/blogs.autodesk.com\/bimblog\/wp-content\/uploads\/sites\/108\/2018\/03\/Revit_BIM_Sammeldatei_-_Architektur_-_Bauteil_-_Baustelleneinrichtung-1024x518.jpg 1024w\" sizes=\"auto, (max-width: 2000px) 100vw, 2000px\" \/><\/p>\n<p>Diese \u00dcbersicht finden Sie im Bibliotheksordner &#8220;Libraries&#8221; im Unterordner &#8220;&#8212;&#8211; Revit BIM Bibliotheken &#8212;&#8211;&#8220;.<\/p>\n<p>Die einzelnen Familien befinden sich im Unterorder &#8220;K\u00f6rpermodell und Grundst\u00fcck &#8211; Au\u00dfenbauteil&#8221;.<\/p>\n<p>&nbsp;<\/p>\n<p>Zur\u00fcck zur \u00dcbersicht:\u00a0<a href=\"https:\/\/blogs.autodesk.com\/bimblog\/bibliothek\/\">&#8220;Revit BIM Bibliothek D-A-CH&#8221;<\/a><\/p>\n","protected":false},"excerpt":{"rendered":"<p>Die Familien der Baustelleneinrichtung sind ein typisches Ergebnis, das aus Kundenw\u00fcnschen mit der\u00a0<a href=\"http:\/\/www.rug-dach.de\/\">Revit User Group<\/a>\u00a0erarbeitet wurde.<\/p>\n<p>Diese Familien decken ein gro\u00dfes Spektrum der Baustelleneinrichtung ab, hierzu geh\u00f6ren:<\/p>\n<ul>\n<li>Kr\u00e4ne<\/li>\n<li>LKW<\/li>\n<li>Container unterschiedlichsten Inneneinrichtungen<\/li>\n<li>Ger\u00fcste<\/li>\n<li>Silos<\/li>\n<li>Absperrungen<\/li>\n<li>und vieles mehr<\/li>\n<\/ul>\n<p>Ab sofort k\u00f6nnen verschiedene Bauphasen noch besser in Revit dargestellt und Kosten ermittelt werden,<\/p>\n","protected":false},"author":4685,"featured_media":4055,"parent":4000,"menu_order":0,"comment_status":"closed","ping_status":"closed","template":"","meta":{"_acf_changed":false,"inline_featured_image":false,"footnotes":""},"class_list":["post-3957","page","type-page","status-publish","has-post-thumbnail","hentry"],"acf":[],"_links":{"self":[{"href":"https:\/\/blogs.autodesk.com\/bimblog\/wp-json\/wp\/v2\/pages\/3957","targetHints":{"allow":["GET"]}}],"collection":[{"href":"https:\/\/blogs.autodesk.com\/bimblog\/wp-json\/wp\/v2\/pages"}],"about":[{"href":"https:\/\/blogs.autodesk.com\/bimblog\/wp-json\/wp\/v2\/types\/page"}],"author":[{"embeddable":true,"href":"https:\/\/blogs.autodesk.com\/bimblog\/wp-json\/wp\/v2\/users\/4685"}],"replies":[{"embeddable":true,"href":"https:\/\/blogs.autodesk.com\/bimblog\/wp-json\/wp\/v2\/comments?post=3957"}],"version-history":[{"count":0,"href":"https:\/\/blogs.autodesk.com\/bimblog\/wp-json\/wp\/v2\/pages\/3957\/revisions"}],"up":[{"embeddable":true,"href":"https:\/\/blogs.autodesk.com\/bimblog\/wp-json\/wp\/v2\/pages\/4000"}],"wp:featuredmedia":[{"embeddable":true,"href":"https:\/\/blogs.autodesk.com\/bimblog\/wp-json\/wp\/v2\/media\/4055"}],"wp:attachment":[{"href":"https:\/\/blogs.autodesk.com\/bimblog\/wp-json\/wp\/v2\/media?parent=3957"}],"curies":[{"name":"wp","href":"https:\/\/api.w.org\/{rel}","templated":true}]}}