{"id":3958,"date":"2018-03-22T11:01:37","date_gmt":"2018-03-22T10:01:37","guid":{"rendered":"https:\/\/blogs.autodesk.com\/bimblog\/?page_id=3958"},"modified":"2018-04-16T09:49:19","modified_gmt":"2018-04-16T07:49:19","slug":"moebel","status":"publish","type":"page","link":"https:\/\/blogs.autodesk.com\/bimblog\/bibliothek\/moebel\/","title":{"rendered":"M\u00f6bel und weitere Bauteile"},"content":{"rendered":"<p>Bei der Aktualisierung der M\u00f6bel war uns wichtig, Ihnen alle Familien zur Verf\u00fcgung zu stellen, mit denen es m\u00f6glich ist, zumindest ein Ein- oder Mehrfamilienhaus als auch B\u00fcrogeb\u00e4ude grunds\u00e4tzlich auszustatten und einzurichten.<br \/>\nZus\u00e4tzlich haben wie viele weitere Bauteile hinzugef\u00fcgt und aktualisiert wie <strong>Rolltreppen, M\u00fcllentsorgung, Brandschutzelemente, Kamine, Leuchten, Sanit\u00e4rinstallationen, Au\u00dfenbauteile wie Absperrungen, Verkehrsinseln, Schranken, Freifl\u00e4chenm\u00f6bel, Sport- und Spielger\u00e4te uvm.<\/strong><\/p>\n<p>Bei den M\u00f6beln haben wir alle bereits vorhandenen Familien aufgearbeitet und die Materialien vereinheitlicht. M\u00f6belst\u00fccke wurden zum Teil mit weiteren Parametern versehen, um schnell \u00c4nderungen durchf\u00fchren zu k\u00f6nnen (z.B. Anpassung der Gr\u00f6\u00dfe eines Bettes).<br \/>\nZus\u00e4tzlich haben wir weitere M\u00f6bel, u.a. <strong>verschiedene K\u00fcchenzeilen, Arbeitsplatten, Schr\u00e4nke, St\u00fchle, Sofaelemente, etc.<\/strong> erg\u00e4nzt, um eine komplette Einrichtung zu gew\u00e4hrleisten.<\/p>\n<p>Hier ein \u00dcberblick \u00fcber einige der M\u00f6bel, Au\u00dfenbauteile, etc. Die Sammeldateien hierzu finden Sie im Bibliotheksordner &#8220;Libraries&#8221; im Unterordner &#8220;&#8212;&#8211; Revit BIM Bibliotheken &#8212;&#8211;&#8221; finden.<\/p>\n<p>&nbsp;<\/p>\n<p><a href=\"https:\/\/blogs.autodesk.com\/bimblog\/wp-content\/uploads\/sites\/108\/2018\/04\/M\u00f6bel1.png\"><img loading=\"lazy\" decoding=\"async\" class=\"alignnone wp-image-4102\" src=\"https:\/\/blogs.autodesk.com\/bimblog\/wp-content\/uploads\/sites\/108\/2018\/04\/M\u00f6bel1.png\" alt=\"\" width=\"364\" height=\"212\" srcset=\"https:\/\/blogs.autodesk.com\/bimblog\/wp-content\/uploads\/sites\/108\/2018\/04\/M\u00f6bel1.png 2076w, https:\/\/blogs.autodesk.com\/bimblog\/wp-content\/uploads\/sites\/108\/2018\/04\/M\u00f6bel1-300x174.png 300w, https:\/\/blogs.autodesk.com\/bimblog\/wp-content\/uploads\/sites\/108\/2018\/04\/M\u00f6bel1-768x447.png 768w, https:\/\/blogs.autodesk.com\/bimblog\/wp-content\/uploads\/sites\/108\/2018\/04\/M\u00f6bel1-1024x595.png 1024w\" sizes=\"auto, (max-width: 364px) 100vw, 364px\" \/>\u00a0\u00a0<\/a> <a href=\"https:\/\/blogs.autodesk.com\/bimblog\/wp-content\/uploads\/sites\/108\/2018\/04\/M\u00f6bel2.png\"><img loading=\"lazy\" decoding=\"async\" class=\"alignnone wp-image-4103\" src=\"https:\/\/blogs.autodesk.com\/bimblog\/wp-content\/uploads\/sites\/108\/2018\/04\/M\u00f6bel2.png\" alt=\"\" width=\"372\" height=\"145\" srcset=\"https:\/\/blogs.autodesk.com\/bimblog\/wp-content\/uploads\/sites\/108\/2018\/04\/M\u00f6bel2.png 2620w, https:\/\/blogs.autodesk.com\/bimblog\/wp-content\/uploads\/sites\/108\/2018\/04\/M\u00f6bel2-300x117.png 300w, https:\/\/blogs.autodesk.com\/bimblog\/wp-content\/uploads\/sites\/108\/2018\/04\/M\u00f6bel2-768x300.png 768w, https:\/\/blogs.autodesk.com\/bimblog\/wp-content\/uploads\/sites\/108\/2018\/04\/M\u00f6bel2-1024x400.png 1024w\" sizes=\"auto, (max-width: 372px) 100vw, 372px\" \/><\/a> <a href=\"https:\/\/blogs.autodesk.com\/bimblog\/wp-content\/uploads\/sites\/108\/2018\/04\/M\u00f6bel3.png\"><img loading=\"lazy\" decoding=\"async\" class=\"alignnone wp-image-4104\" src=\"https:\/\/blogs.autodesk.com\/bimblog\/wp-content\/uploads\/sites\/108\/2018\/04\/M\u00f6bel3.png\" alt=\"\" width=\"359\" height=\"192\" srcset=\"https:\/\/blogs.autodesk.com\/bimblog\/wp-content\/uploads\/sites\/108\/2018\/04\/M\u00f6bel3.png 1588w, https:\/\/blogs.autodesk.com\/bimblog\/wp-content\/uploads\/sites\/108\/2018\/04\/M\u00f6bel3-300x160.png 300w, https:\/\/blogs.autodesk.com\/bimblog\/wp-content\/uploads\/sites\/108\/2018\/04\/M\u00f6bel3-768x411.png 768w, https:\/\/blogs.autodesk.com\/bimblog\/wp-content\/uploads\/sites\/108\/2018\/04\/M\u00f6bel3-1024x547.png 1024w\" sizes=\"auto, (max-width: 359px) 100vw, 359px\" \/><\/a>\u00a0 \u00a0<a href=\"https:\/\/blogs.autodesk.com\/bimblog\/wp-content\/uploads\/sites\/108\/2018\/04\/Au\u00dfenbauteile1.png\">\u00a0<img loading=\"lazy\" decoding=\"async\" class=\"alignnone wp-image-4099\" src=\"https:\/\/blogs.autodesk.com\/bimblog\/wp-content\/uploads\/sites\/108\/2018\/04\/Au\u00dfenbauteile1.png\" alt=\"\" width=\"382\" height=\"197\" srcset=\"https:\/\/blogs.autodesk.com\/bimblog\/wp-content\/uploads\/sites\/108\/2018\/04\/Au\u00dfenbauteile1.png 2116w, https:\/\/blogs.autodesk.com\/bimblog\/wp-content\/uploads\/sites\/108\/2018\/04\/Au\u00dfenbauteile1-300x155.png 300w, https:\/\/blogs.autodesk.com\/bimblog\/wp-content\/uploads\/sites\/108\/2018\/04\/Au\u00dfenbauteile1-768x396.png 768w, https:\/\/blogs.autodesk.com\/bimblog\/wp-content\/uploads\/sites\/108\/2018\/04\/Au\u00dfenbauteile1-1024x527.png 1024w\" sizes=\"auto, (max-width: 382px) 100vw, 382px\" \/><\/a> <a href=\"https:\/\/blogs.autodesk.com\/bimblog\/wp-content\/uploads\/sites\/108\/2018\/04\/Au\u00dfenbauteile2.png\"><img loading=\"lazy\" decoding=\"async\" class=\"alignnone wp-image-4100\" src=\"https:\/\/blogs.autodesk.com\/bimblog\/wp-content\/uploads\/sites\/108\/2018\/04\/Au\u00dfenbauteile2.png\" alt=\"\" width=\"3028\" height=\"917\" srcset=\"https:\/\/blogs.autodesk.com\/bimblog\/wp-content\/uploads\/sites\/108\/2018\/04\/Au\u00dfenbauteile2.png 3028w, https:\/\/blogs.autodesk.com\/bimblog\/wp-content\/uploads\/sites\/108\/2018\/04\/Au\u00dfenbauteile2-300x91.png 300w, https:\/\/blogs.autodesk.com\/bimblog\/wp-content\/uploads\/sites\/108\/2018\/04\/Au\u00dfenbauteile2-768x233.png 768w, https:\/\/blogs.autodesk.com\/bimblog\/wp-content\/uploads\/sites\/108\/2018\/04\/Au\u00dfenbauteile2-1024x310.png 1024w\" sizes=\"auto, (max-width: 3028px) 100vw, 3028px\" \/><\/a><\/p>\n<p>Es wurden auch Designm\u00f6bel von f\u00fcnf Herstellern hinzugef\u00fcgt:<\/p>\n<table>\n<tbody>\n<tr>\n<td width=\"200\">\n<p style=\"text-align: center\"><a href=\"http:\/\/buzzi.space\/\">BuzziSpace<\/a><\/p>\n<\/td>\n<td style=\"text-align: center\" width=\"200\"><img loading=\"lazy\" decoding=\"async\" class=\"alignnone wp-image-4106\" src=\"https:\/\/blogs.autodesk.com\/bimblog\/wp-content\/uploads\/sites\/108\/2018\/04\/BuzziSpace_Black-300x300.png\" alt=\"\" width=\"136\" height=\"136\" srcset=\"https:\/\/blogs.autodesk.com\/bimblog\/wp-content\/uploads\/sites\/108\/2018\/04\/BuzziSpace_Black-300x300.png 300w, https:\/\/blogs.autodesk.com\/bimblog\/wp-content\/uploads\/sites\/108\/2018\/04\/BuzziSpace_Black-150x150.png 150w, https:\/\/blogs.autodesk.com\/bimblog\/wp-content\/uploads\/sites\/108\/2018\/04\/BuzziSpace_Black-768x768.png 768w, https:\/\/blogs.autodesk.com\/bimblog\/wp-content\/uploads\/sites\/108\/2018\/04\/BuzziSpace_Black-1024x1024.png 1024w, https:\/\/blogs.autodesk.com\/bimblog\/wp-content\/uploads\/sites\/108\/2018\/04\/BuzziSpace_Black-190x190.png 190w, https:\/\/blogs.autodesk.com\/bimblog\/wp-content\/uploads\/sites\/108\/2018\/04\/BuzziSpace_Black.png 1411w\" sizes=\"auto, (max-width: 136px) 100vw, 136px\" \/><\/td>\n<td style=\"text-align: center\" width=\"200\"><img loading=\"lazy\" decoding=\"async\" class=\"size-medium wp-image-4109 aligncenter\" src=\"https:\/\/blogs.autodesk.com\/bimblog\/wp-content\/uploads\/sites\/108\/2018\/04\/HD-DSC_1420-300x200.jpg\" alt=\"\" width=\"300\" height=\"200\" srcset=\"https:\/\/blogs.autodesk.com\/bimblog\/wp-content\/uploads\/sites\/108\/2018\/04\/HD-DSC_1420-300x200.jpg 300w, https:\/\/blogs.autodesk.com\/bimblog\/wp-content\/uploads\/sites\/108\/2018\/04\/HD-DSC_1420-768x513.jpg 768w, https:\/\/blogs.autodesk.com\/bimblog\/wp-content\/uploads\/sites\/108\/2018\/04\/HD-DSC_1420-1024x684.jpg 1024w, https:\/\/blogs.autodesk.com\/bimblog\/wp-content\/uploads\/sites\/108\/2018\/04\/HD-DSC_1420.jpg 1920w\" sizes=\"auto, (max-width: 300px) 100vw, 300px\" \/><\/td>\n<\/tr>\n<tr>\n<td width=\"200\">\n<p style=\"text-align: center\"><a href=\"https:\/\/www.lande.eu\/\">Lande<\/a><\/p>\n<\/td>\n<td width=\"200\">\u00a0<img loading=\"lazy\" decoding=\"async\" class=\"wp-image-4110 aligncenter\" style=\"text-align: center\" src=\"https:\/\/blogs.autodesk.com\/bimblog\/wp-content\/uploads\/sites\/108\/2018\/04\/Lande-PMS-300x120.jpg\" alt=\"\" width=\"155\" height=\"62\" srcset=\"https:\/\/blogs.autodesk.com\/bimblog\/wp-content\/uploads\/sites\/108\/2018\/04\/Lande-PMS-300x120.jpg 300w, https:\/\/blogs.autodesk.com\/bimblog\/wp-content\/uploads\/sites\/108\/2018\/04\/Lande-PMS.jpg 591w\" sizes=\"auto, (max-width: 155px) 100vw, 155px\" \/><\/td>\n<td width=\"200\">\u00a0<img loading=\"lazy\" decoding=\"async\" class=\"size-medium wp-image-4111 aligncenter\" src=\"https:\/\/blogs.autodesk.com\/bimblog\/wp-content\/uploads\/sites\/108\/2018\/04\/Lande_Trigon_P00_17L-300x199.jpg\" alt=\"\" width=\"300\" height=\"199\" srcset=\"https:\/\/blogs.autodesk.com\/bimblog\/wp-content\/uploads\/sites\/108\/2018\/04\/Lande_Trigon_P00_17L-300x199.jpg 300w, https:\/\/blogs.autodesk.com\/bimblog\/wp-content\/uploads\/sites\/108\/2018\/04\/Lande_Trigon_P00_17L-768x509.jpg 768w, https:\/\/blogs.autodesk.com\/bimblog\/wp-content\/uploads\/sites\/108\/2018\/04\/Lande_Trigon_P00_17L-1024x678.jpg 1024w, https:\/\/blogs.autodesk.com\/bimblog\/wp-content\/uploads\/sites\/108\/2018\/04\/Lande_Trigon_P00_17L.jpg 1200w\" sizes=\"auto, (max-width: 300px) 100vw, 300px\" \/><\/td>\n<\/tr>\n<tr>\n<td width=\"200\">\n<p style=\"text-align: center\"><a href=\"http:\/\/www.viteo.com\/cms\/cms.php\">Viteo<\/a><\/p>\n<\/td>\n<td width=\"200\">\u00a0<img loading=\"lazy\" decoding=\"async\" class=\"alignnone size-medium wp-image-4112\" src=\"https:\/\/blogs.autodesk.com\/bimblog\/wp-content\/uploads\/sites\/108\/2018\/04\/logoNew.jpeg\" alt=\"\" width=\"1\" height=\"1\" \/><img loading=\"lazy\" decoding=\"async\" class=\"wp-image-4147 aligncenter\" src=\"https:\/\/blogs.autodesk.com\/bimblog\/wp-content\/uploads\/sites\/108\/2018\/04\/logo_viteo-300x71.jpg\" alt=\"\" width=\"170\" height=\"40\" srcset=\"https:\/\/blogs.autodesk.com\/bimblog\/wp-content\/uploads\/sites\/108\/2018\/04\/logo_viteo-300x71.jpg 300w, https:\/\/blogs.autodesk.com\/bimblog\/wp-content\/uploads\/sites\/108\/2018\/04\/logo_viteo.jpg 599w\" sizes=\"auto, (max-width: 170px) 100vw, 170px\" \/><\/td>\n<td width=\"200\"><img loading=\"lazy\" decoding=\"async\" class=\"size-medium wp-image-4117 aligncenter\" src=\"https:\/\/blogs.autodesk.com\/bimblog\/wp-content\/uploads\/sites\/108\/2018\/04\/LOW_COLLECTION_01\u00a9VITEO-Paul-Ott-Graz-1-300x225.jpg\" alt=\"\" width=\"300\" height=\"225\" srcset=\"https:\/\/blogs.autodesk.com\/bimblog\/wp-content\/uploads\/sites\/108\/2018\/04\/LOW_COLLECTION_01\u00a9VITEO-Paul-Ott-Graz-1-300x225.jpg 300w, https:\/\/blogs.autodesk.com\/bimblog\/wp-content\/uploads\/sites\/108\/2018\/04\/LOW_COLLECTION_01\u00a9VITEO-Paul-Ott-Graz-1-768x575.jpg 768w, https:\/\/blogs.autodesk.com\/bimblog\/wp-content\/uploads\/sites\/108\/2018\/04\/LOW_COLLECTION_01\u00a9VITEO-Paul-Ott-Graz-1-1024x767.jpg 1024w\" sizes=\"auto, (max-width: 300px) 100vw, 300px\" \/><\/td>\n<\/tr>\n<tr>\n<td width=\"200\">\n<p style=\"text-align: center\"><a href=\"https:\/\/www.weverducre.com\/\">Wever &amp; Ducr\u00e9<\/a><\/p>\n<\/td>\n<td width=\"200\">\u00a0<img loading=\"lazy\" decoding=\"async\" class=\"wp-image-4148 aligncenter\" src=\"https:\/\/blogs.autodesk.com\/bimblog\/wp-content\/uploads\/sites\/108\/2018\/04\/logo_wever_durce-300x177.jpg\" alt=\"\" width=\"184\" height=\"109\" srcset=\"https:\/\/blogs.autodesk.com\/bimblog\/wp-content\/uploads\/sites\/108\/2018\/04\/logo_wever_durce-300x177.jpg 300w, https:\/\/blogs.autodesk.com\/bimblog\/wp-content\/uploads\/sites\/108\/2018\/04\/logo_wever_durce-768x452.jpg 768w, https:\/\/blogs.autodesk.com\/bimblog\/wp-content\/uploads\/sites\/108\/2018\/04\/logo_wever_durce-1024x603.jpg 1024w\" sizes=\"auto, (max-width: 184px) 100vw, 184px\" \/><\/td>\n<td width=\"200\">\u00a0<img loading=\"lazy\" decoding=\"async\" class=\"size-medium wp-image-4118 aligncenter\" src=\"https:\/\/blogs.autodesk.com\/bimblog\/wp-content\/uploads\/sites\/108\/2018\/04\/FLOOR-SURFACE_6.0_silver-shine-221x300.png\" alt=\"\" width=\"221\" height=\"300\" srcset=\"https:\/\/blogs.autodesk.com\/bimblog\/wp-content\/uploads\/sites\/108\/2018\/04\/FLOOR-SURFACE_6.0_silver-shine-221x300.png 221w, https:\/\/blogs.autodesk.com\/bimblog\/wp-content\/uploads\/sites\/108\/2018\/04\/FLOOR-SURFACE_6.0_silver-shine-768x1044.png 768w, https:\/\/blogs.autodesk.com\/bimblog\/wp-content\/uploads\/sites\/108\/2018\/04\/FLOOR-SURFACE_6.0_silver-shine-754x1024.png 754w, https:\/\/blogs.autodesk.com\/bimblog\/wp-content\/uploads\/sites\/108\/2018\/04\/FLOOR-SURFACE_6.0_silver-shine.png 1413w\" sizes=\"auto, (max-width: 221px) 100vw, 221px\" \/><\/td>\n<\/tr>\n<tr>\n<td style=\"text-align: center\" width=\"200\"><a href=\"https:\/\/www.xal.com\/\">XAL<\/a><\/td>\n<td style=\"text-align: center\" width=\"200\"><img loading=\"lazy\" decoding=\"async\" class=\"wp-image-4146 aligncenter\" src=\"https:\/\/blogs.autodesk.com\/bimblog\/wp-content\/uploads\/sites\/108\/2018\/04\/logo_xal-300x143.jpg\" alt=\"\" width=\"126\" height=\"60\" srcset=\"https:\/\/blogs.autodesk.com\/bimblog\/wp-content\/uploads\/sites\/108\/2018\/04\/logo_xal-300x143.jpg 300w, https:\/\/blogs.autodesk.com\/bimblog\/wp-content\/uploads\/sites\/108\/2018\/04\/logo_xal-768x365.jpg 768w, https:\/\/blogs.autodesk.com\/bimblog\/wp-content\/uploads\/sites\/108\/2018\/04\/logo_xal-1024x487.jpg 1024w, https:\/\/blogs.autodesk.com\/bimblog\/wp-content\/uploads\/sites\/108\/2018\/04\/logo_xal.jpg 1471w\" sizes=\"auto, (max-width: 126px) 100vw, 126px\" \/><\/td>\n<td width=\"200\">\n<p style=\"text-align: center\"><img loading=\"lazy\" decoding=\"async\" class=\"size-medium wp-image-4120 aligncenter\" style=\"font-family: inherit;font-size: inherit\" src=\"https:\/\/blogs.autodesk.com\/bimblog\/wp-content\/uploads\/sites\/108\/2018\/04\/B0003470_RZ_300dpi-263x300.jpg\" alt=\"\" width=\"263\" height=\"300\" srcset=\"https:\/\/blogs.autodesk.com\/bimblog\/wp-content\/uploads\/sites\/108\/2018\/04\/B0003470_RZ_300dpi-263x300.jpg 263w, https:\/\/blogs.autodesk.com\/bimblog\/wp-content\/uploads\/sites\/108\/2018\/04\/B0003470_RZ_300dpi-768x876.jpg 768w, https:\/\/blogs.autodesk.com\/bimblog\/wp-content\/uploads\/sites\/108\/2018\/04\/B0003470_RZ_300dpi-897x1024.jpg 897w\" sizes=\"auto, (max-width: 263px) 100vw, 263px\" \/><\/p>\n<\/td>\n<\/tr>\n<\/tbody>\n<\/table>\n<p>&nbsp;<\/p>\n<p>&nbsp;<\/p>\n<p>Zur\u00fcck zur \u00dcbersicht:\u00a0<a href=\"https:\/\/blogs.autodesk.com\/bimblog\/bibliothek\/\">&#8220;Revit BIM Bibliothek D-A-CH&#8221;<\/a><\/p>\n","protected":false},"excerpt":{"rendered":"<p>Bei der Aktualisierung der M\u00f6bel war uns wichtig, Ihnen alle Familien zur Verf\u00fcgung zu stellen, mit denen es m\u00f6glich ist, zumindest ein Ein- oder Mehrfamilienhaus als auch B\u00fcrogeb\u00e4ude grunds\u00e4tzlich auszustatten und einzurichten.<br \/>\nZus\u00e4tzlich haben wie viele weitere Bauteile hinzugef\u00fcgt und aktualisiert wie Rolltreppen, M\u00fcllentsorgung, Brandschutzelemente, Kamine, Leuchten, Sanit\u00e4rinstallationen, Au\u00dfenbauteile wie Absperrungen,<\/p>\n","protected":false},"author":4685,"featured_media":4047,"parent":4000,"menu_order":0,"comment_status":"closed","ping_status":"closed","template":"","meta":{"_acf_changed":false,"inline_featured_image":false,"footnotes":""},"class_list":["post-3958","page","type-page","status-publish","has-post-thumbnail","hentry"],"acf":[],"_links":{"self":[{"href":"https:\/\/blogs.autodesk.com\/bimblog\/wp-json\/wp\/v2\/pages\/3958","targetHints":{"allow":["GET"]}}],"collection":[{"href":"https:\/\/blogs.autodesk.com\/bimblog\/wp-json\/wp\/v2\/pages"}],"about":[{"href":"https:\/\/blogs.autodesk.com\/bimblog\/wp-json\/wp\/v2\/types\/page"}],"author":[{"embeddable":true,"href":"https:\/\/blogs.autodesk.com\/bimblog\/wp-json\/wp\/v2\/users\/4685"}],"replies":[{"embeddable":true,"href":"https:\/\/blogs.autodesk.com\/bimblog\/wp-json\/wp\/v2\/comments?post=3958"}],"version-history":[{"count":0,"href":"https:\/\/blogs.autodesk.com\/bimblog\/wp-json\/wp\/v2\/pages\/3958\/revisions"}],"up":[{"embeddable":true,"href":"https:\/\/blogs.autodesk.com\/bimblog\/wp-json\/wp\/v2\/pages\/4000"}],"wp:featuredmedia":[{"embeddable":true,"href":"https:\/\/blogs.autodesk.com\/bimblog\/wp-json\/wp\/v2\/media\/4047"}],"wp:attachment":[{"href":"https:\/\/blogs.autodesk.com\/bimblog\/wp-json\/wp\/v2\/media?parent=3958"}],"curies":[{"name":"wp","href":"https:\/\/api.w.org\/{rel}","templated":true}]}}