{"id":3961,"date":"2018-03-22T11:05:27","date_gmt":"2018-03-22T10:05:27","guid":{"rendered":"https:\/\/blogs.autodesk.com\/bimblog\/?page_id=3961"},"modified":"2018-04-25T16:07:07","modified_gmt":"2018-04-25T14:07:07","slug":"weitere-verbesserungen","status":"publish","type":"page","link":"https:\/\/blogs.autodesk.com\/bimblog\/bibliothek\/weitere-verbesserungen\/","title":{"rendered":"Weitere Verbesserungen"},"content":{"rendered":"<p>Neben den neuen Bibliothekselementen und Vorlagedateien habe wir <strong>weitere Verbesserungen in Revit 2019<\/strong> eingepflegt, die Ihre Arbeitsabl\u00e4ufe mit Revit noch weiter vereinfachen und angenehmer gestalten sollen:<\/p>\n<ul>\n<li><strong>Deutsche Tastaturk\u00fcrzel<\/strong><\/li>\n<li><strong>Doppelklick-Tastaturk\u00fcrzel<\/strong><\/li>\n<li><strong>Revit Einsteiger Spickzettel bzw.\u00a0Revit Sonderk\u00fcrzel<\/strong><\/li>\n<li><strong>Revit DWG Export Layer<\/strong><\/li>\n<li><strong>Schraffurmuster<\/strong><\/li>\n<li><strong>Gemeinsam genutzte Parameter<\/strong><\/li>\n<li><strong>IFC Exporteinstellungen f\u00fcr AVA<\/strong><\/li>\n<\/ul>\n<p>Viele dieser Verbesserungen, wurden ebenfalls zusammen mit der\u00a0<a href=\"http:\/\/www.rug-dach.de\/\" target=\"_blank\" rel=\"noopener\">Revit User Group<\/a>\u00a0entwickelt und schon \u00fcber einige Jahre gepflegt. <strong>Die Dateien und genauen Beschreibungen hierzu finden Sie im Bibliotheksordner &#8220;C:\\ProgramData\\Autodesk\\RVT 2019\\Templates\\Germany&#8221;.<\/strong><\/p>\n<p>&nbsp;<\/p>\n<p><strong>Deutsche Tastaturk\u00fcrzel <\/strong><\/p>\n<p>Wir haben die deutschen Tastaturk\u00fcrzel f\u00fcr Revit wieder aufleben lassen, welche wir in fr\u00fcheren Versionen schon einmal ver\u00f6ffentlicht hatten. Viele Anwender in D-A-CH fanden diese Zusammenstellung sehr hilfreich und haben diese anstatt der englischen Tastaturk\u00fcrzel verwendet. Hier einige Beispiele zu den deutschen Tastaturk\u00fcrzeln:<\/p>\n<ul>\n<li>ML &#8211; Material-Liste erstellen<\/li>\n<li>EF &#8211; Einzelfundament erstellen<\/li>\n<li>GE &#8211; Gel\u00e4nder erstellen<\/li>\n<li>RM &#8211; Raum erstellen<\/li>\n<li>DUP &#8211; Ansicht duplizieren<\/li>\n<li>RVT &#8211; Revit Datei verlinken<\/li>\n<li>JPG &#8211; Rasterbild importieren<\/li>\n<\/ul>\n<p>&nbsp;<\/p>\n<p><strong>Doppelklick Tastaturk\u00fcrzel<\/strong><\/p>\n<p>Zus\u00e4tzlich dazu haben wir auch die &#8220;Doppelklick Tastaturk\u00fcrzel&#8221; wieder aufleben lassen und diese f\u00fcr Sie zur Verf\u00fcgung gestellt.\u00a0Bei diesen Tastaturk\u00fcrzeln k\u00f6nnen Sie mit einem &#8220;Doppelklick&#8221; auf einzelne Buchstaben h\u00e4ufig benutzte Funktionen super schnell aufrufen, womit die Geschwindigkeit beim Arbeiten mit Revit noch einmal erh\u00f6ht wird.<\/p>\n<p>Beispiele hierzu sind:<\/p>\n<ul>\n<li>WW &#8211; Erstellen von W\u00e4nden<\/li>\n<li>FF &#8211; Erstellen von Fenstern<\/li>\n<li>GG &#8211; Geschossdecken erstellen<\/li>\n<li>MM &#8211; Material Bibliothek \u00f6ffnen<\/li>\n<li>OO &#8211; Objektstile Men\u00fc \u00f6ffnen<\/li>\n<li>AA &#8211; Ausrichten<\/li>\n<\/ul>\n<p>Zum schnellen Erlernen aller &#8220;Doppelklicks&#8221; haben wir eine \u00dcbersicht erstellt, welche im oben genannten Ordner als PDF zur Verf\u00fcgung steht:<br \/>\n<img loading=\"lazy\" decoding=\"async\" class=\"alignleft\" src=\"https:\/\/blogs.autodesk.com\/bimblog\/wp-content\/uploads\/sites\/108\/2018\/01\/Capture.png\" alt=\"\" width=\"524\" height=\"322\" \/><\/p>\n<p>&nbsp;<\/p>\n<p>&nbsp;<\/p>\n<p>&nbsp;<\/p>\n<p>&nbsp;<\/p>\n<p>&nbsp;<\/p>\n<p>&nbsp;<\/p>\n<p>&nbsp;<\/p>\n<p>&nbsp;<\/p>\n<p>&nbsp;<\/p>\n<p>Selbstverst\u00e4ndlich k\u00f6nnen Sie die &#8220;Doppelklicks&#8221; f\u00fcr sich und Ihr Unternehmen anpassen, denn nicht jede Funktion wird von allen Anwendern gleich h\u00e4ufig genutzt.<\/p>\n<p>&nbsp;<\/p>\n<p><strong>Revit Einsteiger Spickzettel bzw.\u00a0Revit Sonderk\u00fcrzel\u00a0<\/strong><\/p>\n<p>Viele Revit Einsteiger fanden beim Einstieg in Revit den &#8220;Revit Spickzettel&#8221; sehr hilfreich, der die grunds\u00e4tzliche Navigation mit Tastatur und Maus in Revit erkl\u00e4rt. Vor allem die Funktion der TAB-Taste zum Ausw\u00e4hlen der gew\u00fcnschten Objekte und Punkte oder auch der Leerzeichen-Taste zum Drehen von Objekten ist nicht jedem Anwender gleich gel\u00e4ufig. Aber auch bekannte Windows Tasten wie F2 zum Umbenennen von Ansichten oder das typische Verwenden von Shift und Strg wird dargestellt:<\/p>\n<p><a href=\"https:\/\/blogs.autodesk.com\/bimblog\/wp-content\/uploads\/sites\/108\/2018\/04\/Revit-Cheatsheet.png\"><img loading=\"lazy\" decoding=\"async\" class=\"alignnone wp-image-4082\" src=\"https:\/\/blogs.autodesk.com\/bimblog\/wp-content\/uploads\/sites\/108\/2018\/04\/Revit-Cheatsheet.png\" alt=\"\" width=\"641\" height=\"432\" srcset=\"https:\/\/blogs.autodesk.com\/bimblog\/wp-content\/uploads\/sites\/108\/2018\/04\/Revit-Cheatsheet.png 2696w, https:\/\/blogs.autodesk.com\/bimblog\/wp-content\/uploads\/sites\/108\/2018\/04\/Revit-Cheatsheet-300x202.png 300w, https:\/\/blogs.autodesk.com\/bimblog\/wp-content\/uploads\/sites\/108\/2018\/04\/Revit-Cheatsheet-768x518.png 768w, https:\/\/blogs.autodesk.com\/bimblog\/wp-content\/uploads\/sites\/108\/2018\/04\/Revit-Cheatsheet-1024x690.png 1024w\" sizes=\"auto, (max-width: 641px) 100vw, 641px\" \/><\/a><\/p>\n<p>&nbsp;<\/p>\n<p><strong>Revit DWG Exportlayer<\/strong><\/p>\n<p>Um Revit Dateien mit typisch deutschsprachigen Layerbezeichnungen als DWG zu exportieren, stellen wir Ihnen wie gewohnt die &#8220;Revit DWG Exportlayers-DEU.txt&#8221; Datei zur Verf\u00fcgung, welche Sie beim Export in Revit einfach ausw\u00e4hlen k\u00f6nnen. Die Revit Kategorien und Unterkategorien werden dann nach der Konvention [Verfasser]_[Kategorie]_[Unterkategorie] exportiert.<\/p>\n<p>Beispiel:<\/p>\n<p>Revit Elemente, die sich in der Kategorie: Fenster \/ Unterkategorie: Fl\u00fcgel befinden,<br \/>\nwerden auf dem Layer &#8220;A_Fenster_Fl\u00fcgel&#8221; exportiert.<\/p>\n<p>A ist dabei das Kurzzeichen f\u00fcr Architekt.<\/p>\n<p>Um diese Einstellung als Standard zu \u00fcbernehmen, folgen Sie bitte der Anleitung in der\u00a0Datei &#8220;Revit DWG Exportlayers &#8211; Kurzanleitung.txt&#8221;<\/p>\n<p>&nbsp;<\/p>\n<p><strong>Schraffurmuster<\/strong><\/p>\n<p>Auch im Bereich der Schraffuren hat sich etwas getan, denn in der Datei Revit Schraffuren-DEU.pat sind die Schraffurmuster f\u00fcr z.B. Stahlbeton, Mauerwerk, D\u00e4mmung, Betonfertigteile, Rollierung und Holzdielen enthalten. Diese Schraffuren sind zum Teil schon im Template enthalten, um sie nachtr\u00e4glich zu einem Projekt hinzuzuf\u00fcgen, rufen Sie den Befehl [Verwalten &gt; Weitere Einstellungen &gt; F\u00fcllmuster] auf.<br \/>\nSie k\u00f6nnen PAT Datei auch bearbeiten und die vorhandenen Muster ab\u00e4ndern oder auch eigene hinzuzuf\u00fcgen.<\/p>\n<p>\u00dcbersicht \u00fcber die Schraffuren:<\/p>\n<p><img loading=\"lazy\" decoding=\"async\" class=\"alignnone wp-image-4015\" src=\"https:\/\/blogs.autodesk.com\/bimblog\/wp-content\/uploads\/sites\/108\/2018\/04\/WV_Schraffuren.jpg\" alt=\"\" width=\"717\" height=\"660\" srcset=\"https:\/\/blogs.autodesk.com\/bimblog\/wp-content\/uploads\/sites\/108\/2018\/04\/WV_Schraffuren.jpg 848w, https:\/\/blogs.autodesk.com\/bimblog\/wp-content\/uploads\/sites\/108\/2018\/04\/WV_Schraffuren-300x276.jpg 300w, https:\/\/blogs.autodesk.com\/bimblog\/wp-content\/uploads\/sites\/108\/2018\/04\/WV_Schraffuren-768x707.jpg 768w\" sizes=\"auto, (max-width: 717px) 100vw, 717px\" \/><\/p>\n<p>&nbsp;<\/p>\n<p><strong>Gemeinsam genutzte Parameter<\/strong><\/p>\n<p>Diese sind f\u00fcr die Auswertung von Bauteilen da, um Parameter auf den 2D Plan zu \u00fcbertragen. Diese Datei ist ebenfalls im oben genannten Ordner abgespeichert. Die gemeinsam genutzten Parameter k\u00f6nnen innerhalb der Revitumgebung angepasst und ver\u00e4ndert werden. Eine manuelle \u00c4nderung der Text-Datei an sich ist nicht zu empfehlen.<\/p>\n<p>&nbsp;<\/p>\n<p><strong>IFC Exporteinstellungen f\u00fcr AVA<\/strong><\/p>\n<p>In dieser Version wurden auch die Exporteinstellungen erweitert. Diese Exporteinstellung finden Sie unter:<\/p>\n<p>Datei &gt; Exportieren &gt; IFC &gt; Einrichtung \u00e4ndern\u2026<\/p>\n<p><img loading=\"lazy\" decoding=\"async\" class=\"alignnone size-full wp-image-4161\" src=\"https:\/\/blogs.autodesk.com\/bimblog\/wp-content\/uploads\/sites\/108\/2018\/04\/revit_ifcexportnachava.jpg\" alt=\"\" width=\"887\" height=\"403\" srcset=\"https:\/\/blogs.autodesk.com\/bimblog\/wp-content\/uploads\/sites\/108\/2018\/04\/revit_ifcexportnachava.jpg 887w, https:\/\/blogs.autodesk.com\/bimblog\/wp-content\/uploads\/sites\/108\/2018\/04\/revit_ifcexportnachava-300x136.jpg 300w, https:\/\/blogs.autodesk.com\/bimblog\/wp-content\/uploads\/sites\/108\/2018\/04\/revit_ifcexportnachava-768x349.jpg 768w\" sizes=\"auto, (max-width: 887px) 100vw, 887px\" \/><\/p>\n<p>&nbsp;<\/p>\n<p>Weitere Informationen \u00fcber die Zusammenarbeit mit AVA und ein Anwendungsbeispiel finden Sie unter:\u00a0<a href=\"https:\/\/www.orca-software.com\/revit\">https:\/\/www.orca-software.com\/revit<\/a><\/p>\n<p>&nbsp;<\/p>\n<p>Zur\u00fcck zur \u00dcbersicht:\u00a0<a href=\"https:\/\/blogs.autodesk.com\/bimblog\/bibliothek\/\">&#8220;Revit BIM Bibliothek D-A-CH&#8221;<\/a><\/p>\n","protected":false},"excerpt":{"rendered":"<p>Neben den neuen Bibliothekselementen und Vorlagedateien habe wir weitere Verbesserungen in Revit 2019 eingepflegt, die Ihre Arbeitsabl\u00e4ufe mit Revit noch weiter vereinfachen und angenehmer gestalten sollen:<\/p>\n<ul>\n<li>Deutsche Tastaturk\u00fcrzel<\/li>\n<li>Doppelklick-Tastaturk\u00fcrzel<\/li>\n<li>Revit Einsteiger Spickzettel bzw.\u00a0Revit Sonderk\u00fcrzel<\/li>\n<li>Revit DWG Export Layer<\/li>\n<li>Schraffurmuster<\/li>\n<li>Gemeinsam genutzte Parameter<\/li>\n<li>IFC Exporteinstellungen f\u00fcr AVA<\/li>\n<\/ul>\n<p>Viele dieser Verbesserungen,<\/p>\n","protected":false},"author":4685,"featured_media":4054,"parent":4000,"menu_order":0,"comment_status":"closed","ping_status":"closed","template":"","meta":{"_acf_changed":false,"inline_featured_image":false,"footnotes":""},"class_list":["post-3961","page","type-page","status-publish","has-post-thumbnail","hentry"],"acf":[],"_links":{"self":[{"href":"https:\/\/blogs.autodesk.com\/bimblog\/wp-json\/wp\/v2\/pages\/3961","targetHints":{"allow":["GET"]}}],"collection":[{"href":"https:\/\/blogs.autodesk.com\/bimblog\/wp-json\/wp\/v2\/pages"}],"about":[{"href":"https:\/\/blogs.autodesk.com\/bimblog\/wp-json\/wp\/v2\/types\/page"}],"author":[{"embeddable":true,"href":"https:\/\/blogs.autodesk.com\/bimblog\/wp-json\/wp\/v2\/users\/4685"}],"replies":[{"embeddable":true,"href":"https:\/\/blogs.autodesk.com\/bimblog\/wp-json\/wp\/v2\/comments?post=3961"}],"version-history":[{"count":0,"href":"https:\/\/blogs.autodesk.com\/bimblog\/wp-json\/wp\/v2\/pages\/3961\/revisions"}],"up":[{"embeddable":true,"href":"https:\/\/blogs.autodesk.com\/bimblog\/wp-json\/wp\/v2\/pages\/4000"}],"wp:featuredmedia":[{"embeddable":true,"href":"https:\/\/blogs.autodesk.com\/bimblog\/wp-json\/wp\/v2\/media\/4054"}],"wp:attachment":[{"href":"https:\/\/blogs.autodesk.com\/bimblog\/wp-json\/wp\/v2\/media?parent=3961"}],"curies":[{"name":"wp","href":"https:\/\/api.w.org\/{rel}","templated":true}]}}