{"id":3967,"date":"2018-03-22T16:16:48","date_gmt":"2018-03-22T15:16:48","guid":{"rendered":"https:\/\/blogs.autodesk.com\/bimblog\/?page_id=3967"},"modified":"2018-04-11T15:39:39","modified_gmt":"2018-04-11T13:39:39","slug":"dachaufbauten","status":"publish","type":"page","link":"https:\/\/blogs.autodesk.com\/bimblog\/bibliothek\/dachaufbauten\/","title":{"rendered":"Dachaufbauten"},"content":{"rendered":"<p>Neben neuen Dachtypen, welche wie gewohnt im Projekt bearbeitet werden k\u00f6nnen, wurden ebenfalls viele weitere Dachaufbauten neu erstellt.<\/p>\n<p>Dachfenster sind jetzt, wie auch die neuen allgemeinen Fenster in Revit, um ein vielfaches detaillierter und praxisbezogener.<\/p>\n<p>Weitere Dachelemente wurden erg\u00e4nzt wie zum Beispiel:<\/p>\n<ul>\n<li>Schneef\u00e4nge<\/li>\n<li>Tritte<\/li>\n<li>Leitern<\/li>\n<li>Dachrinnen und Fallrohre<\/li>\n<li>Dachgauben<\/li>\n<\/ul>\n<p>Das folgende Bild enth\u00e4lt eine kleine \u00dcbersicht f\u00fcr die Dachaufbauelemente.<\/p>\n<p><img loading=\"lazy\" decoding=\"async\" class=\"alignnone wp-image-4008\" src=\"https:\/\/blogs.autodesk.com\/bimblog\/wp-content\/uploads\/sites\/108\/2018\/04\/Dachaufbauten.jpg\" alt=\"\" width=\"1003\" height=\"368\" srcset=\"https:\/\/blogs.autodesk.com\/bimblog\/wp-content\/uploads\/sites\/108\/2018\/04\/Dachaufbauten.jpg 1518w, https:\/\/blogs.autodesk.com\/bimblog\/wp-content\/uploads\/sites\/108\/2018\/04\/Dachaufbauten-300x110.jpg 300w, https:\/\/blogs.autodesk.com\/bimblog\/wp-content\/uploads\/sites\/108\/2018\/04\/Dachaufbauten-768x282.jpg 768w, https:\/\/blogs.autodesk.com\/bimblog\/wp-content\/uploads\/sites\/108\/2018\/04\/Dachaufbauten-1024x376.jpg 1024w\" sizes=\"auto, (max-width: 1003px) 100vw, 1003px\" \/><\/p>\n<p>Die obige \u00dcbersicht finden Sie im Bibliotheksordner &#8220;Libraries&#8221; im Unterordner &#8220;&#8212;&#8211; Revit BIM Bibliotheken &#8212;&#8211;&#8221; als Projekt &#8220;Revit BIM Bibliothek &#8211; Architektur &#8211; Bauteil &#8211; Dachgauben &#8211; Beispiele.rvt&#8221;<\/p>\n<p>Die Familien selbst finden Sie unter dem Ordner &#8220;Architektur &#8211; Bauteil\\Sonderausstattung&#8221;<\/p>\n<p>&nbsp;<\/p>\n<p>Zur\u00fcck zur \u00dcbersicht:\u00a0<a href=\"https:\/\/blogs.autodesk.com\/bimblog\/bibliothek\/\">&#8220;Revit BIM Bibliothek D-A-CH&#8221;<\/a><\/p>\n","protected":false},"excerpt":{"rendered":"<p>Neben neuen Dachtypen, welche wie gewohnt im Projekt bearbeitet werden k\u00f6nnen, wurden ebenfalls viele weitere Dachaufbauten neu erstellt.<\/p>\n<p>Dachfenster sind jetzt, wie auch die neuen allgemeinen Fenster in Revit, um ein vielfaches detaillierter und praxisbezogener.<\/p>\n<p>Weitere Dachelemente wurden erg\u00e4nzt wie zum Beispiel:<\/p>\n<ul>\n<li>Schneef\u00e4nge<\/li>\n<li>Tritte<\/li>\n<li>Leitern<\/li>\n<li>Dachrinnen und Fallrohre<\/li>\n<li>Dachgauben<\/li>\n<\/ul>\n<p>Das folgende Bild enth\u00e4lt eine kleine \u00dcbersicht f\u00fcr die Dachaufbauelemente.<\/p>\n","protected":false},"author":4685,"featured_media":4045,"parent":4000,"menu_order":0,"comment_status":"closed","ping_status":"closed","template":"","meta":{"_acf_changed":false,"inline_featured_image":false,"footnotes":""},"class_list":["post-3967","page","type-page","status-publish","has-post-thumbnail","hentry"],"acf":[],"_links":{"self":[{"href":"https:\/\/blogs.autodesk.com\/bimblog\/wp-json\/wp\/v2\/pages\/3967","targetHints":{"allow":["GET"]}}],"collection":[{"href":"https:\/\/blogs.autodesk.com\/bimblog\/wp-json\/wp\/v2\/pages"}],"about":[{"href":"https:\/\/blogs.autodesk.com\/bimblog\/wp-json\/wp\/v2\/types\/page"}],"author":[{"embeddable":true,"href":"https:\/\/blogs.autodesk.com\/bimblog\/wp-json\/wp\/v2\/users\/4685"}],"replies":[{"embeddable":true,"href":"https:\/\/blogs.autodesk.com\/bimblog\/wp-json\/wp\/v2\/comments?post=3967"}],"version-history":[{"count":0,"href":"https:\/\/blogs.autodesk.com\/bimblog\/wp-json\/wp\/v2\/pages\/3967\/revisions"}],"up":[{"embeddable":true,"href":"https:\/\/blogs.autodesk.com\/bimblog\/wp-json\/wp\/v2\/pages\/4000"}],"wp:featuredmedia":[{"embeddable":true,"href":"https:\/\/blogs.autodesk.com\/bimblog\/wp-json\/wp\/v2\/media\/4045"}],"wp:attachment":[{"href":"https:\/\/blogs.autodesk.com\/bimblog\/wp-json\/wp\/v2\/media?parent=3967"}],"curies":[{"name":"wp","href":"https:\/\/api.w.org\/{rel}","templated":true}]}}