{"id":3979,"date":"2018-03-28T12:09:16","date_gmt":"2018-03-28T10:09:16","guid":{"rendered":"https:\/\/blogs.autodesk.com\/bimblog\/?page_id=3979"},"modified":"2018-04-11T16:57:09","modified_gmt":"2018-04-11T14:57:09","slug":"detailbauteile-und-symbole","status":"publish","type":"page","link":"https:\/\/blogs.autodesk.com\/bimblog\/bibliothek\/detailbauteile-und-symbole\/","title":{"rendered":"Detailbauteile und Symbole"},"content":{"rendered":"<p>F\u00fcr Revit 2019 wurden alle bestehenden 2D-Elemente bereinigt und neu in Unterkategorien sortiert, damit alle Symbole und Detailbauteile auch als solche in ein Projekt eingef\u00fcgt werden k\u00f6nnen.<br \/>\nZum Teil noch vorhandene unterlegte DWG&#8217;s wurden entfernt und Textdateien kontrolliert und berichtigt.<\/p>\n<p>Zus\u00e4tzlich wurden weitere Elemente, wie zum Beispiel Schleppkurven,\u00a0hinzugef\u00fcgt und sinnvolle Einstellungsm\u00f6glichkeiten f\u00fcr die Details nach Funktionen erg\u00e4nzt.<\/p>\n<p>Die Detailbauteile wurden folgenderma\u00dfen unterteilt:<br \/>\n<img loading=\"lazy\" decoding=\"async\" class=\"wp-image-4063 alignnone\" src=\"https:\/\/blogs.autodesk.com\/bimblog\/wp-content\/uploads\/sites\/108\/2018\/04\/Detailbauteile.png\" alt=\"\" width=\"145\" height=\"180\" srcset=\"https:\/\/blogs.autodesk.com\/bimblog\/wp-content\/uploads\/sites\/108\/2018\/04\/Detailbauteile.png 259w, https:\/\/blogs.autodesk.com\/bimblog\/wp-content\/uploads\/sites\/108\/2018\/04\/Detailbauteile-241x300.png 241w\" sizes=\"auto, (max-width: 145px) 100vw, 145px\" \/><\/p>\n<p>Hierbei beinhaltet der Ordner &#8220;Detailelemente&#8221; allgemeine 2D Details verschiedenster Kategorien, &#8220;Barrierefrei&#8221;\u00a0generelle Vorschl\u00e4ge zum Platzbedarf in verschiedenen Situationen, &#8220;Plangestaltung&#8221;\u00a0Elemente zum Ausgestalten der Ansichten, wie z.B. Menschen, Pflanzen und Fahrzeuge und &#8220;Schleppkurven&#8221; Familien zur besseren Absch\u00e4tzung der Radien f\u00fcr verschiedene Fahrzeuge, die zwar eine Berechnung nicht ersetzen, aber einen ersten Eindruck vom Platzbedarf geben sollen.<\/p>\n<p>&nbsp;<\/p>\n<p>Die Symbole haben folgende Unterteilung:<br \/>\n<img loading=\"lazy\" decoding=\"async\" class=\"wp-image-4064 alignnone\" src=\"https:\/\/blogs.autodesk.com\/bimblog\/wp-content\/uploads\/sites\/108\/2018\/04\/Symbole.png\" alt=\"\" width=\"322\" height=\"271\" srcset=\"https:\/\/blogs.autodesk.com\/bimblog\/wp-content\/uploads\/sites\/108\/2018\/04\/Symbole.png 546w, https:\/\/blogs.autodesk.com\/bimblog\/wp-content\/uploads\/sites\/108\/2018\/04\/Symbole-300x252.png 300w\" sizes=\"auto, (max-width: 322px) 100vw, 322px\" \/><\/p>\n<p>Alle Familien sind zur schnellen \u00dcbersicht im Bibliotheksordner &#8220;Libraries&#8221;, Unterordner &#8220;&#8212;&#8211; Revit BIM Bibliotheken &#8212;&#8211;&#8221; in Sammeldateien einsehbar.<\/p>\n<p>Beispiele f\u00fcr Symbole und Detailbauteile:<br \/>\n<a href=\"https:\/\/blogs.autodesk.com\/bimblog\/wp-content\/uploads\/sites\/108\/2018\/04\/Symbole-und-Detailbauteile.png\"><img loading=\"lazy\" decoding=\"async\" class=\"alignnone size-full wp-image-4108\" src=\"https:\/\/blogs.autodesk.com\/bimblog\/wp-content\/uploads\/sites\/108\/2018\/04\/Symbole-und-Detailbauteile.png\" alt=\"\" width=\"2300\" height=\"1067\" srcset=\"https:\/\/blogs.autodesk.com\/bimblog\/wp-content\/uploads\/sites\/108\/2018\/04\/Symbole-und-Detailbauteile.png 2300w, https:\/\/blogs.autodesk.com\/bimblog\/wp-content\/uploads\/sites\/108\/2018\/04\/Symbole-und-Detailbauteile-300x139.png 300w, https:\/\/blogs.autodesk.com\/bimblog\/wp-content\/uploads\/sites\/108\/2018\/04\/Symbole-und-Detailbauteile-768x356.png 768w, https:\/\/blogs.autodesk.com\/bimblog\/wp-content\/uploads\/sites\/108\/2018\/04\/Symbole-und-Detailbauteile-1024x475.png 1024w\" sizes=\"auto, (max-width: 2300px) 100vw, 2300px\" \/><\/a><\/p>\n<p>Zur\u00fcck zur \u00dcbersicht:\u00a0<a href=\"https:\/\/blogs.autodesk.com\/bimblog\/bibliothek\/\">&#8220;Revit BIM Bibliothek D-A-CH&#8221;<\/a><\/p>\n","protected":false},"excerpt":{"rendered":"<p>F\u00fcr Revit 2019 wurden alle bestehenden 2D-Elemente bereinigt und neu in Unterkategorien sortiert, damit alle Symbole und Detailbauteile auch als solche in ein Projekt eingef\u00fcgt werden k\u00f6nnen.<br \/>\nZum Teil noch vorhandene unterlegte DWG&#8217;s wurden entfernt und Textdateien kontrolliert und berichtigt.<\/p>\n<p>Zus\u00e4tzlich wurden weitere Elemente, wie zum Beispiel Schleppkurven,\u00a0<\/p>\n","protected":false},"author":4685,"featured_media":4043,"parent":4000,"menu_order":0,"comment_status":"closed","ping_status":"closed","template":"","meta":{"_acf_changed":false,"inline_featured_image":false,"footnotes":""},"class_list":["post-3979","page","type-page","status-publish","has-post-thumbnail","hentry"],"acf":[],"_links":{"self":[{"href":"https:\/\/blogs.autodesk.com\/bimblog\/wp-json\/wp\/v2\/pages\/3979","targetHints":{"allow":["GET"]}}],"collection":[{"href":"https:\/\/blogs.autodesk.com\/bimblog\/wp-json\/wp\/v2\/pages"}],"about":[{"href":"https:\/\/blogs.autodesk.com\/bimblog\/wp-json\/wp\/v2\/types\/page"}],"author":[{"embeddable":true,"href":"https:\/\/blogs.autodesk.com\/bimblog\/wp-json\/wp\/v2\/users\/4685"}],"replies":[{"embeddable":true,"href":"https:\/\/blogs.autodesk.com\/bimblog\/wp-json\/wp\/v2\/comments?post=3979"}],"version-history":[{"count":0,"href":"https:\/\/blogs.autodesk.com\/bimblog\/wp-json\/wp\/v2\/pages\/3979\/revisions"}],"up":[{"embeddable":true,"href":"https:\/\/blogs.autodesk.com\/bimblog\/wp-json\/wp\/v2\/pages\/4000"}],"wp:featuredmedia":[{"embeddable":true,"href":"https:\/\/blogs.autodesk.com\/bimblog\/wp-json\/wp\/v2\/media\/4043"}],"wp:attachment":[{"href":"https:\/\/blogs.autodesk.com\/bimblog\/wp-json\/wp\/v2\/media?parent=3979"}],"curies":[{"name":"wp","href":"https:\/\/api.w.org\/{rel}","templated":true}]}}