{"id":4000,"date":"2018-03-29T15:13:18","date_gmt":"2018-03-29T13:13:18","guid":{"rendered":"https:\/\/blogs.autodesk.com\/bimblog\/?page_id=4000"},"modified":"2020-06-10T15:46:33","modified_gmt":"2020-06-10T13:46:33","slug":"bibliothek","status":"publish","type":"page","link":"https:\/\/blogs.autodesk.com\/bimblog\/bibliothek\/","title":{"rendered":"Revit BIM Bibliothek D-A-CH"},"content":{"rendered":"<h4>Willkommen auf der \u00dcbersichtsseite f\u00fcr die neue Revit BIM Bibliothek D-A-CH!<\/h4>\n<p>Die <strong>Revit Bibliothek f\u00fcr Deutschland, \u00d6sterreich und die Schweiz (<a href=\"https:\/\/de.wikipedia.org\/wiki\/D-A-CH\">D-A-CH<\/a>)<\/strong> wurde <strong>mit Revit 2019 komplett \u00fcberarbeitet, erneuert und erweitert<\/strong>. Mit <strong>Revit 2020 und 2021 wurden erneut Verbesserungen und Kundenfeedback eingebaut sowie neue Themenbereiche hinzugef\u00fcgt<\/strong>.<br \/>\nDie Bibliothek wurde in Zusammenarbeit mit zahlreichen Kunden und der deutschsprachigen <a href=\"http:\/\/www.rug-dach.de\/\" target=\"_blank\" rel=\"noopener noreferrer\">Revit User Group<\/a>\u00a0(<em>Bindeglied zwischen den Benutzern von Revit und dem Hersteller Autodesk)\u00a0<\/em>entwickelt, \u00fcber die jeder von Ihnen sein Feedback abgeben und somit den Inhalt direkt beeinflussen konnte und auch in der Zukunft kann.<\/p>\n<p>Wir haben <strong>alle Familien bearbeitet, aktualisiert und noch weiter auf die Anforderungen in D-A-CH angepasst<\/strong> sowie zahlreiche <strong>neue Familien nach Kundenw\u00fcnschen<\/strong> hinzugef\u00fcgt, wie z.B. Objekte f\u00fcr die Baustelleneinrichtung, den Holzbau oder den Industriebau. Zur Steigerung der \u00dcbersichtlichkeit haben wir die Ordnerstruktur aller Familien vereinfacht und verbessert. BIM Sammeldateien geben zus\u00e4tzlich eine sofortige \u00dcbersicht der jeweiligen Familien einer Kategorie.<\/p>\n<p>Die <strong>Vorlagedateien wurden ebenfalls komplett \u00fcberarbeitet, norm- und praxisgerechter<\/strong> gestaltet. Ziel der Vorlagen ist es, mit zus\u00e4tzlichen Voreinstellungen, die f\u00fcr den D-A-CH Bereich typischen BIM Planungs- und Dokumentationsabl\u00e4ufe grundlegend abzubilden.<br \/>\nDurch flexible Familien und Einstellungen k\u00f6nnen wir Ihnen ab sofort eine gemeinsame Vorlage f\u00fcr Deutschland, \u00d6sterreich und die Schweiz anbieten!<br \/>\nUm Ihnen zus\u00e4tzlich eine noch bessere BIM Arbeitsweise zu erm\u00f6glichen, haben wir ebenfalls eine gemeinsame Vorlagedatei f\u00fcr die\u00a0Architektur und den Ingenieurbau entwickelt, so dass Sie in einer Datei noch besser zusammenarbeiten k\u00f6nnen, bzw. sich die T\u00e4tigkeitsfelder oft \u00fcberschneiden. F\u00fcr die Geb\u00e4udetechnik gibt es eine eigene Vorlagendatei, welche nahtlos in die Architektur und Ingenieurbauvorlage verlinkt werden kann.<\/p>\n<p>Hier finden Sie eine \u00dcbersicht \u00fcber die \u00c4nderungen, mit Links zu den jeweiligen Themen:<\/p>\n<table>\n<tbody>\n<tr>\n<td width=\"120\"><a href=\"https:\/\/blogs.autodesk.com\/bimblog\/bibliothek\/vorlagedateien-templates\/\"><img loading=\"lazy\" decoding=\"async\" class=\"wp-image-4036 alignnone\" src=\"https:\/\/blogs.autodesk.com\/bimblog\/wp-content\/uploads\/sites\/108\/2018\/04\/thumb-vorlagedateien2.jpg\" alt=\"\" width=\"120\" height=\"120\" srcset=\"https:\/\/blogs.autodesk.com\/bimblog\/wp-content\/uploads\/sites\/108\/2018\/04\/thumb-vorlagedateien2.jpg 500w, https:\/\/blogs.autodesk.com\/bimblog\/wp-content\/uploads\/sites\/108\/2018\/04\/thumb-vorlagedateien2-150x150.jpg 150w, https:\/\/blogs.autodesk.com\/bimblog\/wp-content\/uploads\/sites\/108\/2018\/04\/thumb-vorlagedateien2-300x300.jpg 300w, https:\/\/blogs.autodesk.com\/bimblog\/wp-content\/uploads\/sites\/108\/2018\/04\/thumb-vorlagedateien2-190x190.jpg 190w\" sizes=\"auto, (max-width: 120px) 100vw, 120px\" \/><\/a><\/td>\n<td width=\"120\"><a href=\"https:\/\/blogs.autodesk.com\/bimblog\/bibliothek\/fenster\/\"><img loading=\"lazy\" decoding=\"async\" class=\"alignnone wp-image-4079\" src=\"https:\/\/blogs.autodesk.com\/bimblog\/wp-content\/uploads\/sites\/108\/2018\/04\/thumb-fenster.jpg\" alt=\"\" width=\"120\" height=\"120\" srcset=\"https:\/\/blogs.autodesk.com\/bimblog\/wp-content\/uploads\/sites\/108\/2018\/04\/thumb-fenster.jpg 500w, https:\/\/blogs.autodesk.com\/bimblog\/wp-content\/uploads\/sites\/108\/2018\/04\/thumb-fenster-150x150.jpg 150w, https:\/\/blogs.autodesk.com\/bimblog\/wp-content\/uploads\/sites\/108\/2018\/04\/thumb-fenster-300x300.jpg 300w, https:\/\/blogs.autodesk.com\/bimblog\/wp-content\/uploads\/sites\/108\/2018\/04\/thumb-fenster-190x190.jpg 190w\" sizes=\"auto, (max-width: 120px) 100vw, 120px\" \/><\/a><\/td>\n<td width=\"120\"><a href=\"https:\/\/blogs.autodesk.com\/bimblog\/bibliothek\/tueren\/\"><img loading=\"lazy\" decoding=\"async\" class=\"alignnone wp-image-4125\" src=\"https:\/\/blogs.autodesk.com\/bimblog\/wp-content\/uploads\/sites\/108\/2018\/04\/thumbs-tueren-1.png\" alt=\"\" width=\"120\" height=\"120\" srcset=\"https:\/\/blogs.autodesk.com\/bimblog\/wp-content\/uploads\/sites\/108\/2018\/04\/thumbs-tueren-1.png 500w, https:\/\/blogs.autodesk.com\/bimblog\/wp-content\/uploads\/sites\/108\/2018\/04\/thumbs-tueren-1-150x150.png 150w, https:\/\/blogs.autodesk.com\/bimblog\/wp-content\/uploads\/sites\/108\/2018\/04\/thumbs-tueren-1-300x300.png 300w, https:\/\/blogs.autodesk.com\/bimblog\/wp-content\/uploads\/sites\/108\/2018\/04\/thumbs-tueren-1-190x190.png 190w\" sizes=\"auto, (max-width: 120px) 100vw, 120px\" \/><\/a><\/td>\n<td width=\"120\"><a href=\"https:\/\/blogs.autodesk.com\/bimblog\/bibliothek\/moebel\/\"><img loading=\"lazy\" decoding=\"async\" class=\"alignnone wp-image-4116\" src=\"https:\/\/blogs.autodesk.com\/bimblog\/wp-content\/uploads\/sites\/108\/2018\/04\/thumbs-moebel.png\" alt=\"\" width=\"120\" height=\"120\" srcset=\"https:\/\/blogs.autodesk.com\/bimblog\/wp-content\/uploads\/sites\/108\/2018\/04\/thumbs-moebel.png 500w, https:\/\/blogs.autodesk.com\/bimblog\/wp-content\/uploads\/sites\/108\/2018\/04\/thumbs-moebel-150x150.png 150w, https:\/\/blogs.autodesk.com\/bimblog\/wp-content\/uploads\/sites\/108\/2018\/04\/thumbs-moebel-300x300.png 300w, https:\/\/blogs.autodesk.com\/bimblog\/wp-content\/uploads\/sites\/108\/2018\/04\/thumbs-moebel-190x190.png 190w\" sizes=\"auto, (max-width: 120px) 100vw, 120px\" \/><\/a><\/td>\n<td width=\"120\"><a href=\"https:\/\/blogs.autodesk.com\/bimblog\/bibliothek\/baustelleneinrichtung\/\"><img loading=\"lazy\" decoding=\"async\" class=\"alignnone wp-image-4055\" src=\"https:\/\/blogs.autodesk.com\/bimblog\/wp-content\/uploads\/sites\/108\/2018\/04\/thumb-BE-2.jpg\" alt=\"\" width=\"120\" height=\"120\" srcset=\"https:\/\/blogs.autodesk.com\/bimblog\/wp-content\/uploads\/sites\/108\/2018\/04\/thumb-BE-2.jpg 500w, https:\/\/blogs.autodesk.com\/bimblog\/wp-content\/uploads\/sites\/108\/2018\/04\/thumb-BE-2-150x150.jpg 150w, https:\/\/blogs.autodesk.com\/bimblog\/wp-content\/uploads\/sites\/108\/2018\/04\/thumb-BE-2-300x300.jpg 300w, https:\/\/blogs.autodesk.com\/bimblog\/wp-content\/uploads\/sites\/108\/2018\/04\/thumb-BE-2-190x190.jpg 190w\" sizes=\"auto, (max-width: 120px) 100vw, 120px\" \/><\/a><\/td>\n<\/tr>\n<tr>\n<td width=\"120\">&nbsp;<\/p>\n<p><a href=\"https:\/\/blogs.autodesk.com\/bimblog\/bibliothek\/dachaufbauten\/\"><img loading=\"lazy\" decoding=\"async\" class=\"alignnone wp-image-4045\" src=\"https:\/\/blogs.autodesk.com\/bimblog\/wp-content\/uploads\/sites\/108\/2018\/04\/thumb-dachaufbauten-2.jpg\" alt=\"\" width=\"120\" height=\"120\" srcset=\"https:\/\/blogs.autodesk.com\/bimblog\/wp-content\/uploads\/sites\/108\/2018\/04\/thumb-dachaufbauten-2.jpg 500w, https:\/\/blogs.autodesk.com\/bimblog\/wp-content\/uploads\/sites\/108\/2018\/04\/thumb-dachaufbauten-2-150x150.jpg 150w, https:\/\/blogs.autodesk.com\/bimblog\/wp-content\/uploads\/sites\/108\/2018\/04\/thumb-dachaufbauten-2-300x300.jpg 300w, https:\/\/blogs.autodesk.com\/bimblog\/wp-content\/uploads\/sites\/108\/2018\/04\/thumb-dachaufbauten-2-190x190.jpg 190w\" sizes=\"auto, (max-width: 120px) 100vw, 120px\" \/><\/a><\/td>\n<td width=\"120\">&nbsp;<\/p>\n<p><a href=\"https:\/\/blogs.autodesk.com\/bimblog\/bibliothek\/detailbauteile-und-symbole\/\"><img loading=\"lazy\" decoding=\"async\" class=\"alignnone wp-image-4043\" src=\"https:\/\/blogs.autodesk.com\/bimblog\/wp-content\/uploads\/sites\/108\/2018\/04\/thumb-symbole-1.jpg\" alt=\"\" width=\"120\" height=\"120\" srcset=\"https:\/\/blogs.autodesk.com\/bimblog\/wp-content\/uploads\/sites\/108\/2018\/04\/thumb-symbole-1.jpg 500w, https:\/\/blogs.autodesk.com\/bimblog\/wp-content\/uploads\/sites\/108\/2018\/04\/thumb-symbole-1-150x150.jpg 150w, https:\/\/blogs.autodesk.com\/bimblog\/wp-content\/uploads\/sites\/108\/2018\/04\/thumb-symbole-1-300x300.jpg 300w, https:\/\/blogs.autodesk.com\/bimblog\/wp-content\/uploads\/sites\/108\/2018\/04\/thumb-symbole-1-190x190.jpg 190w\" sizes=\"auto, (max-width: 120px) 100vw, 120px\" \/><\/a><\/td>\n<td width=\"120\">&nbsp;<\/p>\n<p><a href=\"https:\/\/blogs.autodesk.com\/bimblog\/bibliothek\/holzbau\/\"><img loading=\"lazy\" decoding=\"async\" class=\"alignnone wp-image-4671\" src=\"https:\/\/blogs.autodesk.com\/bimblog\/wp-content\/uploads\/sites\/108\/2019\/04\/DACH-content-Holzbau.jpg\" alt=\"\" width=\"120\" height=\"120\" srcset=\"https:\/\/blogs.autodesk.com\/bimblog\/wp-content\/uploads\/sites\/108\/2019\/04\/DACH-content-Holzbau.jpg 500w, https:\/\/blogs.autodesk.com\/bimblog\/wp-content\/uploads\/sites\/108\/2019\/04\/DACH-content-Holzbau-150x150.jpg 150w, https:\/\/blogs.autodesk.com\/bimblog\/wp-content\/uploads\/sites\/108\/2019\/04\/DACH-content-Holzbau-300x300.jpg 300w, https:\/\/blogs.autodesk.com\/bimblog\/wp-content\/uploads\/sites\/108\/2019\/04\/DACH-content-Holzbau-190x190.jpg 190w\" sizes=\"auto, (max-width: 120px) 100vw, 120px\" \/><\/a><\/td>\n<td width=\"120\">&nbsp;<\/p>\n<p><a href=\"https:\/\/blogs.autodesk.com\/bimblog\/bibliothek\/rolltreppen-und-rollsteige\/\"><img loading=\"lazy\" decoding=\"async\" class=\"alignnone wp-image-4674\" src=\"https:\/\/blogs.autodesk.com\/bimblog\/wp-content\/uploads\/sites\/108\/2019\/04\/DACH-content-Rolltreppen2-150x150.jpg\" alt=\"\" width=\"120\" height=\"120\" srcset=\"https:\/\/blogs.autodesk.com\/bimblog\/wp-content\/uploads\/sites\/108\/2019\/04\/DACH-content-Rolltreppen2-150x150.jpg 150w, https:\/\/blogs.autodesk.com\/bimblog\/wp-content\/uploads\/sites\/108\/2019\/04\/DACH-content-Rolltreppen2-300x300.jpg 300w, https:\/\/blogs.autodesk.com\/bimblog\/wp-content\/uploads\/sites\/108\/2019\/04\/DACH-content-Rolltreppen2-190x190.jpg 190w, https:\/\/blogs.autodesk.com\/bimblog\/wp-content\/uploads\/sites\/108\/2019\/04\/DACH-content-Rolltreppen2.jpg 500w\" sizes=\"auto, (max-width: 120px) 100vw, 120px\" \/><\/a><\/td>\n<td width=\"120\">&nbsp;<\/p>\n<p><a href=\"https:\/\/blogs.autodesk.com\/bimblog\/bibliothek\/industriebau\/\"><img loading=\"lazy\" decoding=\"async\" class=\"alignnone wp-image-4675\" src=\"https:\/\/blogs.autodesk.com\/bimblog\/wp-content\/uploads\/sites\/108\/2019\/04\/DACH-content-Industriebau2-150x150.jpg\" alt=\"\" width=\"120\" height=\"120\" srcset=\"https:\/\/blogs.autodesk.com\/bimblog\/wp-content\/uploads\/sites\/108\/2019\/04\/DACH-content-Industriebau2-150x150.jpg 150w, https:\/\/blogs.autodesk.com\/bimblog\/wp-content\/uploads\/sites\/108\/2019\/04\/DACH-content-Industriebau2-300x300.jpg 300w, https:\/\/blogs.autodesk.com\/bimblog\/wp-content\/uploads\/sites\/108\/2019\/04\/DACH-content-Industriebau2-190x190.jpg 190w, https:\/\/blogs.autodesk.com\/bimblog\/wp-content\/uploads\/sites\/108\/2019\/04\/DACH-content-Industriebau2.jpg 500w\" sizes=\"auto, (max-width: 120px) 100vw, 120px\" \/><\/a><\/td>\n<\/tr>\n<tr>\n<td width=\"120\"><a href=\"https:\/\/blogs.autodesk.com\/bimblog\/bibliothek\/gebaudetechnik\/\"><img loading=\"lazy\" decoding=\"async\" class=\"alignnone wp-image-4050\" src=\"https:\/\/blogs.autodesk.com\/bimblog\/wp-content\/uploads\/sites\/108\/2018\/04\/thumb-mep.jpg\" alt=\"\" width=\"120\" height=\"120\" srcset=\"https:\/\/blogs.autodesk.com\/bimblog\/wp-content\/uploads\/sites\/108\/2018\/04\/thumb-mep.jpg 500w, https:\/\/blogs.autodesk.com\/bimblog\/wp-content\/uploads\/sites\/108\/2018\/04\/thumb-mep-150x150.jpg 150w, https:\/\/blogs.autodesk.com\/bimblog\/wp-content\/uploads\/sites\/108\/2018\/04\/thumb-mep-300x300.jpg 300w, https:\/\/blogs.autodesk.com\/bimblog\/wp-content\/uploads\/sites\/108\/2018\/04\/thumb-mep-190x190.jpg 190w\" sizes=\"auto, (max-width: 120px) 100vw, 120px\" \/><\/a><\/td>\n<td width=\"120\"><a href=\"https:\/\/blogs.autodesk.com\/bimblog\/bibliothek\/ingenieurbau\/\"><img loading=\"lazy\" decoding=\"async\" class=\"alignnone wp-image-4080\" src=\"https:\/\/blogs.autodesk.com\/bimblog\/wp-content\/uploads\/sites\/108\/2018\/04\/thumbs-ingbau.jpg\" alt=\"\" width=\"120\" height=\"120\" srcset=\"https:\/\/blogs.autodesk.com\/bimblog\/wp-content\/uploads\/sites\/108\/2018\/04\/thumbs-ingbau.jpg 500w, https:\/\/blogs.autodesk.com\/bimblog\/wp-content\/uploads\/sites\/108\/2018\/04\/thumbs-ingbau-150x150.jpg 150w, https:\/\/blogs.autodesk.com\/bimblog\/wp-content\/uploads\/sites\/108\/2018\/04\/thumbs-ingbau-300x300.jpg 300w, https:\/\/blogs.autodesk.com\/bimblog\/wp-content\/uploads\/sites\/108\/2018\/04\/thumbs-ingbau-190x190.jpg 190w\" sizes=\"auto, (max-width: 120px) 100vw, 120px\" \/><\/a><\/td>\n<td width=\"120\"><a href=\"https:\/\/blogs.autodesk.com\/bimblog\/bibliothek\/tunnelbau\"><img loading=\"lazy\" decoding=\"async\" class=\"alignnone wp-image-5380\" src=\"https:\/\/blogs.autodesk.com\/bimblog\/wp-content\/uploads\/sites\/108\/2020\/06\/tunnel__2021.png\" alt=\"\" width=\"120\" height=\"120\" srcset=\"https:\/\/blogs.autodesk.com\/bimblog\/wp-content\/uploads\/sites\/108\/2020\/06\/tunnel__2021.png 378w, https:\/\/blogs.autodesk.com\/bimblog\/wp-content\/uploads\/sites\/108\/2020\/06\/tunnel__2021-300x300.png 300w, https:\/\/blogs.autodesk.com\/bimblog\/wp-content\/uploads\/sites\/108\/2020\/06\/tunnel__2021-150x150.png 150w, https:\/\/blogs.autodesk.com\/bimblog\/wp-content\/uploads\/sites\/108\/2020\/06\/tunnel__2021-190x190.png 190w\" sizes=\"auto, (max-width: 120px) 100vw, 120px\" \/><\/a><\/td>\n<td width=\"120\" height=\"180\"><a href=\"https:\/\/blogs.autodesk.com\/bimblog\/bibliothek\/weitere-verbesserungen\/\"><img loading=\"lazy\" decoding=\"async\" class=\"alignnone wp-image-4045\" src=\"https:\/\/blogs.autodesk.com\/bimblog\/wp-content\/uploads\/sites\/108\/2018\/04\/thumb-weiteres-1.jpg\" alt=\"\" width=\"120\" height=\"120\" \/><\/a><\/td>\n<\/tr>\n<\/tbody>\n<\/table>\n<p>Ab sofort k\u00f6nnen Sie mit Revit noch\u00a0<strong>besser, schneller und intelligenter arbeiten<\/strong> und kommen viel seltener in die Lage, neue Familien anlegen oder vorhandene Familien bearbeiten zu m\u00fcssen, da die neuen Familien parametrisch und noch flexibler sind und sich an die meisten Anforderungen anpassen lassen.<\/p>\n<p>Zur weiteren \u00dcbersicht der neuen und verbesserten BIM Arbeitsweise mit den BIM Vorlagen und Bibliotheken haben wir eine Beispieldatei erstellt, f\u00fcr welche wir freundlicherweise das Projekt \u201cGolden Nugget\u201d der <a href=\"http:\/\/innocad.at\/\" target=\"_blank\" rel=\"noopener noreferrer\">Innocad Architekten<\/a>\u00a0aus Graz als Vorlage verwenden konnten.<\/p>\n<p><a href=\"https:\/\/blogs.autodesk.com\/bimblog\/bibliothek\/golden-nugget\/\"><img loading=\"lazy\" decoding=\"async\" class=\"alignnone wp-image-4092\" src=\"https:\/\/blogs.autodesk.com\/bimblog\/wp-content\/uploads\/sites\/108\/2018\/04\/Golden-Nugget-\u00dcbersicht.jpg\" alt=\"\" width=\"428\" height=\"304\" srcset=\"https:\/\/blogs.autodesk.com\/bimblog\/wp-content\/uploads\/sites\/108\/2018\/04\/Golden-Nugget-\u00dcbersicht.jpg 939w, https:\/\/blogs.autodesk.com\/bimblog\/wp-content\/uploads\/sites\/108\/2018\/04\/Golden-Nugget-\u00dcbersicht-300x213.jpg 300w, https:\/\/blogs.autodesk.com\/bimblog\/wp-content\/uploads\/sites\/108\/2018\/04\/Golden-Nugget-\u00dcbersicht-768x546.jpg 768w\" sizes=\"auto, (max-width: 428px) 100vw, 428px\" \/><\/a><br \/>\n<a href=\"https:\/\/blogs.autodesk.com\/bimblog\/bibliothek\/golden-nugget\/\">Weitere Informationen zum &#8220;Golden Nugget&#8221;<\/a><\/p>\n<p>&nbsp;<\/p>\n<h4>Feedback<\/h4>\n<p>\u00dcber jegliches Feedback zu den neuen Bibliotheken und Vorlagen freuen wir uns nat\u00fcrlich sehr! Bitte nutzen Sie hierf\u00fcr die <a href=\"http:\/\/www.rug-dach.de\/\" target=\"_blank\" rel=\"noopener noreferrer\">Revit User Group DACH<\/a> oder aber die Kommentarfunktion unter dem <a href=\"https:\/\/blogs.autodesk.com\/bimblog\/revit-2019-mit-komplett-erneuerten-bibliotheken-fur-d-a-ch-ab-sofort-verfugbar\/#comments-section\" target=\"_blank\" rel=\"noopener noreferrer\">ver\u00f6ffentlichten Blogeintrag vom 12. April 2018<\/a>.<\/p>\n<p><a href=\"https:\/\/blogs.autodesk.com\/bimblog\/revit-2019-mit-komplett-erneuerten-bibliotheken-fur-d-a-ch-ab-sofort-verfugbar\/#comments-section\"><img loading=\"lazy\" decoding=\"async\" class=\"alignnone wp-image-4144\" src=\"https:\/\/blogs.autodesk.com\/bimblog\/wp-content\/uploads\/sites\/108\/2018\/04\/Feedback.jpg\" alt=\"\" width=\"117\" height=\"79\" \/><\/a><\/p>\n","protected":false},"excerpt":{"rendered":"<p>Willkommen auf der \u00dcbersichtsseite f\u00fcr die neue Revit BIM Bibliothek D-A-CH!<\/p>\n<p>Die Revit Bibliothek f\u00fcr Deutschland, \u00d6sterreich und die Schweiz (<a href=\"https:\/\/de.wikipedia.org\/wiki\/D-A-CH\">D-A-CH<\/a>) wurde mit Revit 2019 komplett \u00fcberarbeitet, erneuert und erweitert. Mit Revit 2020 und 2021 wurden erneut Verbesserungen und Kundenfeedback eingebaut sowie neue Themenbereiche hinzugef\u00fcgt.<br \/>\nDie Bibliothek wurde in Zusammenarbeit mit zahlreichen Kunden und der deutschsprachigen <a href=\"http:\/\/www.rug-dach.de\/\" target=\"_blank\" rel=\"noopener noreferrer\">Revit User Group<\/a>\u00a0(<em>Bindeglied zwischen den Benutzern von Revit und dem Hersteller Autodesk)\u00a0<\/em>entwickelt,<\/p>\n","protected":false},"author":4685,"featured_media":0,"parent":0,"menu_order":0,"comment_status":"closed","ping_status":"closed","template":"","meta":{"_acf_changed":false,"inline_featured_image":false,"footnotes":""},"class_list":["post-4000","page","type-page","status-publish","hentry"],"acf":[],"_links":{"self":[{"href":"https:\/\/blogs.autodesk.com\/bimblog\/wp-json\/wp\/v2\/pages\/4000","targetHints":{"allow":["GET"]}}],"collection":[{"href":"https:\/\/blogs.autodesk.com\/bimblog\/wp-json\/wp\/v2\/pages"}],"about":[{"href":"https:\/\/blogs.autodesk.com\/bimblog\/wp-json\/wp\/v2\/types\/page"}],"author":[{"embeddable":true,"href":"https:\/\/blogs.autodesk.com\/bimblog\/wp-json\/wp\/v2\/users\/4685"}],"replies":[{"embeddable":true,"href":"https:\/\/blogs.autodesk.com\/bimblog\/wp-json\/wp\/v2\/comments?post=4000"}],"version-history":[{"count":0,"href":"https:\/\/blogs.autodesk.com\/bimblog\/wp-json\/wp\/v2\/pages\/4000\/revisions"}],"wp:attachment":[{"href":"https:\/\/blogs.autodesk.com\/bimblog\/wp-json\/wp\/v2\/media?parent=4000"}],"curies":[{"name":"wp","href":"https:\/\/api.w.org\/{rel}","templated":true}]}}