{"id":4087,"date":"2018-04-11T18:19:51","date_gmt":"2018-04-11T16:19:51","guid":{"rendered":"https:\/\/blogs.autodesk.com\/bimblog\/?page_id=4087"},"modified":"2018-04-25T14:11:49","modified_gmt":"2018-04-25T12:11:49","slug":"golden-nugget","status":"publish","type":"page","link":"https:\/\/blogs.autodesk.com\/bimblog\/bibliothek\/golden-nugget\/","title":{"rendered":"Golden Nugget"},"content":{"rendered":"<p>In enger Zusammenarbeit mit dem B\u00fcro &#8220;<a href=\"http:\/\/innocad.at\/\" target=\"_blank\" rel=\"noopener\">INNOCAD Architektur ZT GmbH<\/a>&#8221; aus Graz haben wir die neuen Vorlagen und Bibliotheken in einem realen Projekt angewendet, dem &#8220;Golden Nugget&#8221;.<\/p>\n<p>In diesem BIM Projekt haben wir die Architektur, den Ingenieurbau und die Geb\u00e4udetechnik \u00fcber alle Leistungsphasen hinweg f\u00fcr Sie erstellt. Mit der Integration zahlreicher Revit Applikationspartner konnten weitere Industrie Workflows abgebildet werden, wie z.B. Anbindung an die Statik, TGA-Berechnungen, AVA, Facility Management, VR, und vieles mehr.<\/p>\n<p><img loading=\"lazy\" decoding=\"async\" class=\"alignnone wp-image-4092\" src=\"https:\/\/blogs.autodesk.com\/bimblog\/wp-content\/uploads\/sites\/108\/2018\/04\/Golden-Nugget-\u00dcbersicht.jpg\" alt=\"\" width=\"706\" height=\"502\" srcset=\"https:\/\/blogs.autodesk.com\/bimblog\/wp-content\/uploads\/sites\/108\/2018\/04\/Golden-Nugget-\u00dcbersicht.jpg 939w, https:\/\/blogs.autodesk.com\/bimblog\/wp-content\/uploads\/sites\/108\/2018\/04\/Golden-Nugget-\u00dcbersicht-300x213.jpg 300w, https:\/\/blogs.autodesk.com\/bimblog\/wp-content\/uploads\/sites\/108\/2018\/04\/Golden-Nugget-\u00dcbersicht-768x546.jpg 768w\" sizes=\"auto, (max-width: 706px) 100vw, 706px\" \/><\/p>\n<table>\n<tbody>\n<tr>\n<td width=\"200\">Architektur<\/td>\n<td width=\"200\">Tragwerksplanung<\/td>\n<td width=\"200\">Geb\u00e4udetechnik<\/td>\n<\/tr>\n<tr>\n<td width=\"200\"><img loading=\"lazy\" decoding=\"async\" class=\"alignnone wp-image-4090\" src=\"https:\/\/blogs.autodesk.com\/bimblog\/wp-content\/uploads\/sites\/108\/2018\/04\/Golden-Nugget-Architektur-300x183.jpg\" alt=\"\" width=\"324\" height=\"197\" srcset=\"https:\/\/blogs.autodesk.com\/bimblog\/wp-content\/uploads\/sites\/108\/2018\/04\/Golden-Nugget-Architektur-300x183.jpg 300w, https:\/\/blogs.autodesk.com\/bimblog\/wp-content\/uploads\/sites\/108\/2018\/04\/Golden-Nugget-Architektur-768x468.jpg 768w, https:\/\/blogs.autodesk.com\/bimblog\/wp-content\/uploads\/sites\/108\/2018\/04\/Golden-Nugget-Architektur-1024x624.jpg 1024w\" sizes=\"auto, (max-width: 324px) 100vw, 324px\" \/><\/td>\n<td width=\"200\"><img loading=\"lazy\" decoding=\"async\" class=\"alignnone wp-image-4095\" src=\"https:\/\/blogs.autodesk.com\/bimblog\/wp-content\/uploads\/sites\/108\/2018\/04\/Golden-Nugget-Tragwerksplanung-300x189.jpg\" alt=\"\" width=\"379\" height=\"239\" srcset=\"https:\/\/blogs.autodesk.com\/bimblog\/wp-content\/uploads\/sites\/108\/2018\/04\/Golden-Nugget-Tragwerksplanung-300x189.jpg 300w, https:\/\/blogs.autodesk.com\/bimblog\/wp-content\/uploads\/sites\/108\/2018\/04\/Golden-Nugget-Tragwerksplanung-768x484.jpg 768w, https:\/\/blogs.autodesk.com\/bimblog\/wp-content\/uploads\/sites\/108\/2018\/04\/Golden-Nugget-Tragwerksplanung-1024x646.jpg 1024w\" sizes=\"auto, (max-width: 379px) 100vw, 379px\" \/><\/td>\n<td width=\"200\"><img loading=\"lazy\" decoding=\"async\" class=\"alignnone wp-image-4091\" src=\"https:\/\/blogs.autodesk.com\/bimblog\/wp-content\/uploads\/sites\/108\/2018\/04\/Golden-Nugget-Geb\u00e4udetechnik-300x159.jpg\" alt=\"\" width=\"372\" height=\"197\" srcset=\"https:\/\/blogs.autodesk.com\/bimblog\/wp-content\/uploads\/sites\/108\/2018\/04\/Golden-Nugget-Geb\u00e4udetechnik-300x159.jpg 300w, https:\/\/blogs.autodesk.com\/bimblog\/wp-content\/uploads\/sites\/108\/2018\/04\/Golden-Nugget-Geb\u00e4udetechnik-768x406.jpg 768w, https:\/\/blogs.autodesk.com\/bimblog\/wp-content\/uploads\/sites\/108\/2018\/04\/Golden-Nugget-Geb\u00e4udetechnik-1024x542.jpg 1024w\" sizes=\"auto, (max-width: 372px) 100vw, 372px\" \/><\/td>\n<\/tr>\n<\/tbody>\n<\/table>\n<p>&nbsp;<\/p>\n<p>Beteiligte Revit Applikationspartner:<\/p>\n<p><a href=\"https:\/\/blogs.autodesk.com\/bimblog\/wp-content\/uploads\/sites\/108\/2018\/04\/partner.jpg\"><img loading=\"lazy\" decoding=\"async\" class=\"alignnone wp-image-4130\" src=\"https:\/\/blogs.autodesk.com\/bimblog\/wp-content\/uploads\/sites\/108\/2018\/04\/partner.jpg\" alt=\"\" width=\"846\" height=\"138\" srcset=\"https:\/\/blogs.autodesk.com\/bimblog\/wp-content\/uploads\/sites\/108\/2018\/04\/partner.jpg 3200w, https:\/\/blogs.autodesk.com\/bimblog\/wp-content\/uploads\/sites\/108\/2018\/04\/partner-300x49.jpg 300w, https:\/\/blogs.autodesk.com\/bimblog\/wp-content\/uploads\/sites\/108\/2018\/04\/partner-768x125.jpg 768w, https:\/\/blogs.autodesk.com\/bimblog\/wp-content\/uploads\/sites\/108\/2018\/04\/partner-1024x167.jpg 1024w\" sizes=\"auto, (max-width: 846px) 100vw, 846px\" \/><\/a><\/p>\n<p>&nbsp;<\/p>\n<p>Sie finden das Beispielprojekt &#8220;Golden Nugget&#8221;, indem Sie in Revit auf Datei &#8211; \u00d6ffnen &#8211;\u00a0 Beispielprojekte gehen:<\/p>\n<p><img loading=\"lazy\" decoding=\"async\" class=\"alignnone wp-image-4157 \" src=\"https:\/\/blogs.autodesk.com\/bimblog\/wp-content\/uploads\/sites\/108\/2018\/04\/Beispielprojekt.png\" alt=\"\" width=\"281\" height=\"391\" \/><img loading=\"lazy\" decoding=\"async\" class=\"alignnone wp-image-4158\" src=\"https:\/\/blogs.autodesk.com\/bimblog\/wp-content\/uploads\/sites\/108\/2018\/04\/Beispielprojekt2-1.jpg\" alt=\"\" width=\"437\" height=\"252\" \/><\/p>\n<p>&nbsp;<\/p>\n<p>Viele weitere Informationen hierzu werden wir Ihnen in K\u00fcrze noch zur Verf\u00fcgung stellen!<\/p>\n<p>Zur\u00fcck zur \u00dcbersicht:\u00a0<a href=\"https:\/\/blogs.autodesk.com\/bimblog\/bibliothek\/\">&#8220;Revit BIM Bibliothek D-A-CH&#8221;<\/a><\/p>\n","protected":false},"excerpt":{"rendered":"<p>In enger Zusammenarbeit mit dem B\u00fcro &#8220;<a href=\"http:\/\/innocad.at\/\" target=\"_blank\" rel=\"noopener\">INNOCAD Architektur ZT GmbH<\/a>&#8221; aus Graz haben wir die neuen Vorlagen und Bibliotheken in einem realen Projekt angewendet, dem &#8220;Golden Nugget&#8221;.<\/p>\n<p>In diesem BIM Projekt haben wir die Architektur, den Ingenieurbau und die Geb\u00e4udetechnik \u00fcber alle Leistungsphasen hinweg f\u00fcr Sie erstellt.<\/p>\n","protected":false},"author":15235,"featured_media":4156,"parent":4000,"menu_order":0,"comment_status":"closed","ping_status":"closed","template":"","meta":{"_acf_changed":false,"inline_featured_image":false,"footnotes":""},"class_list":["post-4087","page","type-page","status-publish","has-post-thumbnail","hentry"],"acf":[],"_links":{"self":[{"href":"https:\/\/blogs.autodesk.com\/bimblog\/wp-json\/wp\/v2\/pages\/4087","targetHints":{"allow":["GET"]}}],"collection":[{"href":"https:\/\/blogs.autodesk.com\/bimblog\/wp-json\/wp\/v2\/pages"}],"about":[{"href":"https:\/\/blogs.autodesk.com\/bimblog\/wp-json\/wp\/v2\/types\/page"}],"author":[{"embeddable":true,"href":"https:\/\/blogs.autodesk.com\/bimblog\/wp-json\/wp\/v2\/users\/15235"}],"replies":[{"embeddable":true,"href":"https:\/\/blogs.autodesk.com\/bimblog\/wp-json\/wp\/v2\/comments?post=4087"}],"version-history":[{"count":0,"href":"https:\/\/blogs.autodesk.com\/bimblog\/wp-json\/wp\/v2\/pages\/4087\/revisions"}],"up":[{"embeddable":true,"href":"https:\/\/blogs.autodesk.com\/bimblog\/wp-json\/wp\/v2\/pages\/4000"}],"wp:featuredmedia":[{"embeddable":true,"href":"https:\/\/blogs.autodesk.com\/bimblog\/wp-json\/wp\/v2\/media\/4156"}],"wp:attachment":[{"href":"https:\/\/blogs.autodesk.com\/bimblog\/wp-json\/wp\/v2\/media?parent=4087"}],"curies":[{"name":"wp","href":"https:\/\/api.w.org\/{rel}","templated":true}]}}