{"id":4249,"date":"2018-07-06T11:09:13","date_gmt":"2018-07-06T09:09:13","guid":{"rendered":"https:\/\/blogs.autodesk.com\/bimblog\/?page_id=4249"},"modified":"2018-07-09T16:51:00","modified_gmt":"2018-07-09T14:51:00","slug":"erweiterungen-fur-autodesk-produkte","status":"publish","type":"page","link":"https:\/\/blogs.autodesk.com\/bimblog\/erweiterungen-fur-autodesk-produkte\/","title":{"rendered":"Erweiterungen f\u00fcr Autodesk Produkte"},"content":{"rendered":"<p class=\"entry-header\">Um Ihnen das Anpassen unserer Produkte auf Ihre Bed\u00fcrfnisse und Arbeitsweisen zu erm\u00f6glichen, stehen Ihnen eine Reihe von Erweiterungen und Plugins zur Verf\u00fcgung, die Sie bei Bedarf installieren k\u00f6nnen.<\/p>\n<div class=\"entry-content\">\n<div class=\"entry-body\">\n<p>Hier finden Sie einen \u00dcberblick \u00fcber die verschiedenen Arten von Erweiterungen sowie dar\u00fcber, wo diese zu finden sind:<\/p>\n<p>&nbsp;<\/p>\n<h3><strong>Offizielle Autodesk Erweiterungen<\/strong><\/h3>\n<p>Diese Erweiterungen sind in der Autodesk Desktop App oder alternativ \u00fcber den Autodesk Account zu finden und k\u00f6nnen automatisiert installiert werden und stehen allen\u00a0Kunden mit einem laufenden Mietvertrag (bzw. einem \u00a0Wartungsvertrag) kostenfrei zur Verf\u00fcgung.<\/p>\n<\/div>\n<\/div>\n<div class=\"entry-content\">\n<div class=\"entry-body\">\n<p><a href=\"https:\/\/blogs.autodesk.com\/bimblog\/wp-content\/uploads\/sites\/108\/2018\/07\/autodesk-erweiterungen.jpg\"><img loading=\"lazy\" decoding=\"async\" class=\"aligncenter size-large wp-image-4251\" src=\"https:\/\/blogs.autodesk.com\/bimblog\/wp-content\/uploads\/sites\/108\/2018\/07\/autodesk-erweiterungen-1024x461.jpg\" alt=\"\" width=\"640\" height=\"288\" srcset=\"https:\/\/blogs.autodesk.com\/bimblog\/wp-content\/uploads\/sites\/108\/2018\/07\/autodesk-erweiterungen-1024x461.jpg 1024w, https:\/\/blogs.autodesk.com\/bimblog\/wp-content\/uploads\/sites\/108\/2018\/07\/autodesk-erweiterungen-300x135.jpg 300w, https:\/\/blogs.autodesk.com\/bimblog\/wp-content\/uploads\/sites\/108\/2018\/07\/autodesk-erweiterungen-768x346.jpg 768w\" sizes=\"auto, (max-width: 640px) 100vw, 640px\" \/><\/a><\/p>\n<p>H\u00e4ufig genutzte Erweiterungen:<\/p>\n<ul>\n<li>Revit Precast &#8211; Erweiterung f\u00fcr die Fertigteilplanung, erm\u00f6glicht die Unterteilung der Elemente sowie Erstellung von Fugen und Einbauteilen<\/li>\n<li>Raumbuch &#8211; Fl\u00e4chenbuch &#8211; Geb\u00e4udebuch mit Berechnungen nach DIN 277 \/ VOB<\/li>\n<li>Revit DB Link &#8211; bidirektionaler Datenaustausch mit externen Datenbanken (Microsoft Access-, Microsoft Excel- oder ODBC-Datenbank)<\/li>\n<\/ul>\n<p>&nbsp;<\/p>\n<h3><strong>Autodesk App Store<\/strong><\/h3>\n<p><a href=\"http:\/\/apps.autodesk.com\/\">http:\/\/apps.autodesk.com<br \/>\n<\/a><\/p>\n<p>Einige empfohlene Apps:<\/p>\n<ul>\n<li><a href=\"https:\/\/apps.autodesk.com\/RVT\/en\/Detail\/Index?id=1763588736399554049&amp;appLang=en&amp;os=Win64\">Erweiterter IFC-Konverter f\u00fcr Revit <\/a>(Open Source, mit den aktuellsten Verbesserungen f\u00fcr den Revit-Import und -Export)<\/li>\n<li><a href=\"https:\/\/apps.autodesk.com\/RVT\/en\/Detail\/Index?id=4802875322484701061&amp;appLang=en&amp;os=Win64\">SOFISTIK BiMTOOLS<\/a>\u00a0sowie die <a href=\"https:\/\/apps.autodesk.com\/RVT\/de\/Detail\/Index?id=187352442166816831&amp;appLang=de&amp;os=Win64\">BiMTOOLS Library<\/a> f\u00fcr Revit mit einer Reihe n\u00fctzlicher Werkzeuge und Vorlagen f\u00fcr den Ingenieurbau<a href=\"https:\/\/apps.autodesk.com\/RVT\/en\/Detail\/Index?id=8378090046292081175&amp;appLang=en&amp;os=Win64\"><br \/>\n<\/a><\/li>\n<\/ul>\n<p>&nbsp;<\/p>\n<h3><strong>Spezielle Erweiterungen f\u00fcr BIM Workflows<\/strong><\/h3>\n<ul>\n<li>CAD und BIM Standard Tool (erweiterter DWG-Export): f\u00fcr Revit <a href=\"http:\/\/www.muigg.com\/RevitToDWGSetup_2019_DEU_V2.exe\">2019<\/a>,\u00a0<a href=\"http:\/\/www.muigg.com\/RevitToDWGSetup_2018_DEU_V4.exe\">2018,<\/a>\u00a0<a href=\"http:\/\/www.muigg.com\/RevitToDWGSetup_2017_DEU_V2.exe\">2017<\/a>, <a href=\"http:\/\/www.muigg.com\/RevitToDWGSetup_2016_DEU_V14.exe\">2016<\/a>, <a href=\"https:\/\/knowledge.autodesk.com\/sites\/default\/files\/file_downloads\/RVT_CAD_BIM_2015_DEU_1-0_0.exe\">2015<\/a><\/li>\n<li><a href=\"http:\/\/www.biminteroperabilitytools.com\/\">BIM Interoperabilitiy Tools<\/a> mit Werkzeugen wie Revit Modelchecker, COBie Extensions f\u00fcr Revit und Navisworks, alternativer DWG Exporter f\u00fcr Revit<\/li>\n<\/ul>\n<p>&nbsp;<\/p>\n<h3><strong>Spezielle Erweiterungen f\u00fcr Infrastruktur<\/strong><\/h3>\n<\/div>\n<ul>\n<li><strong>Civil 3D Country Kit: <\/strong>Das Civil 3D Country Kit bietet Inhalte und Stile die auf den jeweiligen Markt angepasst sind: Neben Richtliniendateien, Schriftfeldern, Legenden Schrift- und Linienarten und Berichtsvorlagen beinhaltet das CK auch Kataloge f\u00fcr die Leitungsplanung, Stra\u00dfenplanung und Vieles mehr. Country Kits sind im <a href=\"https:\/\/knowledge.autodesk.com\/de\/support\/autocad-civil-3d\/downloads\/caas\/downloads\/downloads\/DEU\/content\/civil-3d-country-kits.html\">Autodesk Knowledge Network<\/a> zu beziehen.<\/li>\n<li><strong>DACH Extension:<\/strong> Die DACH Extension erg\u00e4nzt AutoCAD Civil 3D u.a. um Austauschstandards gem\u00e4\u00df REB und OKSTRA, Fahrbahnteiler, Dreiecksinseln, B\u00f6schungsschraffuren. Das Tool ist im <a href=\"https:\/\/knowledge.autodesk.com\/de\/support\/autocad-civil-3d\/downloads\/caas\/downloads\/downloads\/DEU\/content\/civil-3d-country-kits.html\">Autodesk Knowledge Network<\/a> zu beziehen.<\/li>\n<li><strong>ISYBAU Translator:<\/strong> F\u00fcr Civil 3D Steht eine extra ISYBAU Translator zur verf\u00fcgbar. Hierbei handelt es sich nicht nur um einen reinen Konverter, sondern auch um einen komfortablen Editor f\u00fcr Kanaldaten in Civil3D. Das Tool ist im <a href=\"https:\/\/knowledge.autodesk.com\/support\/autocad-civil-3d\/downloads\/caas\/downloads\/content\/productivity-tools-for-autocad-civil-3d-2018.html\">Autodesk Knowledge Network<\/a> zu beziehen.<\/li>\n<li><strong>Geotechnische Modul: <\/strong>Das Tool zum und Verwalten von Bohrloch\/-Untergrunddaten in Civil 3D: Geotechnische Daten lassen sich damit importieren, analysieren, und in diversen Varianten visualisieren; Sei es als 2D und 3D Bohrl\u00f6cher, Geologische Schnitte oder 3D Untergrundmodelle. Das Tool ist im <a href=\"https:\/\/knowledge.autodesk.com\/support\/autocad-civil-3d\/downloads\/caas\/downloads\/content\/productivity-tools-for-autocad-civil-3d-2018.html\">Autodesk Knowledge Network<\/a> zu beziehen.<\/li>\n<li><strong>Autodesk Shared Reference Point: <\/strong>Die Erweiterung dient zum Austausch von Referenz-Koordinatenpunkten von AutoCAD Civil 3D und Revit und die beiden Projektbereiche lagerichtig zueinander zur verorten. Das Tool ist im <a href=\"https:\/\/knowledge.autodesk.com\/support\/autocad-civil-3d\/downloads\/caas\/downloads\/content\/productivity-tools-for-autocad-civil-3d-2018.html\">Autodesk Knowledge Network<\/a> zu beziehen.<\/li>\n<\/ul>\n<p>&nbsp;<\/p>\n<p><em>Zuletzt aktualisiert: 9.7.2018<\/em><\/p>\n<\/div>\n","protected":false},"excerpt":{"rendered":"<p class=\"entry-header\">Um Ihnen das Anpassen unserer Produkte auf Ihre Bed\u00fcrfnisse und Arbeitsweisen zu erm\u00f6glichen, stehen Ihnen eine Reihe von Erweiterungen und Plugins zur Verf\u00fcgung, die Sie bei Bedarf installieren k\u00f6nnen.<\/p>\n<p>Hier finden Sie einen \u00dcberblick \u00fcber die verschiedenen Arten von Erweiterungen sowie dar\u00fcber, wo diese zu finden sind:<\/p>\n<p>&nbsp;<\/p>\n","protected":false},"author":4680,"featured_media":0,"parent":0,"menu_order":0,"comment_status":"open","ping_status":"open","template":"","meta":{"_acf_changed":false,"inline_featured_image":false,"footnotes":""},"class_list":["post-4249","page","type-page","status-publish","hentry"],"acf":[],"_links":{"self":[{"href":"https:\/\/blogs.autodesk.com\/bimblog\/wp-json\/wp\/v2\/pages\/4249","targetHints":{"allow":["GET"]}}],"collection":[{"href":"https:\/\/blogs.autodesk.com\/bimblog\/wp-json\/wp\/v2\/pages"}],"about":[{"href":"https:\/\/blogs.autodesk.com\/bimblog\/wp-json\/wp\/v2\/types\/page"}],"author":[{"embeddable":true,"href":"https:\/\/blogs.autodesk.com\/bimblog\/wp-json\/wp\/v2\/users\/4680"}],"replies":[{"embeddable":true,"href":"https:\/\/blogs.autodesk.com\/bimblog\/wp-json\/wp\/v2\/comments?post=4249"}],"version-history":[{"count":0,"href":"https:\/\/blogs.autodesk.com\/bimblog\/wp-json\/wp\/v2\/pages\/4249\/revisions"}],"wp:attachment":[{"href":"https:\/\/blogs.autodesk.com\/bimblog\/wp-json\/wp\/v2\/media?parent=4249"}],"curies":[{"name":"wp","href":"https:\/\/api.w.org\/{rel}","templated":true}]}}