{"id":4661,"date":"2019-04-24T12:53:21","date_gmt":"2019-04-24T10:53:21","guid":{"rendered":"https:\/\/blogs.autodesk.com\/bimblog\/?page_id=4661"},"modified":"2019-04-24T13:01:17","modified_gmt":"2019-04-24T11:01:17","slug":"industriebau","status":"publish","type":"page","link":"https:\/\/blogs.autodesk.com\/bimblog\/bibliothek\/industriebau\/","title":{"rendered":"Industriebau"},"content":{"rendered":"<p>Die gr\u00f6\u00dfte Erweiterung stellt in Revit 2020 sicherlich der Industriebau dar, f\u00fcr welchen wir Familien f\u00fcr Hallen, Fabriken, Logistik, etc. hinzugef\u00fcgt haben, da diese laut Ihrem Feedback sehr h\u00e4ufig f\u00fcr verschiedenste Projekte ben\u00f6tigt werden. Allerdings sind auch viele Familien dabei, die f\u00fcr andere Geb\u00e4ude und Projekte eine wichtige Rolle spielen k\u00f6nnen! Ab sofort k\u00f6nnen Sie deshalb auf verschiedenste parametrische Objekte zugreifen und damit Ihre Revit Projekte in k\u00fcrzerer Zeit zu noch h\u00f6herer Qualit\u00e4t f\u00fchren.<\/p>\n<ul>\n<li>Falt- und Sektionaltore<\/li>\n<li>Dachkuppeln<\/li>\n<li>Lichtb\u00e4nder<\/li>\n<li>Regale und Regalanlagen<\/li>\n<li>F\u00f6rderb\u00e4nder<\/li>\n<li>Hubwagen<\/li>\n<li>Hallenkr\u00e4ne<\/li>\n<li>Stra\u00dfenleuchten<\/li>\n<li>LKW-Schleusen<\/li>\n<li>Anfahrschutz<\/li>\n<li>uvm.<\/li>\n<\/ul>\n<p><img loading=\"lazy\" decoding=\"async\" class=\"alignnone size-full wp-image-4658\" src=\"https:\/\/blogs.autodesk.com\/bimblog\/wp-content\/uploads\/sites\/108\/2019\/04\/Industriebau-1.jpg\" alt=\"\" width=\"2534\" height=\"1825\" srcset=\"https:\/\/blogs.autodesk.com\/bimblog\/wp-content\/uploads\/sites\/108\/2019\/04\/Industriebau-1.jpg 2534w, https:\/\/blogs.autodesk.com\/bimblog\/wp-content\/uploads\/sites\/108\/2019\/04\/Industriebau-1-300x216.jpg 300w, https:\/\/blogs.autodesk.com\/bimblog\/wp-content\/uploads\/sites\/108\/2019\/04\/Industriebau-1-768x553.jpg 768w, https:\/\/blogs.autodesk.com\/bimblog\/wp-content\/uploads\/sites\/108\/2019\/04\/Industriebau-1-1024x737.jpg 1024w\" sizes=\"auto, (max-width: 2534px) 100vw, 2534px\" \/><\/p>\n<p><strong>Tipp:<\/strong>\u00a0Die Familien sind in unterschiedlichen Ordnern einsortiert, vor allem in den Ordner \u201cSonderausstattung\u201d unter \u201cArchitektur \u2013 Bauteil\u201d aber auch unter Fenstern (Dachfenster und Lichtb\u00e4nder), T\u00fcren (Industrietore) und weiteren.<\/p>\n","protected":false},"excerpt":{"rendered":"<p>Die gr\u00f6\u00dfte Erweiterung stellt in Revit 2020 sicherlich der Industriebau dar, f\u00fcr welchen wir Familien f\u00fcr Hallen, Fabriken, Logistik, etc. hinzugef\u00fcgt haben, da diese laut Ihrem Feedback sehr h\u00e4ufig f\u00fcr verschiedenste Projekte ben\u00f6tigt werden. Allerdings sind auch viele Familien dabei, die f\u00fcr andere Geb\u00e4ude und Projekte eine wichtige Rolle spielen k\u00f6nnen!<\/p>\n","protected":false},"author":15235,"featured_media":4658,"parent":4000,"menu_order":0,"comment_status":"closed","ping_status":"closed","template":"","meta":{"_acf_changed":false,"inline_featured_image":false,"footnotes":""},"class_list":["post-4661","page","type-page","status-publish","has-post-thumbnail","hentry"],"acf":[],"_links":{"self":[{"href":"https:\/\/blogs.autodesk.com\/bimblog\/wp-json\/wp\/v2\/pages\/4661","targetHints":{"allow":["GET"]}}],"collection":[{"href":"https:\/\/blogs.autodesk.com\/bimblog\/wp-json\/wp\/v2\/pages"}],"about":[{"href":"https:\/\/blogs.autodesk.com\/bimblog\/wp-json\/wp\/v2\/types\/page"}],"author":[{"embeddable":true,"href":"https:\/\/blogs.autodesk.com\/bimblog\/wp-json\/wp\/v2\/users\/15235"}],"replies":[{"embeddable":true,"href":"https:\/\/blogs.autodesk.com\/bimblog\/wp-json\/wp\/v2\/comments?post=4661"}],"version-history":[{"count":0,"href":"https:\/\/blogs.autodesk.com\/bimblog\/wp-json\/wp\/v2\/pages\/4661\/revisions"}],"up":[{"embeddable":true,"href":"https:\/\/blogs.autodesk.com\/bimblog\/wp-json\/wp\/v2\/pages\/4000"}],"wp:featuredmedia":[{"embeddable":true,"href":"https:\/\/blogs.autodesk.com\/bimblog\/wp-json\/wp\/v2\/media\/4658"}],"wp:attachment":[{"href":"https:\/\/blogs.autodesk.com\/bimblog\/wp-json\/wp\/v2\/media?parent=4661"}],"curies":[{"name":"wp","href":"https:\/\/api.w.org\/{rel}","templated":true}]}}