{"id":4663,"date":"2019-04-24T13:00:41","date_gmt":"2019-04-24T11:00:41","guid":{"rendered":"https:\/\/blogs.autodesk.com\/bimblog\/?page_id=4663"},"modified":"2019-04-24T13:00:41","modified_gmt":"2019-04-24T11:00:41","slug":"rolltreppen-und-rollsteige","status":"publish","type":"page","link":"https:\/\/blogs.autodesk.com\/bimblog\/bibliothek\/rolltreppen-und-rollsteige\/","title":{"rendered":"Rolltreppen und Rollsteige"},"content":{"rendered":"<p>Wir haben in Revit 2020 die Rolltreppen komplett neu erstellt, stark erweitert und viel realistischer modelliert, damit Sie sie einmal ganz einfach auf die verschiedenen Ebenen einsetzen, individuell anpassen und vor allem auch ohne extra Bearbeitung hochwertig visualisieren k\u00f6nnen. Zus\u00e4tzlich haben wir Rollsteige bzw. Laufb\u00e4nder hinzugef\u00fcgt, die Sie z.B. f\u00fcr Messehallen, Flugh\u00e4fen, Bahnh\u00f6fe, etc. verwenden k\u00f6nnen.<\/p>\n<p><img loading=\"lazy\" decoding=\"async\" class=\"alignnone size-full wp-image-4659\" src=\"https:\/\/blogs.autodesk.com\/bimblog\/wp-content\/uploads\/sites\/108\/2019\/04\/Rolltreppen1-1.jpg\" alt=\"\" width=\"2527\" height=\"1825\" srcset=\"https:\/\/blogs.autodesk.com\/bimblog\/wp-content\/uploads\/sites\/108\/2019\/04\/Rolltreppen1-1.jpg 2527w, https:\/\/blogs.autodesk.com\/bimblog\/wp-content\/uploads\/sites\/108\/2019\/04\/Rolltreppen1-1-300x217.jpg 300w, https:\/\/blogs.autodesk.com\/bimblog\/wp-content\/uploads\/sites\/108\/2019\/04\/Rolltreppen1-1-768x555.jpg 768w, https:\/\/blogs.autodesk.com\/bimblog\/wp-content\/uploads\/sites\/108\/2019\/04\/Rolltreppen1-1-1024x740.jpg 1024w\" sizes=\"auto, (max-width: 2527px) 100vw, 2527px\" \/><\/p>\n","protected":false},"excerpt":{"rendered":"<p>Wir haben in Revit 2020 die Rolltreppen komplett neu erstellt, stark erweitert und viel realistischer modelliert, damit Sie sie einmal ganz einfach auf die verschiedenen Ebenen einsetzen, individuell anpassen und vor allem auch ohne extra Bearbeitung hochwertig visualisieren k\u00f6nnen. Zus\u00e4tzlich haben wir Rollsteige bzw. Laufb\u00e4nder hinzugef\u00fcgt, die Sie z.B. f\u00fcr Messehallen,<\/p>\n","protected":false},"author":15235,"featured_media":4659,"parent":4000,"menu_order":0,"comment_status":"closed","ping_status":"closed","template":"","meta":{"_acf_changed":false,"inline_featured_image":false,"footnotes":""},"class_list":["post-4663","page","type-page","status-publish","has-post-thumbnail","hentry"],"acf":[],"_links":{"self":[{"href":"https:\/\/blogs.autodesk.com\/bimblog\/wp-json\/wp\/v2\/pages\/4663","targetHints":{"allow":["GET"]}}],"collection":[{"href":"https:\/\/blogs.autodesk.com\/bimblog\/wp-json\/wp\/v2\/pages"}],"about":[{"href":"https:\/\/blogs.autodesk.com\/bimblog\/wp-json\/wp\/v2\/types\/page"}],"author":[{"embeddable":true,"href":"https:\/\/blogs.autodesk.com\/bimblog\/wp-json\/wp\/v2\/users\/15235"}],"replies":[{"embeddable":true,"href":"https:\/\/blogs.autodesk.com\/bimblog\/wp-json\/wp\/v2\/comments?post=4663"}],"version-history":[{"count":0,"href":"https:\/\/blogs.autodesk.com\/bimblog\/wp-json\/wp\/v2\/pages\/4663\/revisions"}],"up":[{"embeddable":true,"href":"https:\/\/blogs.autodesk.com\/bimblog\/wp-json\/wp\/v2\/pages\/4000"}],"wp:featuredmedia":[{"embeddable":true,"href":"https:\/\/blogs.autodesk.com\/bimblog\/wp-json\/wp\/v2\/media\/4659"}],"wp:attachment":[{"href":"https:\/\/blogs.autodesk.com\/bimblog\/wp-json\/wp\/v2\/media?parent=4663"}],"curies":[{"name":"wp","href":"https:\/\/api.w.org\/{rel}","templated":true}]}}