{"id":4664,"date":"2019-04-24T13:02:43","date_gmt":"2019-04-24T11:02:43","guid":{"rendered":"https:\/\/blogs.autodesk.com\/bimblog\/?page_id=4664"},"modified":"2019-07-08T11:47:38","modified_gmt":"2019-07-08T09:47:38","slug":"holzbau","status":"publish","type":"page","link":"https:\/\/blogs.autodesk.com\/bimblog\/bibliothek\/holzbau\/","title":{"rendered":"Holzbau"},"content":{"rendered":"<h3>Neue Holzbaufamilien in Revit 2020<\/h3>\n<p>Auch wenn es viele Zusatzapplikationen f\u00fcr Revit im Bereich Holzbau gibt, haben viele von unseren Kunden darum gebeten, grundlegende Familien hierf\u00fcr zur Auswahl zu haben, um z.B. ein einfaches Pfettendach ohne Zusatzwerkzeuge, sondern mit Standardfunktionen und -familien erstellen zu k\u00f6nnen.<\/p>\n<p>Mit Revit 2020 bieten wir Ihnen ab sofort diese Familien, vor allem als Tragwerksst\u00fctzen und Tr\u00e4ger, da nur diese Bauteile ein <strong>statisches System f\u00fcr Berechnungen<\/strong> beinhalten. Wir haben f\u00fcr Sie <strong>verschiedene parametrische Pfetten, Sparren, Riegel, St\u00fctzen und Streben zur Verf\u00fcgung gestellt, mit unterschiedlichen Verbindungstypen wie z.B. Verzapfungen oder \u00dcberblattungen.<\/strong><\/p>\n<p><img loading=\"lazy\" decoding=\"async\" class=\"alignnone wp-image-4656 size-large\" src=\"https:\/\/blogs.autodesk.com\/bimblog\/wp-content\/uploads\/sites\/108\/2019\/04\/Holzbau-1-1024x743.jpg\" alt=\"\" width=\"640\" height=\"464\" srcset=\"https:\/\/blogs.autodesk.com\/bimblog\/wp-content\/uploads\/sites\/108\/2019\/04\/Holzbau-1-1024x743.jpg 1024w, https:\/\/blogs.autodesk.com\/bimblog\/wp-content\/uploads\/sites\/108\/2019\/04\/Holzbau-1-300x218.jpg 300w, https:\/\/blogs.autodesk.com\/bimblog\/wp-content\/uploads\/sites\/108\/2019\/04\/Holzbau-1-768x557.jpg 768w\" sizes=\"auto, (max-width: 640px) 100vw, 640px\" \/><\/p>\n<h3>\u00dcbersicht der Familien und M\u00f6glichkeiten<\/h3>\n<p>Eine \u00dcbersicht \u00fcber die verschiedenen M\u00f6glichkeiten im Holzbau finden Sie im Sammelprojekt &#8220;<strong>Revit BIM Bibliothek &#8211; Ingenieurbau &#8211; Holzbau.rvt<\/strong>&#8220;. Dieses \u00f6ffnen Sie als Projekt im folgenden Ordner der Standard Revit Bibliothek:<br \/>\n&#8220;&#8212;&#8211; Revit BIM Bibliotheken &#8212;&#8211;\u201d. Von dort k\u00f6nnen Sie Familien auch einfach per copy-paste in Ihr Projekt \u00fcbertragen.<\/p>\n<p><a href=\"https:\/\/blogs.autodesk.com\/bimblog\/wp-content\/uploads\/sites\/108\/2019\/05\/Holzbau_Sammeldatei.png\" target=\"_blank\" rel=\"noopener noreferrer\"><img loading=\"lazy\" decoding=\"async\" class=\"alignnone wp-image-4720 size-large\" src=\"https:\/\/blogs.autodesk.com\/bimblog\/wp-content\/uploads\/sites\/108\/2019\/05\/Holzbau_Sammeldatei-1024x203.png\" alt=\"\" width=\"640\" height=\"127\" srcset=\"https:\/\/blogs.autodesk.com\/bimblog\/wp-content\/uploads\/sites\/108\/2019\/05\/Holzbau_Sammeldatei-1024x203.png 1024w, https:\/\/blogs.autodesk.com\/bimblog\/wp-content\/uploads\/sites\/108\/2019\/05\/Holzbau_Sammeldatei-300x59.png 300w, https:\/\/blogs.autodesk.com\/bimblog\/wp-content\/uploads\/sites\/108\/2019\/05\/Holzbau_Sammeldatei-768x152.png 768w, https:\/\/blogs.autodesk.com\/bimblog\/wp-content\/uploads\/sites\/108\/2019\/05\/Holzbau_Sammeldatei.png 1666w\" sizes=\"auto, (max-width: 640px) 100vw, 640px\" \/><\/a><\/p>\n<p>&nbsp;<\/p>\n<p><a href=\"https:\/\/blogs.autodesk.com\/bimblog\/wp-content\/uploads\/sites\/108\/2019\/05\/Holzbau3.png\" target=\"_blank\" rel=\"noopener noreferrer\"><img loading=\"lazy\" decoding=\"async\" class=\"alignnone wp-image-4716\" src=\"https:\/\/blogs.autodesk.com\/bimblog\/wp-content\/uploads\/sites\/108\/2019\/05\/Holzbau3-300x122.png\" alt=\"\" width=\"350\" height=\"143\" srcset=\"https:\/\/blogs.autodesk.com\/bimblog\/wp-content\/uploads\/sites\/108\/2019\/05\/Holzbau3-300x122.png 300w, https:\/\/blogs.autodesk.com\/bimblog\/wp-content\/uploads\/sites\/108\/2019\/05\/Holzbau3-768x313.png 768w, https:\/\/blogs.autodesk.com\/bimblog\/wp-content\/uploads\/sites\/108\/2019\/05\/Holzbau3-1024x418.png 1024w\" sizes=\"auto, (max-width: 350px) 100vw, 350px\" \/><\/a> <a href=\"https:\/\/blogs.autodesk.com\/bimblog\/wp-content\/uploads\/sites\/108\/2019\/05\/Holzbau2.png\" target=\"_blank\" rel=\"noopener noreferrer\"><img loading=\"lazy\" decoding=\"async\" class=\"alignnone wp-image-4717\" src=\"https:\/\/blogs.autodesk.com\/bimblog\/wp-content\/uploads\/sites\/108\/2019\/05\/Holzbau2-300x144.png\" alt=\"\" width=\"350\" height=\"168\" srcset=\"https:\/\/blogs.autodesk.com\/bimblog\/wp-content\/uploads\/sites\/108\/2019\/05\/Holzbau2-300x144.png 300w, https:\/\/blogs.autodesk.com\/bimblog\/wp-content\/uploads\/sites\/108\/2019\/05\/Holzbau2-768x368.png 768w, https:\/\/blogs.autodesk.com\/bimblog\/wp-content\/uploads\/sites\/108\/2019\/05\/Holzbau2-1024x491.png 1024w\" sizes=\"auto, (max-width: 350px) 100vw, 350px\" \/><\/a> <a href=\"https:\/\/blogs.autodesk.com\/bimblog\/wp-content\/uploads\/sites\/108\/2019\/05\/Holzbau1.png\" target=\"_blank\" rel=\"noopener noreferrer\"><img loading=\"lazy\" decoding=\"async\" class=\"alignnone wp-image-4718\" src=\"https:\/\/blogs.autodesk.com\/bimblog\/wp-content\/uploads\/sites\/108\/2019\/05\/Holzbau1-300x133.png\" alt=\"\" width=\"350\" height=\"156\" srcset=\"https:\/\/blogs.autodesk.com\/bimblog\/wp-content\/uploads\/sites\/108\/2019\/05\/Holzbau1-300x133.png 300w, https:\/\/blogs.autodesk.com\/bimblog\/wp-content\/uploads\/sites\/108\/2019\/05\/Holzbau1-768x342.png 768w, https:\/\/blogs.autodesk.com\/bimblog\/wp-content\/uploads\/sites\/108\/2019\/05\/Holzbau1-1024x456.png 1024w\" sizes=\"auto, (max-width: 350px) 100vw, 350px\" \/><\/a> <a href=\"https:\/\/blogs.autodesk.com\/bimblog\/wp-content\/uploads\/sites\/108\/2019\/05\/Holzbau4.png\" target=\"_blank\" rel=\"noopener noreferrer\"><img loading=\"lazy\" decoding=\"async\" class=\"alignnone wp-image-4719\" src=\"https:\/\/blogs.autodesk.com\/bimblog\/wp-content\/uploads\/sites\/108\/2019\/05\/Holzbau4-300x148.png\" alt=\"\" width=\"350\" height=\"173\" srcset=\"https:\/\/blogs.autodesk.com\/bimblog\/wp-content\/uploads\/sites\/108\/2019\/05\/Holzbau4-300x148.png 300w, https:\/\/blogs.autodesk.com\/bimblog\/wp-content\/uploads\/sites\/108\/2019\/05\/Holzbau4-768x379.png 768w, https:\/\/blogs.autodesk.com\/bimblog\/wp-content\/uploads\/sites\/108\/2019\/05\/Holzbau4-1024x505.png 1024w\" sizes=\"auto, (max-width: 350px) 100vw, 350px\" \/><\/a><\/p>\n<p>&nbsp;<\/p>\n<h3>Training und Hilfe<\/h3>\n<p>In der Standard Hilfefunktion von Revit finden Sie viele allgemeine Anleitungen zum Umgang mit St\u00fctzen, Tr\u00e4gern und Tr\u00e4gersystemen zum Erstellen dieser Konstruktionen!<\/p>\n<p>Speziell f\u00fcr die Dachkonstruktion mit den neuen Familien werden Sie allerdings zur Zeit noch nichts finden, weshalb wir Ihnen mit den folgenden Videos eine gute erste Hilfe zur Modellierung der Dachkonstruktionen geben m\u00f6chten. Nutzen Sie diese Videos sowie die Holzbau Beispieldatei, um die vielen M\u00f6glichkeiten der neuen Familien zu entdecken und zu erlernen.<\/p>\n<p>Im ersten Video sehen Sie, wie ein Pfettendach erstellt werden kann, inklusive Anpassung an die Dachneigung, \u00c4nderung der Zierk\u00f6pfe, Modellieren von \u00d6ffnungen (Sparrenwechsel) sowie ein schnelles Anlegen einer Holzliste durch Kopieren der Vorlage aus der Sammeldatei:<\/p>\n<p><iframe loading=\"lazy\" title=\"Holzbau mit Revit 2020 am Beispiel eines Pfettendaches | Autodesk\" width=\"640\" height=\"360\" src=\"https:\/\/www.youtube.com\/embed\/w1QB10h7l2A?feature=oembed\" frameborder=\"0\" allow=\"accelerometer; autoplay; clipboard-write; encrypted-media; gyroscope; picture-in-picture; web-share\" referrerpolicy=\"strict-origin-when-cross-origin\" allowfullscreen><\/iframe><\/p>\n<p>Das zweite Video geht noch detaillierter auf verschiedene Sonder-Situationen der Dachkonstruktionen ein, wie z.B. das Erstellen von Gratsparren, Verstrebungen und weitere komplexe Verschneidungen mit flexiblen Abzugsk\u00f6rpern:<\/p>\n<p><iframe loading=\"lazy\" title=\"Holzbau mit Revit 2020 am Beispiel von Gratsparren, Streben + individuellen Abschl\u00fcssen | Autodesk\" width=\"640\" height=\"360\" src=\"https:\/\/www.youtube.com\/embed\/1hqmPv1pZRM?feature=oembed\" frameborder=\"0\" allow=\"accelerometer; autoplay; clipboard-write; encrypted-media; gyroscope; picture-in-picture; web-share\" referrerpolicy=\"strict-origin-when-cross-origin\" allowfullscreen><\/iframe><\/p>\n<p>Vielen Dank an dieser Stelle an unseren externen Consultant <a href=\"https:\/\/www.linkedin.com\/in\/peter-eisen-56279725\/\" target=\"_blank\" rel=\"noopener noreferrer\">Peter Eisen<\/a>, der die Hauptverantwortung bei der Erstellung der Holzbau-Bibliothek hatte. Sein Holzbau- und Revit-Expertenwissen hat es uns erm\u00f6glicht, Ihnen diese intelligenten Familien zur Verf\u00fcgung zu stellen.<\/p>\n","protected":false},"excerpt":{"rendered":"<p>Neue Holzbaufamilien in Revit 2020<\/p>\n<p>Auch wenn es viele Zusatzapplikationen f\u00fcr Revit im Bereich Holzbau gibt, haben viele von unseren Kunden darum gebeten, grundlegende Familien hierf\u00fcr zur Auswahl zu haben, um z.B. ein einfaches Pfettendach ohne Zusatzwerkzeuge, sondern mit Standardfunktionen und -familien erstellen zu k\u00f6nnen.<\/p>\n<p>Mit Revit 2020 bieten wir Ihnen ab sofort diese Familien,<\/p>\n","protected":false},"author":15235,"featured_media":4656,"parent":4000,"menu_order":0,"comment_status":"closed","ping_status":"closed","template":"","meta":{"_acf_changed":false,"inline_featured_image":false,"footnotes":""},"class_list":["post-4664","page","type-page","status-publish","has-post-thumbnail","hentry"],"acf":[],"_links":{"self":[{"href":"https:\/\/blogs.autodesk.com\/bimblog\/wp-json\/wp\/v2\/pages\/4664","targetHints":{"allow":["GET"]}}],"collection":[{"href":"https:\/\/blogs.autodesk.com\/bimblog\/wp-json\/wp\/v2\/pages"}],"about":[{"href":"https:\/\/blogs.autodesk.com\/bimblog\/wp-json\/wp\/v2\/types\/page"}],"author":[{"embeddable":true,"href":"https:\/\/blogs.autodesk.com\/bimblog\/wp-json\/wp\/v2\/users\/15235"}],"replies":[{"embeddable":true,"href":"https:\/\/blogs.autodesk.com\/bimblog\/wp-json\/wp\/v2\/comments?post=4664"}],"version-history":[{"count":0,"href":"https:\/\/blogs.autodesk.com\/bimblog\/wp-json\/wp\/v2\/pages\/4664\/revisions"}],"up":[{"embeddable":true,"href":"https:\/\/blogs.autodesk.com\/bimblog\/wp-json\/wp\/v2\/pages\/4000"}],"wp:featuredmedia":[{"embeddable":true,"href":"https:\/\/blogs.autodesk.com\/bimblog\/wp-json\/wp\/v2\/media\/4656"}],"wp:attachment":[{"href":"https:\/\/blogs.autodesk.com\/bimblog\/wp-json\/wp\/v2\/media?parent=4664"}],"curies":[{"name":"wp","href":"https:\/\/api.w.org\/{rel}","templated":true}]}}