{"id":4667,"date":"2019-04-24T17:14:03","date_gmt":"2019-04-24T15:14:03","guid":{"rendered":"https:\/\/blogs.autodesk.com\/bimblog\/?page_id=4667"},"modified":"2019-04-24T17:14:11","modified_gmt":"2019-04-24T15:14:11","slug":"fenstersprossen","status":"publish","type":"page","link":"https:\/\/blogs.autodesk.com\/bimblog\/bibliothek\/fenster\/fenstersprossen\/","title":{"rendered":"Fenstersprossen"},"content":{"rendered":"<p>Recht h\u00e4ufig wurden wir letztes Jahr gefragt, ob wir nicht auch Fenstersprossen f\u00fcr die neuen intelligenten Fenster zur Verf\u00fcgung stellen k\u00f6nnen, was wir mit Revit 2020 mit 12 verschiedenen Sprossenfamilien nachholen m\u00f6chten. Diese Sprossen wurden aus Komplexit\u00e4ts- und Performance-Gr\u00fcnden nicht mit in die Fensterfamilien integriert. Laden Sie diese deshalb einfach separat als &#8220;Fenster&#8221; in Ihr Projekt, platzieren Sie sie am besten in einer Ansicht auf die Glasfl\u00e4chen der vorhandenen Fenster und richten Sie sie dann einfach aus.<\/p>\n<p><img loading=\"lazy\" decoding=\"async\" class=\"alignnone size-full wp-image-4657\" src=\"https:\/\/blogs.autodesk.com\/bimblog\/wp-content\/uploads\/sites\/108\/2019\/04\/Fenstersprossen-1.jpg\" alt=\"\" width=\"2003\" height=\"1444\" srcset=\"https:\/\/blogs.autodesk.com\/bimblog\/wp-content\/uploads\/sites\/108\/2019\/04\/Fenstersprossen-1.jpg 2003w, https:\/\/blogs.autodesk.com\/bimblog\/wp-content\/uploads\/sites\/108\/2019\/04\/Fenstersprossen-1-300x216.jpg 300w, https:\/\/blogs.autodesk.com\/bimblog\/wp-content\/uploads\/sites\/108\/2019\/04\/Fenstersprossen-1-768x554.jpg 768w, https:\/\/blogs.autodesk.com\/bimblog\/wp-content\/uploads\/sites\/108\/2019\/04\/Fenstersprossen-1-1024x738.jpg 1024w\" sizes=\"auto, (max-width: 2003px) 100vw, 2003px\" \/><\/p>\n","protected":false},"excerpt":{"rendered":"<p>Recht h\u00e4ufig wurden wir letztes Jahr gefragt, ob wir nicht auch Fenstersprossen f\u00fcr die neuen intelligenten Fenster zur Verf\u00fcgung stellen k\u00f6nnen, was wir mit Revit 2020 mit 12 verschiedenen Sprossenfamilien nachholen m\u00f6chten. Diese Sprossen wurden aus Komplexit\u00e4ts- und Performance-Gr\u00fcnden nicht mit in die Fensterfamilien integriert. Laden Sie diese deshalb einfach separat als &#8220;Fenster&#8221;<\/p>\n","protected":false},"author":15235,"featured_media":0,"parent":3857,"menu_order":0,"comment_status":"closed","ping_status":"closed","template":"","meta":{"_acf_changed":false,"inline_featured_image":false,"footnotes":""},"class_list":["post-4667","page","type-page","status-publish","hentry"],"acf":[],"_links":{"self":[{"href":"https:\/\/blogs.autodesk.com\/bimblog\/wp-json\/wp\/v2\/pages\/4667","targetHints":{"allow":["GET"]}}],"collection":[{"href":"https:\/\/blogs.autodesk.com\/bimblog\/wp-json\/wp\/v2\/pages"}],"about":[{"href":"https:\/\/blogs.autodesk.com\/bimblog\/wp-json\/wp\/v2\/types\/page"}],"author":[{"embeddable":true,"href":"https:\/\/blogs.autodesk.com\/bimblog\/wp-json\/wp\/v2\/users\/15235"}],"replies":[{"embeddable":true,"href":"https:\/\/blogs.autodesk.com\/bimblog\/wp-json\/wp\/v2\/comments?post=4667"}],"version-history":[{"count":0,"href":"https:\/\/blogs.autodesk.com\/bimblog\/wp-json\/wp\/v2\/pages\/4667\/revisions"}],"up":[{"embeddable":true,"href":"https:\/\/blogs.autodesk.com\/bimblog\/wp-json\/wp\/v2\/pages\/3857"}],"wp:attachment":[{"href":"https:\/\/blogs.autodesk.com\/bimblog\/wp-json\/wp\/v2\/media?parent=4667"}],"curies":[{"name":"wp","href":"https:\/\/api.w.org\/{rel}","templated":true}]}}