{"id":4886,"date":"2019-09-09T14:37:05","date_gmt":"2019-09-09T12:37:05","guid":{"rendered":"https:\/\/blogs.autodesk.com\/bimblog\/?page_id=4886"},"modified":"2019-10-01T08:45:00","modified_gmt":"2019-10-01T06:45:00","slug":"dynamo","status":"publish","type":"page","link":"https:\/\/blogs.autodesk.com\/bimblog\/dynamo\/","title":{"rendered":"Dynamo"},"content":{"rendered":"<p>Dynamo ist eine openSource Plattform f\u00fcr die visuelle Programmierung und ein fester Bestandteil von Revit, sowie seit kurzem auch <a href=\"https:\/\/www.youtube.com\/watch?v=ajKhhIMJW_s\">in Civil 3D integriert<\/a>.<br \/>\nMit Hilfe von Dynamo k\u00f6nnen Sie komplexe Geometrien erzeugen, parametrische Systeme aufbauen, Berechnungen durchf\u00fchren, Daten mit externen Datenbanken bi-direktional synchronisieren oder auch auf die Revit API zugreifen und Arbeitsabl\u00e4ufe automatisieren.<\/p>\n<p><img loading=\"lazy\" decoding=\"async\" class=\"aligncenter size-full wp-image-4891\" src=\"https:\/\/blogs.autodesk.com\/bimblog\/wp-content\/uploads\/sites\/108\/2019\/09\/Dynamo.gif\" alt=\"\" width=\"760\" height=\"427\" \/><\/p>\n<p>Mit Hilfe von visueller Programmierung k\u00f6nnen Sie auch ohne Programmierkenntnisse auf Bereiche von Revit zugreifen, die Ihnen bisher verwehrt blieben \u2013 oder nur mit Hilfe von Drittanbieter-Plugins m\u00f6glich waren. Hierbei\u00a0werden\u00a0fertige Code-Bl\u00f6cke so miteinander verkn\u00fcpft, dass sie eine logische Einheit ergeben und bestimmte Aufgaben erf\u00fcllen.<br \/>\nDiese Aufgaben k\u00f6nnen mathematische Berechnungen, Erstellung komplexer Geometrien nach dem Prinzip des generativen Designs,\u00a0auch Datamining und diverse Auswertungen sowie Automatisierung diverser Prozesse in Revit sein.<\/p>\n<div class=\"entry-body\"><\/div>\n<p><iframe loading=\"lazy\" title=\"Computational Design with Dynamo\" width=\"640\" height=\"360\" src=\"https:\/\/www.youtube.com\/embed\/h0Sk1w7xU4Q?feature=oembed\" frameborder=\"0\" allow=\"accelerometer; autoplay; clipboard-write; encrypted-media; gyroscope; picture-in-picture; web-share\" referrerpolicy=\"strict-origin-when-cross-origin\" allowfullscreen><\/iframe><\/p>\n<p>Als besondere Funktionalit\u00e4t von Dynamo steht Ihnen der <em>Dynamo Player<\/em> zur Verf\u00fcgung, mit dem Sie die fertigen Skripte Endnutzern zur Verf\u00fcgung stellen k\u00f6nnen, die diese \u00fcber eine einfache Benutzeroberfl\u00e4che ausf\u00fchren k\u00f6nnen:<\/p>\n<p><iframe loading=\"lazy\" title=\"Dynamo Player\" width=\"640\" height=\"360\" src=\"https:\/\/www.youtube.com\/embed\/R8usi9c2BVg?feature=oembed\" frameborder=\"0\" allow=\"accelerometer; autoplay; clipboard-write; encrypted-media; gyroscope; picture-in-picture; web-share\" referrerpolicy=\"strict-origin-when-cross-origin\" allowfullscreen><\/iframe><\/p>\n<p>Dynamo ist auch die Grundlage f\u00fcr unsere <strong>Generative Design<\/strong> L\u00f6sung <em>Refinery<\/em> &#8211; in <a href=\"https:\/\/blogs.autodesk.com\/bimblog\/refinery-einstieg\/\">diesem Blogbeitrag<\/a> finden Sie mehr dazu!<\/p>\n<div class=\"entry-more\">\n<h3>Weiterf\u00fchrende Links:<\/h3>\n<p><a href=\"http:\/\/dynamobim.com\/\">Offizielle Dynamo Website und Forum<\/a><\/p>\n<p><a href=\"http:\/\/dynamoprimer.com\/\">Dynamo Primer \u2013 digitales Dynamo Handbuch\u00a0<\/a><\/p>\n<p><a href=\"http:\/\/dynamobim.org\/wp-content\/uploads\/forum-assets\/colin-mccroneautodesk-com\/07\/10\/Dynamo_language_guide_version_1.pdf\">Dynamo Language Guide (PDF, Englisch)<\/a><\/p>\n<p><a href=\"https:\/\/www.youtube.com\/embed\/videoseries?list=PLmkUrbEZiEDJ-otdyBL3OY8ZejyYia29c\">Deutschsprachige Videotutorials<\/a> (etwas \u00e4lter, als Einstieg dennoch gut geeignet)<\/p>\n<p><a href=\"https:\/\/de.linkedin.com\/learning\/dynamo-2-x-essential-training\">LinkedIn Learning Dynamo Training<\/a> (Englisch)<\/p>\n<p><a href=\"https:\/\/blogs.autodesk.com\/bimblog\/category\/dynamo\">Unsere Blogbeitr\u00e4ge zum Thema Dynamo<\/a><\/p>\n<\/div>\n","protected":false},"excerpt":{"rendered":"<p>Dynamo ist eine openSource Plattform f\u00fcr die visuelle Programmierung und ein fester Bestandteil von Revit, sowie seit kurzem auch <a href=\"https:\/\/www.youtube.com\/watch?v=ajKhhIMJW_s\">in Civil 3D integriert<\/a>.<br \/>\nMit Hilfe von Dynamo k\u00f6nnen Sie komplexe Geometrien erzeugen, parametrische Systeme aufbauen, Berechnungen durchf\u00fchren, Daten mit externen Datenbanken bi-direktional synchronisieren oder auch auf die Revit API zugreifen und Arbeitsabl\u00e4ufe automatisieren.<\/p>\n","protected":false},"author":4680,"featured_media":0,"parent":0,"menu_order":0,"comment_status":"closed","ping_status":"closed","template":"","meta":{"_acf_changed":false,"inline_featured_image":false,"footnotes":""},"class_list":["post-4886","page","type-page","status-publish","hentry"],"acf":[],"_links":{"self":[{"href":"https:\/\/blogs.autodesk.com\/bimblog\/wp-json\/wp\/v2\/pages\/4886","targetHints":{"allow":["GET"]}}],"collection":[{"href":"https:\/\/blogs.autodesk.com\/bimblog\/wp-json\/wp\/v2\/pages"}],"about":[{"href":"https:\/\/blogs.autodesk.com\/bimblog\/wp-json\/wp\/v2\/types\/page"}],"author":[{"embeddable":true,"href":"https:\/\/blogs.autodesk.com\/bimblog\/wp-json\/wp\/v2\/users\/4680"}],"replies":[{"embeddable":true,"href":"https:\/\/blogs.autodesk.com\/bimblog\/wp-json\/wp\/v2\/comments?post=4886"}],"version-history":[{"count":0,"href":"https:\/\/blogs.autodesk.com\/bimblog\/wp-json\/wp\/v2\/pages\/4886\/revisions"}],"wp:attachment":[{"href":"https:\/\/blogs.autodesk.com\/bimblog\/wp-json\/wp\/v2\/media?parent=4886"}],"curies":[{"name":"wp","href":"https:\/\/api.w.org\/{rel}","templated":true}]}}