{"id":5414,"date":"2020-06-22T15:57:17","date_gmt":"2020-06-22T13:57:17","guid":{"rendered":"https:\/\/blogs.autodesk.com\/bimblog\/?page_id=5414"},"modified":"2020-11-04T09:47:37","modified_gmt":"2020-11-04T08:47:37","slug":"unterkategorie-bezeichnungen","status":"publish","type":"page","link":"https:\/\/blogs.autodesk.com\/bimblog\/unterkategorie-bezeichnungen\/","title":{"rendered":"Auflistung der Unterkategorie-Bezeichnungen der DACH Bibliothek"},"content":{"rendered":"<table width=\"768\">\n<tbody>\n<tr>\n<td width=\"153\"><strong>Kategorie<\/strong><\/td>\n<td width=\"242\"><strong>Unterkategorie<\/strong><\/td>\n<td width=\"373\"><strong>Bemerkung<\/strong><\/td>\n<\/tr>\n<tr>\n<td>&nbsp;<\/p>\n<p><strong>Fenster<\/strong><\/td>\n<td><\/td>\n<td><\/td>\n<\/tr>\n<tr>\n<td><\/td>\n<td>&lt;Verdeckte Linien&gt;<\/td>\n<td><\/td>\n<\/tr>\n<tr>\n<td><\/td>\n<td>Br\u00fcstung\/Sturzh\u00f6he<\/td>\n<td><\/td>\n<\/tr>\n<tr>\n<td><\/td>\n<td>Element\/Fl\u00fcgel<\/td>\n<td><\/td>\n<\/tr>\n<tr>\n<td><\/td>\n<td>Fensterbank Aussen Blech<\/td>\n<td><\/td>\n<\/tr>\n<tr>\n<td><\/td>\n<td>Fensterbank Aussen Stein<\/td>\n<td><\/td>\n<\/tr>\n<tr>\n<td><\/td>\n<td>Fensterbank Innen<\/td>\n<td><\/td>\n<\/tr>\n<tr>\n<td><\/td>\n<td>Fensterb\u00e4nke<\/td>\n<td><\/td>\n<\/tr>\n<tr>\n<td><\/td>\n<td>Glas<\/td>\n<td><\/td>\n<\/tr>\n<tr>\n<td><\/td>\n<td>Rahmen Grobdarstellung<\/td>\n<td><\/td>\n<\/tr>\n<tr>\n<td><\/td>\n<td>Rahmen\/Pfosten<\/td>\n<td>Darstellung Mittel\/Fein<\/td>\n<\/tr>\n<tr>\n<td><\/td>\n<td>Sichtbeschl\u00e4ge<\/td>\n<td><\/td>\n<\/tr>\n<tr>\n<td><\/td>\n<td>Sonnenschutzelemente<\/td>\n<td><\/td>\n<\/tr>\n<tr>\n<td><\/td>\n<td>Stutzen<\/td>\n<td>Derzeit nicht belegt<\/td>\n<\/tr>\n<tr>\n<td><\/td>\n<td>T\u00fcrsymbol\u00a0 \u2010 Ansicht<\/td>\n<td><\/td>\n<\/tr>\n<tr>\n<td><\/td>\n<td>\u00d6ffnung<\/td>\n<td>\u00d6ffnungslinien in Ansichten<\/td>\n<\/tr>\n<tr>\n<td><\/td>\n<td>\u00d6ffnung Bauform<\/td>\n<td>Grundrissdarstellung: Korbbogen, Segmentbogen,\u2026<\/td>\n<\/tr>\n<tr>\n<td><\/td>\n<td>\u00d6ffnungsachse Wendefl\u00fcgel<\/td>\n<td><\/td>\n<\/tr>\n<tr>\n<td><\/td>\n<td>\u00d6ffnungssymbol \ufd3eGrundriss\ufd3f<\/td>\n<td><\/td>\n<\/tr>\n<tr>\n<td><\/td>\n<td>\u00d6ffnungssymbol Ingenieurbau<\/td>\n<td>Darstellung Durchbruchsymbol<\/td>\n<\/tr>\n<tr>\n<td><\/td>\n<td><\/td>\n<td><\/td>\n<\/tr>\n<tr>\n<td>&nbsp;<\/p>\n<p><strong>T\u00fcren<\/strong><\/td>\n<td><\/td>\n<td><\/td>\n<\/tr>\n<tr>\n<td><\/td>\n<td>&lt;Verdeckte Linien&gt;<\/td>\n<td><\/td>\n<\/tr>\n<tr>\n<td><\/td>\n<td>Element<\/td>\n<td>T\u00fcrblatt<\/td>\n<\/tr>\n<tr>\n<td><\/td>\n<td>Glas<\/td>\n<td><\/td>\n<\/tr>\n<tr>\n<td><\/td>\n<td>Grundrissdarstellung T\u00fcranschlag<\/td>\n<td><\/td>\n<\/tr>\n<tr>\n<td><\/td>\n<td>Grundrissdarstellung T\u00fcrsturz<\/td>\n<td><\/td>\n<\/tr>\n<tr>\n<td><\/td>\n<td>Kollisionsk\u00f6rper<\/td>\n<td><\/td>\n<\/tr>\n<tr>\n<td><\/td>\n<td>Rahmen\/Pfosten<\/td>\n<td><\/td>\n<\/tr>\n<tr>\n<td><\/td>\n<td>Sichtbeschl\u00e4ge<\/td>\n<td><\/td>\n<\/tr>\n<tr>\n<td><\/td>\n<td>\u00d6ffnung<\/td>\n<td>\u00d6ffnungslinien in Ansichten<\/td>\n<\/tr>\n<tr>\n<td><\/td>\n<td>\u00d6ffnung Bauform<\/td>\n<td>Grundrissdarstellung: Korbbogen, Segmentbogen,\u2026<\/td>\n<\/tr>\n<tr>\n<td><\/td>\n<td>\u00d6ffnung Element 2<\/td>\n<td>Bei 2- fl\u00fcgeligen T\u00fcren der 2.\u00f6ffnende (Ist strichliert)<\/td>\n<\/tr>\n<tr>\n<td><\/td>\n<td>\u00d6ffnung Garagentor<\/td>\n<td><\/td>\n<\/tr>\n<tr>\n<td><\/td>\n<td>\u00d6ffnungssymbol Ingenieurbau<\/td>\n<td>Darstellung Durchbruchsymbol<\/td>\n<\/tr>\n<\/tbody>\n<\/table>\n","protected":false},"excerpt":{"rendered":"<p>Kategorie<br \/>\nUnterkategorie<br \/>\nBemerkung<\/p>\n<p>&nbsp;<\/p>\n<p>Fenster<\/p>\n<p>&lt;Verdeckte Linien&gt;<\/p>\n<p>Br\u00fcstung\/Sturzh\u00f6he<\/p>\n<p>Element\/Fl\u00fcgel<\/p>\n<p>Fensterbank Aussen Blech<\/p>\n<p>Fensterbank Aussen Stein<\/p>\n<p>Fensterbank Innen<\/p>\n<p>Fensterb\u00e4nke<\/p>\n<p>Glas<\/p>\n<p>Rahmen Grobdarstellung<\/p>\n<p>Rahmen\/Pfosten<br \/>\nDarstellung Mittel\/Fein<\/p>\n<p>Sichtbeschl\u00e4ge<\/p>\n<p>Sonnenschutzelemente<\/p>\n<p>Stutzen<br \/>\nDerzeit nicht belegt<\/p>\n<p>T\u00fcrsymbol\u00a0 \u2010 Ansicht<\/p>\n<p>\u00d6ffnung<br \/>\n\u00d6ffnungslinien in Ansichten<\/p>\n<p>\u00d6ffnung Bauform<br \/>\nGrundrissdarstellung: Korbbogen, Segmentbogen,\u2026<\/p>\n<p>\u00d6ffnungsachse Wendefl\u00fcgel<\/p>\n<p>\u00d6ffnungssymbol \ufd3eGrundriss\ufd3f<\/p>\n<p>\u00d6ffnungssymbol Ingenieurbau<br \/>\nDarstellung Durchbruchsymbol<\/p>\n<p>&nbsp;<\/p>\n","protected":false},"author":4685,"featured_media":0,"parent":0,"menu_order":0,"comment_status":"closed","ping_status":"closed","template":"","meta":{"_acf_changed":false,"inline_featured_image":false,"footnotes":""},"class_list":["post-5414","page","type-page","status-publish","hentry"],"acf":[],"_links":{"self":[{"href":"https:\/\/blogs.autodesk.com\/bimblog\/wp-json\/wp\/v2\/pages\/5414","targetHints":{"allow":["GET"]}}],"collection":[{"href":"https:\/\/blogs.autodesk.com\/bimblog\/wp-json\/wp\/v2\/pages"}],"about":[{"href":"https:\/\/blogs.autodesk.com\/bimblog\/wp-json\/wp\/v2\/types\/page"}],"author":[{"embeddable":true,"href":"https:\/\/blogs.autodesk.com\/bimblog\/wp-json\/wp\/v2\/users\/4685"}],"replies":[{"embeddable":true,"href":"https:\/\/blogs.autodesk.com\/bimblog\/wp-json\/wp\/v2\/comments?post=5414"}],"version-history":[{"count":0,"href":"https:\/\/blogs.autodesk.com\/bimblog\/wp-json\/wp\/v2\/pages\/5414\/revisions"}],"wp:attachment":[{"href":"https:\/\/blogs.autodesk.com\/bimblog\/wp-json\/wp\/v2\/media?parent=5414"}],"curies":[{"name":"wp","href":"https:\/\/api.w.org\/{rel}","templated":true}]}}