{"id":60,"date":"2015-11-24T17:21:03","date_gmt":"2015-11-24T23:21:03","guid":{"rendered":"https:\/\/blogs.autodesk.com\/futuro-de-la-infraestructura\/?page_id=60"},"modified":"2016-11-01T13:40:31","modified_gmt":"2016-11-01T19:40:31","slug":"acerca-del-blog","status":"publish","type":"page","link":"https:\/\/blogs.autodesk.com\/futuro-de-la-construccion\/acerca-del-blog\/","title":{"rendered":"Acerca del Blog"},"content":{"rendered":"<p>El Blog &#8220;El Futuro de la Construcci\u00f3n&#8221; se enfoca en tendencias para la industria de la Construcci\u00f3n e Infraestructura en Latinoam\u00e9rica. Los art\u00edculos muestran funcionalidades sobre tecnolog\u00eda de punta en la industria as\u00ed como tips y ejemplos de trabajo desde un punto de vista t\u00e9cnico utilizando la tecnolog\u00eda de Autodesk.<\/p>\n<p>El contenido incluye temas sobre aplicaciones para carreteras, puentes, drenaje, as\u00ed como edificios, comercios, residencias y otros proyectos de construcci\u00f3n.<\/p>\n<p><a href=\"https:\/\/blogs.autodesk.com\/futuro-de-la-infraestructura\/wp-content\/uploads\/sites\/51\/2015\/11\/snapshot-2.jpg\" rel=\"attachment wp-att-36\"><img loading=\"lazy\" decoding=\"async\" class=\"alignnone size-medium wp-image-36\" src=\"https:\/\/blogs.autodesk.com\/futuro-de-la-infraestructura\/wp-content\/uploads\/sites\/51\/2015\/11\/snapshot-2-300x225.jpg\" alt=\"snapshot (2)\" width=\"300\" height=\"225\" srcset=\"https:\/\/blogs.autodesk.com\/futuro-de-la-construccion\/wp-content\/uploads\/sites\/51\/2015\/11\/snapshot-2-300x225.jpg 300w, https:\/\/blogs.autodesk.com\/futuro-de-la-construccion\/wp-content\/uploads\/sites\/51\/2015\/11\/snapshot-2.jpg 800w\" sizes=\"auto, (max-width: 300px) 100vw, 300px\" \/><\/a>\u00a0 \u00a0 \u00a0 \u00a0 \u00a0 \u00a0\u00a0<a href=\"https:\/\/blogs.autodesk.com\/futuro-de-la-infraestructura\/wp-content\/uploads\/sites\/51\/2015\/11\/Road-profile.jpg\" rel=\"attachment wp-att-33\"><img loading=\"lazy\" decoding=\"async\" class=\"alignnone wp-image-33\" src=\"https:\/\/blogs.autodesk.com\/futuro-de-la-infraestructura\/wp-content\/uploads\/sites\/51\/2015\/11\/Road-profile-300x208.jpg\" alt=\"Road profile\" width=\"329\" height=\"228\" srcset=\"https:\/\/blogs.autodesk.com\/futuro-de-la-construccion\/wp-content\/uploads\/sites\/51\/2015\/11\/Road-profile-300x208.jpg 300w, https:\/\/blogs.autodesk.com\/futuro-de-la-construccion\/wp-content\/uploads\/sites\/51\/2015\/11\/Road-profile-1024x711.jpg 1024w, https:\/\/blogs.autodesk.com\/futuro-de-la-construccion\/wp-content\/uploads\/sites\/51\/2015\/11\/Road-profile.jpg 1673w\" sizes=\"auto, (max-width: 329px) 100vw, 329px\" \/><\/a><\/p>\n","protected":false},"excerpt":{"rendered":"<p>El Blog &#8220;El Futuro de la Construcci\u00f3n&#8221; se enfoca en tendencias para la industria de la Construcci\u00f3n e Infraestructura en Latinoam\u00e9rica. Los art\u00edculos muestran funcionalidades sobre tecnolog\u00eda de punta en la industria as\u00ed como tips y ejemplos de trabajo desde un punto de vista t\u00e9cnico utilizando la tecnolog\u00eda de Autodesk.<\/p>\n","protected":false},"author":186,"featured_media":0,"parent":0,"menu_order":0,"comment_status":"closed","ping_status":"closed","template":"","meta":{"_acf_changed":false,"inline_featured_image":false,"footnotes":""},"class_list":["post-60","page","type-page","status-publish","hentry"],"acf":[],"_links":{"self":[{"href":"https:\/\/blogs.autodesk.com\/futuro-de-la-construccion\/wp-json\/wp\/v2\/pages\/60","targetHints":{"allow":["GET"]}}],"collection":[{"href":"https:\/\/blogs.autodesk.com\/futuro-de-la-construccion\/wp-json\/wp\/v2\/pages"}],"about":[{"href":"https:\/\/blogs.autodesk.com\/futuro-de-la-construccion\/wp-json\/wp\/v2\/types\/page"}],"author":[{"embeddable":true,"href":"https:\/\/blogs.autodesk.com\/futuro-de-la-construccion\/wp-json\/wp\/v2\/users\/186"}],"replies":[{"embeddable":true,"href":"https:\/\/blogs.autodesk.com\/futuro-de-la-construccion\/wp-json\/wp\/v2\/comments?post=60"}],"version-history":[{"count":0,"href":"https:\/\/blogs.autodesk.com\/futuro-de-la-construccion\/wp-json\/wp\/v2\/pages\/60\/revisions"}],"wp:attachment":[{"href":"https:\/\/blogs.autodesk.com\/futuro-de-la-construccion\/wp-json\/wp\/v2\/media?parent=60"}],"curies":[{"name":"wp","href":"https:\/\/api.w.org\/{rel}","templated":true}]}}