{"id":60,"date":"2015-11-24T17:21:03","date_gmt":"2015-11-24T23:21:03","guid":{"rendered":"https:\/\/blogs.autodesk.com\/futuro-de-la-infraestructura\/?page_id=60"},"modified":"2017-01-31T22:56:31","modified_gmt":"2017-01-31T22:56:31","slug":"acerca-del-blog-2","status":"publish","type":"page","link":"https:\/\/blogs.autodesk.com\/latam\/acerca-del-blog-2\/","title":{"rendered":"Acerca del Blog"},"content":{"rendered":"<p>El Blog de Autodesk LATAM ha sido creado para informar acerca de las tendencias en tecnolog\u00eda dentro de los siguientes sectores: Arquitectura, Ingenier\u00eda y Construcci\u00f3n \/ Manufactura \/ Medios y Entretenimiento, en el cu\u00e1l podr\u00e1n encontrar noticias,\u00a0informaci\u00f3n de producto, casos pr\u00e1cticos, tutoriales y actualizaciones dentro de cada industria para Latino Am\u00e9rica.<\/p>\n<p>Art\u00edculos escritos por los profesionales t\u00e9cnicos de la industria.<\/p>\n<p>&nbsp;<\/p>\n<p>&nbsp;<\/p>\n","protected":false},"excerpt":{"rendered":"<p>El Blog de Autodesk LATAM ha sido creado para informar acerca de las tendencias en tecnolog\u00eda dentro de los siguientes sectores: Arquitectura, Ingenier\u00eda y Construcci\u00f3n \/ Manufactura \/ Medios y Entretenimiento, en el cu\u00e1l podr\u00e1n encontrar noticias,\u00a0informaci\u00f3n de producto, casos pr\u00e1cticos, tutoriales y actualizaciones dentro de cada industria para Latino Am\u00e9rica.<\/p>\n","protected":false},"author":3506,"featured_media":0,"parent":0,"menu_order":0,"comment_status":"closed","ping_status":"closed","template":"","meta":{"_acf_changed":false,"inline_featured_image":false,"footnotes":""},"class_list":["post-60","page","type-page","status-publish","hentry"],"acf":[],"_links":{"self":[{"href":"https:\/\/blogs.autodesk.com\/latam\/wp-json\/wp\/v2\/pages\/60","targetHints":{"allow":["GET"]}}],"collection":[{"href":"https:\/\/blogs.autodesk.com\/latam\/wp-json\/wp\/v2\/pages"}],"about":[{"href":"https:\/\/blogs.autodesk.com\/latam\/wp-json\/wp\/v2\/types\/page"}],"author":[{"embeddable":true,"href":"https:\/\/blogs.autodesk.com\/latam\/wp-json\/wp\/v2\/users\/3506"}],"replies":[{"embeddable":true,"href":"https:\/\/blogs.autodesk.com\/latam\/wp-json\/wp\/v2\/comments?post=60"}],"version-history":[{"count":0,"href":"https:\/\/blogs.autodesk.com\/latam\/wp-json\/wp\/v2\/pages\/60\/revisions"}],"wp:attachment":[{"href":"https:\/\/blogs.autodesk.com\/latam\/wp-json\/wp\/v2\/media?parent=60"}],"curies":[{"name":"wp","href":"https:\/\/api.w.org\/{rel}","templated":true}]}}